{"id":17886,"date":"2026-03-13T20:38:32","date_gmt":"2026-03-13T20:38:32","guid":{"rendered":"https:\/\/clinicalaserdepiel.com.co\/esp\/?page_id=17886"},"modified":"2026-03-13T20:42:25","modified_gmt":"2026-03-13T20:42:25","slug":"gracias","status":"publish","type":"page","link":"https:\/\/clinicalaserdepiel.com.co\/esp\/gracias","title":{"rendered":"gracias"},"content":{"rendered":"<section class=\"wpb-content-wrapper\"><p>[vc_row content_aligment=&#8221;right&#8221; el_class=&#8221;cabecera&#8221;][vc_column][vc_column_text]<\/p>\n<h1 class=\"titulo__rosado__grande\">Gracias<\/h1>\n<p>[\/vc_column_text][\/vc_column][\/vc_row][vc_row css=&#8221;.vc_custom_1583533091604{padding-top: 5% !important;padding-bottom: 6% !important;}&#8221; el_id=&#8221;rowContainer&#8221;][vc_column][vc_column_text]<\/p>\n<div class=\"container\">\n<div class=\"row\">\n<div class=\" borderbottom span12\">\n<div class=\"row\">\n<div class=\"span8\">\n<div class=\"\">\n<div class=\"columnheadlineabout\"><\/div>\n<h2 style=\"margin: 15px 0px !important; text-align: left;\"><span style=\"color: #7261a9;\">\u00a1Gracias por contactarnos!<\/span><\/h2>\n<p>Hemos recibido tu informaci\u00f3n correctamente.<br \/>\nUno de nuestros ejecutivos se comunicar\u00e1 contigo en las pr\u00f3ximas horas para brindarte la informaci\u00f3n solicitada.<\/p>\n<p><strong>Agradecemos tu inter\u00e9s en nuestros servicios.<\/strong><\/p>\n<\/div>\n<\/div>\n<\/div>\n<\/div>\n<\/div>\n<\/div>\n<p>[\/vc_column_text][vc_empty_space][\/vc_column][\/vc_row]<\/p>\n<\/section>","protected":false},"excerpt":{"rendered":"<p>[vc_row content_aligment=&#8221;right&#8221; el_class=&#8221;cabecera&#8221;][vc_column][vc_column_text] Gracias [\/vc_column_text][\/vc_column][\/vc_row][vc_row css=&#8221;.vc_custom_1583533091604{padding-top: 5% !important;padding-bottom: 6% !important;}&#8221; el_id=&#8221;rowContainer&#8221;][vc_column][vc_column_text] \u00a1Gracias por contactarnos! Hemos recibido tu informaci\u00f3n correctamente. Uno de nuestros ejecutivos se comunicar\u00e1 contigo en las pr\u00f3ximas horas para brindarte la informaci\u00f3n solicitada. Agradecemos tu inter\u00e9s en nuestros servicios. [\/vc_column_text][vc_empty_space][\/vc_column][\/vc_row]<\/p>\n","protected":false},"author":4,"featured_media":0,"parent":0,"menu_order":0,"comment_status":"closed","ping_status":"closed","template":"","meta":{"footnotes":""},"class_list":["post-17886","page","type-page","status-publish","hentry"],"_links":{"self":[{"href":"https:\/\/clinicalaserdepiel.com.co\/esp\/wp-json\/wp\/v2\/pages\/17886"}],"collection":[{"href":"https:\/\/clinicalaserdepiel.com.co\/esp\/wp-json\/wp\/v2\/pages"}],"about":[{"href":"https:\/\/clinicalaserdepiel.com.co\/esp\/wp-json\/wp\/v2\/types\/page"}],"author":[{"embeddable":true,"href":"https:\/\/clinicalaserdepiel.com.co\/esp\/wp-json\/wp\/v2\/users\/4"}],"replies":[{"embeddable":true,"href":"https:\/\/clinicalaserdepiel.com.co\/esp\/wp-json\/wp\/v2\/comments?post=17886"}],"version-history":[{"count":3,"href":"https:\/\/clinicalaserdepiel.com.co\/esp\/wp-json\/wp\/v2\/pages\/17886\/revisions"}],"predecessor-version":[{"id":17890,"href":"https:\/\/clinicalaserdepiel.com.co\/esp\/wp-json\/wp\/v2\/pages\/17886\/revisions\/17890"}],"wp:attachment":[{"href":"https:\/\/clinicalaserdepiel.com.co\/esp\/wp-json\/wp\/v2\/media?parent=17886"}],"curies":[{"name":"wp","href":"https:\/\/api.w.org\/{rel}","templated":true}]}}