{"id":14252,"date":"2020-01-21T17:20:46","date_gmt":"2020-01-21T17:20:46","guid":{"rendered":"https:\/\/www.imaginatio.com.co\/MX3\/CLP\/?page_id=14252"},"modified":"2022-05-25T19:11:35","modified_gmt":"2022-05-25T19:11:35","slug":"rejuvenecimiento-epidermico-rna","status":"publish","type":"page","link":"https:\/\/clinicalaserdepiel.com.co\/esp\/tratamientos\/rejuvenecimiento-rostro-y-cuello\/rejuvenecimiento-epidermico-rna","title":{"rendered":"Rejuvenecimiento Epidermico RNA 1"},"content":{"rendered":"<section class=\"wpb-content-wrapper\"><p>[vc_row content_aligment=&#8221;center&#8221; el_class=&#8221;cabecera&#8221;][vc_column][vc_column_text]<\/p>\n<h1 class=\"titulo__rosado__grande\"><strong>Rejuvenecimiento facial<\/strong> epid\u00e9rmico con l\u00e1ser (RNA), sin incapacidad.<\/h1>\n<p>[\/vc_column_text][\/vc_column][\/vc_row][vc_row el_id=&#8221;rowContainer&#8221;][vc_column width=&#8221;3\/4&#8243;][vc_empty_space][vc_row_inner][vc_column_inner width=&#8221;1\/3&#8243;][vc_single_image image=&#8221;15599&#8243; img_size=&#8221;full&#8221; el_class=&#8221;imagenes-cpl&#8221;][\/vc_column_inner][vc_column_inner width=&#8221;2\/3&#8243;][vc_column_text]Si est\u00e1 preocupada por manchas, venitas, arrugas y fotoenvejecimiento del rostro, y no quiere someterse a una cirug\u00eda:\u00a0El <strong>Rejuvenecimiento facial<\/strong> epid\u00e9rmico <strong>con l\u00e1ser<\/strong> es la soluci\u00f3n.<\/p>\n<p>El tratamiento de <strong>rejuvenecimiento facial con l\u00e1ser<\/strong> permite la remoci\u00f3n de pecas y lentigos solares, venitas y rojo difuso.\u00a0 Tambi\u00e9n mejora discrom\u00edas, fotoda\u00f1o, poros abiertos y arrugas finas.<\/p>\n<p>Cl\u00ednica Laser de Piel cuenta con m\u00e1s de 5 l\u00e1seres para <strong>rejuvenecimiento facial epid\u00e9rmico<\/strong>, logrando as\u00ed remover pecas, lentigos, queratosis, discrom\u00edas, venitas en cara, cuello, escote y manos dando paso a una piel m\u00e1s joven y bella sin incapacidad.[\/vc_column_text][vc_column_text]<\/p>\n<h3>\u00bfEn qu\u00e9 consiste el tratamiento de <strong>rejuvenecimiento facial con l\u00e1ser<\/strong>?<\/h3>\n<p>El tratamiento de <strong>rejuvenecimiento facial con l\u00e1ser<\/strong> consiste en la aplicaci\u00f3n de\u00a0l\u00e1seres\u00a0en la piel mediante dos etapas: la primera de ellas para remover venitas y pigmentos y la segunda, para tratar discrom\u00edas, lograr un tono m\u00e1s uniforme de la piel y estimular la generaci\u00f3n de nuevo col\u00e1geno.<\/p>\n<p>De esta forma, el <strong>rejuvenecimiento facial<\/strong> se da al reconstruir la piel desde adentro hacia fuera, mediante la estimulaci\u00f3n de una prote\u00edna responsable de la\u00a0generaci\u00f3n del col\u00e1geno.<\/p>\n<p>El\u00a0procedimiento de <strong>rejuvenecimiento facial con l\u00e1ser<\/strong> es sencillo, no requiere anestesia ni incapacidad, el paciente puede maquillarse inmediatamente despu\u00e9s de finalizado y seguir su vida normal.[\/vc_column_text][\/vc_column_inner][\/vc_row_inner][vc_row_inner][vc_column_inner][vc_column_text]<\/p>\n<h3>\u00bfEl procedimiento de <strong>rejuvenecimiento facial con l\u00e1ser<\/strong> es doloroso?<\/h3>\n<p>El procedimiento\u00a0es tolerable, genera una molestia, la cual puede ser reducida mediante la aplicaci\u00f3n de una crema anest\u00e9sica t\u00f3pica.<\/p>\n<p>Los cuidados post-l\u00e1ser son m\u00ednimos como abolir la exposici\u00f3n al sol durante los d\u00edas posteriores y usar un bloqueador solar de acuerdo al tipo de piel.<\/p>\n<p>El procedimiento de <strong>rejuvenecimiento con l\u00e1ser<\/strong> se puede realizar\u00a0no solamente en el rostro\u00a0sino tambi\u00e9n en cualquier \u00e1rea del cuerpo como el cuello, escote y manos, donde es dif\u00edcil un procedimiento de cirug\u00eda pl\u00e1stica.[\/vc_column_text][\/vc_column_inner][\/vc_row_inner][vc_row_inner][vc_column_inner][vc_column_text]<\/p>\n<h2>\u00a1Luce m\u00e1s bella y joven sin cirug\u00eda! con el procedimiento de <strong>rejuvenecimiento facial con l\u00e1ser <\/strong><\/h2>\n<h3>\u00bfQu\u00e9 puedo esperar del tratamiento de <strong>rejuvenecimiento facial con l\u00e1ser<\/strong>?<\/h3>\n<p>Los resultados con este tratamiento de <strong>rejuvenecimiento facial con l\u00e1ser<\/strong> permiten una mejor textura, color y es especial para problemas de poros abiertos, dando paso a una piel m\u00e1s joven y tersa.<\/p>\n<p>En la remoci\u00f3n de pecas, pueden aparecer los d\u00edas posteriores al procedimiento, micro costras puntuales, las cuales desaparecen a los pocos d\u00edas haciendo que los resultados se vean r\u00e1pidamente.<\/p>\n<p>Las venitas en cara responden muy bien a los l\u00e1seres de ondas cortas y la duraci\u00f3n\u00a0 de los resultados es buena, al paso que las venitas en alas nasales pueden volver a reabrirse con el tiempo, para lo cual se recomienda mantenimiento.<\/p>\n<p>En la reducci\u00f3n de reducci\u00f3n de arrugas leves los resultados del tratamiento de <strong>rejuvenecimiento facial con l\u00e1ser<\/strong> se ven a partir de la tercera o cuarta sesi\u00f3n aproximadamente. En algunos casos puede generar unos punticos rojos o p\u00farpura suave que desaparecen r\u00e1pidamente.<\/p>\n<p>Cl\u00ednica L\u00e1ser de Piel cuenta con tecnolog\u00eda l\u00e1ser, para rejuvenecimiento en rostro, cuello, escote y manos con resultados \u00f3ptimos.[\/vc_column_text][\/vc_column_inner][\/vc_row_inner][vc_row_inner][vc_column_inner][vc_column_text]<\/p>\n<h3>\u00bfPor qu\u00e9 \u00e9ste\u00a0tratamiento\u00a0de <strong>rejuvenecimiento facial con l\u00e1ser<\/strong> es diferente?<\/h3>\n<p>A diferencia de otros\u00a0l\u00e1seres de tipo ablativo\u00a0que evaporan \u00a0la superficie de la piel y pueden generar mala cicatrizaci\u00f3n y riesgos de manchas, este l\u00e1ser no ablativo trata la epidermis o capa superficial de la piel sin da\u00f1arla y act\u00faa sobre esta capa con resultados visibles.<\/p>\n<p>Usted puede maquillarse despu\u00e9s del tratamiento y retornar a su trabajo. \u00a1As\u00ed de sencillo!<\/p>\n<p>Es completamente seguro y ha sido\u00a0aprobado por la FDA\u00a0de Estados Unidos como el primer l\u00e1ser para reducci\u00f3n de arrugas, sin incapacidad.<\/p>\n<p>El tratamiento de <strong>rejuvenecimiento facial con l\u00e1ser<\/strong> se puede combinar con l\u00e1seres fraccionados o con Tit\u00e1n para mejorar arrugas profundas con fotoenvejecimiento severo y flacidez facial.\u00a0<em><a href=\"https:\/\/clinicalaserdepiel.com.co\/esp\/tratamientos\/rejuvenecimiento-rostro-y-cuello\/rejuvenecimiento-con-el-laser-fraccionado-para-arrugas-moderadas-a-severas-y-cicatrices\/\"><u>Conozca tratamiento aqu\u00ed<\/u><\/a><\/em><\/p>\n<p>Cl\u00ednica L\u00e1ser de Piel, con sedes en Bogot\u00e1, Medell\u00edn, Cali y Barranquilla, realiza tratamientos personalizados sin cirug\u00eda para <strong>rejuvenecimiento con l\u00e1ser<\/strong> en cara y cuello para combatir los signos del envejecimiento.[\/vc_column_text][\/vc_column_inner][\/vc_row_inner][\/vc_column][vc_column width=&#8221;1\/4&#8243;][vc_empty_space][vc_column_text]<\/p>\n<h2 class=\"titulos\">ANTES Y DESPU\u00c9S<\/h2>\n<p>[\/vc_column_text][vc_empty_space][vc_column_text]<div class=\"ich-prefix grid-rel\">\r\n    <div class=\"grid grid-pad wcp-fgg-wrap  ich-main-1931\">\r\n                    <div class=\"mason-item col-1-1\" id=\"ich-14265-0\">\r\n                <div     class=\"wcp-caption-plugin \"\r\n    ontouchstart=\"\"\r\n    id=\"wcp-widget-14265-0\">\r\n        <a rel=\"prettyPhoto[14265]\" href=\"https:\/\/clinicalaserdepiel.com.co\/esp\/wp-content\/uploads\/2021\/08\/RNA-1.jpg\" target=\"_blank\">            <div class=\"image-caption-box\">\r\n                <div class=\"caption zoom-and-pan\">\r\n                    <div class=\"as-tble\">\r\n                                    <div class=\"centered-text\">\r\n                <h2 style=\"text-transform: uppercase; color: #e6d9ca; text-align: center; position: relative; font-size: 24px; margin: 10px;\">Rejuvenecimiento Epid\u00e9rmico (RNA)<\/h2>\r\n<p style=\"font-size: 14px; color: #fff; text-align: center; margin: 0 !important;\">- Pecas - Antes y despu\u00e9s -<\/p>\r\n            <\/div>\r\n                            <\/div>\r\n                <\/div>\r\n                <img decoding=\"async\" class=\"wcp-caption-image\"\r\n                    src=\"https:\/\/clinicalaserdepiel.com.co\/esp\/wp-content\/uploads\/2021\/08\/RNA-1.jpg\"\r\n                    title=\"\"\r\n                    alt=\"\"\/>\r\n            <\/div>\r\n\r\n        <\/a><\/div>    <style>\r\n                    #ich-14265-0 {\r\n                padding-right: 10px;\r\n                padding-bottom: 10px;\r\n            }\r\n                #ich-14265-0 .wcp-caption-plugin {\r\n            border-width: ;\r\n            border-style: ;\r\n            border-color: ;\r\n            border-radius: ;\r\n            box-shadow: ;\r\n            width: 100%;\r\n            height: auto;\r\n            margin: 0;\r\n        }\r\n        #ich-14265-0 .caption {\r\n            border-radius: ;\r\n            background-color: #d489aa;\r\n            color: #ffffff !important;\r\n            -webkit-transition-duration: ; \/* Safari *\/\r\n            transition-duration: ;\r\n            height: 100%;\r\n            top: ;\r\n            bottom: ;\r\n        }\r\n        #ich-14265-0 .caption .centered-text {\r\n            text-align: auto;\r\n        }\r\n        #ich-14265-0 .caption .centered-text * {\r\n            color: #ffffff !important;\r\n        }\r\n        #ich-14265-0 .wcp-caption-image {\r\n            -webkit-transition-duration: ;\r\n            transition-duration: ;\r\n            border-radius: ;\r\n            height: ;\r\n            width: ;\r\n        }\r\n    <\/style>                \r\n            <\/div>\r\n                    <div class=\"mason-item col-1-1\" id=\"ich-14265-1\">\r\n                <div     class=\"wcp-caption-plugin \"\r\n    ontouchstart=\"\"\r\n    id=\"wcp-widget-14265-1\">\r\n        <a rel=\"prettyPhoto[14265]\" href=\"https:\/\/clinicalaserdepiel.com.co\/esp\/wp-content\/uploads\/2021\/08\/RNA-2.jpg\" target=\"_blank\">            <div class=\"image-caption-box\">\r\n                <div class=\"caption zoom-and-pan\">\r\n                    <div class=\"as-tble\">\r\n                                    <div class=\"centered-text\">\r\n                <h2 style=\"text-transform: uppercase; color: #e6d9ca; text-align: center; position: relative; font-size: 24px; margin: 10px;\">Rejuvenecimiento Epid\u00e9rmico (RNA)<\/h2>\r\n<p style=\"font-size: 14px; color: #fff; text-align: center; margin: 0 !important;\">- Pecas - Antes y despu\u00e9s -<\/p>\r\n            <\/div>\r\n                            <\/div>\r\n                <\/div>\r\n                <img decoding=\"async\" class=\"wcp-caption-image\"\r\n                    src=\"https:\/\/clinicalaserdepiel.com.co\/esp\/wp-content\/uploads\/2021\/08\/RNA-2.jpg\"\r\n                    title=\"\"\r\n                    alt=\"\"\/>\r\n            <\/div>\r\n\r\n        <\/a><\/div>    <style>\r\n                    #ich-14265-1 {\r\n                padding-right: 10px;\r\n                padding-bottom: 10px;\r\n            }\r\n                #ich-14265-1 .wcp-caption-plugin {\r\n            border-width: ;\r\n            border-style: ;\r\n            border-color: ;\r\n            border-radius: ;\r\n            box-shadow: ;\r\n            width: 100%;\r\n            height: auto;\r\n            margin: 0;\r\n        }\r\n        #ich-14265-1 .caption {\r\n            border-radius: ;\r\n            background-color: #d489aa;\r\n            color: #ffffff !important;\r\n            -webkit-transition-duration: ; \/* Safari *\/\r\n            transition-duration: ;\r\n            height: 100%;\r\n            top: ;\r\n            bottom: ;\r\n        }\r\n        #ich-14265-1 .caption .centered-text {\r\n            text-align: auto;\r\n        }\r\n        #ich-14265-1 .caption .centered-text * {\r\n            color: #ffffff !important;\r\n        }\r\n        #ich-14265-1 .wcp-caption-image {\r\n            -webkit-transition-duration: ;\r\n            transition-duration: ;\r\n            border-radius: ;\r\n            height: ;\r\n            width: ;\r\n        }\r\n    <\/style>                \r\n            <\/div>\r\n                    <div class=\"mason-item col-1-1\" id=\"ich-14265-2\">\r\n                <div     class=\"wcp-caption-plugin \"\r\n    ontouchstart=\"\"\r\n    id=\"wcp-widget-14265-2\">\r\n        <a rel=\"prettyPhoto[14265]\" href=\"https:\/\/clinicalaserdepiel.com.co\/esp\/wp-content\/uploads\/2021\/08\/RNA-3.jpg\" target=\"_blank\">            <div class=\"image-caption-box\">\r\n                <div class=\"caption zoom-and-pan\">\r\n                    <div class=\"as-tble\">\r\n                                    <div class=\"centered-text\">\r\n                <h2 style=\"text-transform: uppercase; color: #e6d9ca; text-align: center; position: relative; font-size: 24px; margin: 10px;\">Rejuvenecimiento Epid\u00e9rmico (RNA)<\/h2>\r\n<p style=\"font-size: 14px; color: #fff; text-align: center; margin: 0 !important;\">- Pecas - Antes y despu\u00e9s -<\/p>\r\n            <\/div>\r\n                            <\/div>\r\n                <\/div>\r\n                <img decoding=\"async\" class=\"wcp-caption-image\"\r\n                    src=\"https:\/\/clinicalaserdepiel.com.co\/esp\/wp-content\/uploads\/2021\/08\/RNA-3.jpg\"\r\n                    title=\"\"\r\n                    alt=\"\"\/>\r\n            <\/div>\r\n\r\n        <\/a><\/div>    <style>\r\n                    #ich-14265-2 {\r\n                padding-right: 10px;\r\n                padding-bottom: 10px;\r\n            }\r\n                #ich-14265-2 .wcp-caption-plugin {\r\n            border-width: ;\r\n            border-style: ;\r\n            border-color: ;\r\n            border-radius: ;\r\n            box-shadow: ;\r\n            width: 100%;\r\n            height: auto;\r\n            margin: 0;\r\n        }\r\n        #ich-14265-2 .caption {\r\n            border-radius: ;\r\n            background-color: #d489aa;\r\n            color: #ffffff !important;\r\n            -webkit-transition-duration: ; \/* Safari *\/\r\n            transition-duration: ;\r\n            height: 100%;\r\n            top: ;\r\n            bottom: ;\r\n        }\r\n        #ich-14265-2 .caption .centered-text {\r\n            text-align: auto;\r\n        }\r\n        #ich-14265-2 .caption .centered-text * {\r\n            color: #ffffff !important;\r\n        }\r\n        #ich-14265-2 .wcp-caption-image {\r\n            -webkit-transition-duration: ;\r\n            transition-duration: ;\r\n            border-radius: ;\r\n            height: ;\r\n            width: ;\r\n        }\r\n    <\/style>                \r\n            <\/div>\r\n                    <div class=\"mason-item col-1-1\" id=\"ich-14265-3\">\r\n                <div     class=\"wcp-caption-plugin \"\r\n    ontouchstart=\"\"\r\n    id=\"wcp-widget-14265-3\">\r\n        <a rel=\"prettyPhoto[14265]\" href=\"https:\/\/clinicalaserdepiel.com.co\/esp\/wp-content\/uploads\/2021\/08\/RNA-4.jpg\" target=\"_blank\">            <div class=\"image-caption-box\">\r\n                <div class=\"caption zoom-and-pan\">\r\n                    <div class=\"as-tble\">\r\n                                    <div class=\"centered-text\">\r\n                <h2 style=\"text-transform: uppercase; color: #e6d9ca; text-align: center; position: relative; font-size: 24px; margin: 10px;\">Rejuvenecimiento Epid\u00e9rmico (RNA)<\/h2>\r\n<p style=\"font-size: 14px; color: #fff; text-align: center; margin: 0 !important;\">- Pecas - Antes y despu\u00e9s -<\/p>\r\n            <\/div>\r\n                            <\/div>\r\n                <\/div>\r\n                <img decoding=\"async\" class=\"wcp-caption-image\"\r\n                    src=\"\"\r\n                    title=\"\"\r\n                    alt=\"\"\/>\r\n            <\/div>\r\n\r\n        <\/a><\/div>    <style>\r\n                    #ich-14265-3 {\r\n                padding-right: 10px;\r\n                padding-bottom: 10px;\r\n            }\r\n                #ich-14265-3 .wcp-caption-plugin {\r\n            border-width: ;\r\n            border-style: ;\r\n            border-color: ;\r\n            border-radius: ;\r\n            box-shadow: ;\r\n            width: 100%;\r\n            height: auto;\r\n            margin: 0;\r\n        }\r\n        #ich-14265-3 .caption {\r\n            border-radius: ;\r\n            background-color: #d489aa;\r\n            color: #ffffff !important;\r\n            -webkit-transition-duration: ; \/* Safari *\/\r\n            transition-duration: ;\r\n            height: 100%;\r\n            top: ;\r\n            bottom: ;\r\n        }\r\n        #ich-14265-3 .caption .centered-text {\r\n            text-align: auto;\r\n        }\r\n        #ich-14265-3 .caption .centered-text * {\r\n            color: #ffffff !important;\r\n        }\r\n        #ich-14265-3 .wcp-caption-image {\r\n            -webkit-transition-duration: ;\r\n            transition-duration: ;\r\n            border-radius: ;\r\n            height: ;\r\n            width: ;\r\n        }\r\n    <\/style>                \r\n            <\/div>\r\n            <\/div>\r\n<\/div>\r\n<style>\r\n    .ich-main-1931 {\r\n        padding-top: 10px;padding-left: 10px;padding-right: 0px;    }\r\n<\/style>\r\n<div class=\"clearfix\"><\/div>\r\n\r\n[\/vc_column_text][vc_empty_space]\n<div class=\"wpcf7 no-js\" id=\"wpcf7-f14168-o1\" lang=\"es-CO\" dir=\"ltr\">\n<div class=\"screen-reader-response\"><p role=\"status\" aria-live=\"polite\" aria-atomic=\"true\"><\/p> <ul><\/ul><\/div>\n<form action=\"\/esp\/wp-json\/wp\/v2\/pages\/14252#wpcf7-f14168-o1\" method=\"post\" class=\"wpcf7-form init\" aria-label=\"Formulario de contacto\" novalidate=\"novalidate\" data-status=\"init\">\n<div style=\"display: none;\">\n<input type=\"hidden\" name=\"_wpcf7\" value=\"14168\" \/>\n<input type=\"hidden\" name=\"_wpcf7_version\" value=\"5.9.8\" \/>\n<input type=\"hidden\" name=\"_wpcf7_locale\" value=\"es_CO\" \/>\n<input type=\"hidden\" name=\"_wpcf7_unit_tag\" value=\"wpcf7-f14168-o1\" \/>\n<input type=\"hidden\" name=\"_wpcf7_container_post\" value=\"0\" \/>\n<input type=\"hidden\" name=\"_wpcf7_posted_data_hash\" value=\"\" \/>\n<input type=\"hidden\" name=\"_wpcf7_recaptcha_response\" value=\"\" \/>\n<\/div>\n<h2 class=\"titulos\" style=\"line-height:4vh; text-align:center; color:rgb(59 72 147)!important;\">\u00bfTiene preguntas? Cont\u00e1ctenos\n<\/h2>\n<div class=\"form__container\">\n\t<div class=\"form__home__group\">\n\t\t<p><label> \u00bfEres paciente de Cl\u00ednica L\u00e1ser de Piel Colombia?<\/label><br \/>\n<span class=\"wpcf7-form-control-wrap\" data-name=\"radio-230\"><span class=\"wpcf7-form-control wpcf7-radio\"><span class=\"wpcf7-list-item first\"><input type=\"radio\" name=\"radio-230\" value=\"Si\" checked=\"checked\" \/><span class=\"wpcf7-list-item-label\">Si<\/span><\/span><span class=\"wpcf7-list-item last\"><input type=\"radio\" name=\"radio-230\" value=\"No\" \/><span class=\"wpcf7-list-item-label\">No<\/span><\/span><\/span><\/span>\n\t\t<\/p>\n\t<\/div>\n\t<div class=\"form__home__group\">\n\t\t<p><span class=\"wpcf7-form-control-wrap\" data-name=\"your-name\"><input size=\"40\" maxlength=\"400\" class=\"wpcf7-form-control wpcf7-text wpcf7-validates-as-required\" aria-required=\"true\" aria-invalid=\"false\" placeholder=\"Nombres\" value=\"\" type=\"text\" name=\"your-name\" \/><\/span>\n\t\t<\/p>\n\t\t<p><span class=\"wpcf7-form-control-wrap\" data-name=\"tel-834\"><input size=\"40\" maxlength=\"400\" class=\"wpcf7-form-control wpcf7-tel wpcf7-validates-as-required wpcf7-text wpcf7-validates-as-tel\" aria-required=\"true\" aria-invalid=\"false\" placeholder=\"Tel\u00e9fono\" value=\"\" type=\"tel\" name=\"tel-834\" \/><\/span>\n\t\t<\/p>\n\t<\/div>\n\t<div class=\"form__home__group\">\n\t\t<p><span class=\"wpcf7-form-control-wrap\" data-name=\"your-email\"><input size=\"40\" maxlength=\"400\" class=\"wpcf7-form-control wpcf7-email wpcf7-validates-as-required wpcf7-text wpcf7-validates-as-email\" aria-required=\"true\" aria-invalid=\"false\" placeholder=\"Correo\" value=\"\" type=\"email\" name=\"your-email\" \/><\/span>\n\t\t<\/p>\n\t<\/div>\n\t<div class=\"form__home__group\">\n\t\t<p><span class=\"wpcf7-form-control-wrap\" data-name=\"ciudad\"><select class=\"wpcf7-form-control wpcf7-select wpcf7-validates-as-required placeholder-style\" aria-required=\"true\" aria-invalid=\"false\" name=\"ciudad\"><option value=\"\">\u00bfEn qu\u00e9 ciudad desea recibir atenci\u00f3n presencial?<\/option><option value=\"Bogot\u00e1\">Bogot\u00e1<\/option><option value=\"Medell\u00edn\">Medell\u00edn<\/option><option value=\"Cali\">Cali<\/option><option value=\"Barranquilla\">Barranquilla<\/option><\/select><\/span>\n\t\t<\/p>\n\t<\/div>\n\t<div class=\"form__home__group\">\n\t\t<p><span class=\"wpcf7-form-control-wrap\" data-name=\"tratamiento\"><select class=\"wpcf7-form-control wpcf7-select wpcf7-validates-as-required\" aria-required=\"true\" aria-invalid=\"false\" name=\"tratamiento\"><option value=\"\">Tratamiento de inter\u00e9s<\/option><option value=\"Acn\u00e9 activo\">Acn\u00e9 activo<\/option><option value=\"Bolsas en ojos\">Bolsas en ojos<\/option><option value=\"Cicatrices\">Cicatrices<\/option><option value=\"Depilaci\u00f3n l\u00e1ser\">Depilaci\u00f3n l\u00e1ser<\/option><option value=\"Estr\u00edas\">Estr\u00edas<\/option><option value=\"Hiperpigmentaci\u00f3n labial\">Hiperpigmentaci\u00f3n labial<\/option><option value=\"Lifting facial\">Lifting facial<\/option><option value=\"Pecas, manchas y melasma\">Pecas, manchas y melasma<\/option><option value=\"Moldeamiento corporal, reducci\u00f3n de medidas, celulitis\">Moldeamiento corporal, reducci\u00f3n de medidas, celulitis<\/option><option value=\"Rejuvenecimiento facial\">Rejuvenecimiento facial<\/option><option value=\"Remoci\u00f3n de tatuajes\">Remoci\u00f3n de tatuajes<\/option><option value=\"Venas en piernas\">Venas en piernas<\/option><option value=\"Otro\">Otro<\/option><\/select><\/span>\n\t\t<\/p>\n\t<\/div>\n<\/div>\n<div class=\"form__home__group__no__flex\">\n\t<p><span class=\"wpcf7-form-control-wrap\" data-name=\"your-message\"><textarea cols=\"40\" rows=\"10\" maxlength=\"2000\" class=\"wpcf7-form-control wpcf7-textarea\" aria-invalid=\"false\" placeholder=\"Mensaje\" name=\"your-message\"><\/textarea><\/span>\n\t<\/p>\n<\/div>\n<div class=\"form__home__group__no__flex\">\n\t<p class=\"parrafos\" style=\"font-size:12px;line-height:16px;text-align: justify;\">De manera voluntaria, expl\u00edcita, informada e inequ\u00edvoca, autorizo a Cl\u00ednica L\u00e1ser de Piel para tratar mis datos personales, de acuerdo con lo dispuesto en los art\u00edculos 5, 7 y concordantes del Decreto 1377 de 2013 y las dem\u00e1s disposiciones legales referentes al tema. Para mayor informaci\u00f3n acerca del manejo de tus datos personales, puedes revisar nuestra <label><a href=\"https:\/\/clinicalaserdepiel.com.co\/esp\/publicaciones\/politica-de-manejo-de-datos\" target=\"_blank\" style=\"border-bottom:1px solid #171775;\"> pol\u00edtica de tratamiento de datos.<\/a><\/label>\n\t<\/p>\n<\/div>\n<div style=\"display: flex; justify-content: center;\">\n\t<p><input class=\"wpcf7-form-control wpcf7-submit has-spinner\" type=\"submit\" value=\"Enviar\" \/>\n\t<\/p>\n<\/div>\n\n<p style=\"display: none !important;\" class=\"akismet-fields-container\" data-prefix=\"_wpcf7_ak_\"><label>&#916;<textarea name=\"_wpcf7_ak_hp_textarea\" cols=\"45\" rows=\"8\" maxlength=\"100\"><\/textarea><\/label><input type=\"hidden\" id=\"ak_js_1\" name=\"_wpcf7_ak_js\" value=\"61\"\/><script>document.getElementById( \"ak_js_1\" ).setAttribute( \"value\", ( new Date() ).getTime() );<\/script><\/p><div class=\"wpcf7-response-output\" aria-hidden=\"true\"><\/div>\n<\/form>\n<\/div>\n[\/vc_column][\/vc_row]<\/p>\n<\/section>","protected":false},"excerpt":{"rendered":"<p>[vc_row content_aligment=&#8221;center&#8221; el_class=&#8221;cabecera&#8221;][vc_column][vc_column_text] Rejuvenecimiento facial epid\u00e9rmico con l\u00e1ser (RNA), sin incapacidad. [\/vc_column_text][\/vc_column][\/vc_row][vc_row el_id=&#8221;rowContainer&#8221;][vc_column width=&#8221;3\/4&#8243;][vc_empty_space][vc_row_inner][vc_column_inner width=&#8221;1\/3&#8243;][vc_single_image image=&#8221;15599&#8243; img_size=&#8221;full&#8221; el_class=&#8221;imagenes-cpl&#8221;][\/vc_column_inner][vc_column_inner width=&#8221;2\/3&#8243;][vc_column_text]Si est\u00e1 preocupada por manchas, venitas, arrugas y fotoenvejecimiento del rostro, y no quiere someterse a una cirug\u00eda:\u00a0El Rejuvenecimiento facial epid\u00e9rmico con l\u00e1ser es la soluci\u00f3n. El&#8230;<\/p>\n","protected":false},"author":1,"featured_media":0,"parent":13469,"menu_order":0,"comment_status":"closed","ping_status":"closed","template":"","meta":{"footnotes":""},"class_list":["post-14252","page","type-page","status-publish","hentry"],"_links":{"self":[{"href":"https:\/\/clinicalaserdepiel.com.co\/esp\/wp-json\/wp\/v2\/pages\/14252"}],"collection":[{"href":"https:\/\/clinicalaserdepiel.com.co\/esp\/wp-json\/wp\/v2\/pages"}],"about":[{"href":"https:\/\/clinicalaserdepiel.com.co\/esp\/wp-json\/wp\/v2\/types\/page"}],"author":[{"embeddable":true,"href":"https:\/\/clinicalaserdepiel.com.co\/esp\/wp-json\/wp\/v2\/users\/1"}],"replies":[{"embeddable":true,"href":"https:\/\/clinicalaserdepiel.com.co\/esp\/wp-json\/wp\/v2\/comments?post=14252"}],"version-history":[{"count":0,"href":"https:\/\/clinicalaserdepiel.com.co\/esp\/wp-json\/wp\/v2\/pages\/14252\/revisions"}],"up":[{"embeddable":true,"href":"https:\/\/clinicalaserdepiel.com.co\/esp\/wp-json\/wp\/v2\/pages\/13469"}],"wp:attachment":[{"href":"https:\/\/clinicalaserdepiel.com.co\/esp\/wp-json\/wp\/v2\/media?parent=14252"}],"curies":[{"name":"wp","href":"https:\/\/api.w.org\/{rel}","templated":true}]}}