{"id":13513,"date":"2019-06-14T17:43:39","date_gmt":"2019-06-14T17:43:39","guid":{"rendered":"https:\/\/www.imaginatio.com.co\/MX3\/CLP\/?page_id=13513"},"modified":"2022-04-19T16:41:01","modified_gmt":"2022-04-19T16:41:01","slug":"psoriasis-con-laser","status":"publish","type":"page","link":"https:\/\/clinicalaserdepiel.com.co\/esp\/tratamientos\/psoriasis-con-laser","title":{"rendered":"Psoriasis con L\u00e1ser"},"content":{"rendered":"<section class=\"wpb-content-wrapper\"><p>[vc_row content_aligment=&#8221;center&#8221; el_class=&#8221;cabecera&#8221;][vc_column][vc_column_text]<\/p>\n<h1 class=\"titulo__rosado__grande\">Tratamiento l\u00e1ser para la psoriasis<\/h1>\n<p>[\/vc_column_text][\/vc_column][\/vc_row][vc_row el_id=&#8221;rowContainer&#8221;][vc_column width=&#8221;3\/4&#8243;][vc_empty_space][vc_row_inner][vc_column_inner width=&#8221;1\/3&#8243;][vc_single_image image=&#8221;15865&#8243; img_size=&#8221;full&#8221; el_class=&#8221;imagenes-cpl&#8221;][\/vc_column_inner][vc_column_inner width=&#8221;2\/3&#8243;][vc_column_text]La <strong>psoriasis<\/strong>\u00a0es una\u00a0enfermedad\u00a0cr\u00f3nica de la piel caracterizada por enrojecimiento,\u00a0piel escamosa\u00a0y engrosamiento de la epidermis.<\/p>\n<p>En una piel normal los queratinocitos de la epidermis se renuevan cada 28 a 30 d\u00edas, en una piel con Psoriasis esto se produce cada 3 o 4 d\u00edas lo que da apariencia de\u00a0piel tipo milhoja, con varias capas.<\/p>\n<p>De acuerdo con las investigaciones la naturaleza de esta enfermedad es la de ser un desorden inmunol\u00f3gico producido por una inflamaci\u00f3n de\u00a0c\u00e9lulas T. y excesiva reproducci\u00f3n de otras.<\/p>\n<p>Existe una\u00a0predisposici\u00f3n gen\u00e9tica, si el paciente tiene un padre que padece <strong>Psoriasis<\/strong> la posibilidad de heredar esta enfermedad es del 25%,\u00a0al paso que si los dos padres han tenido la enfermedad la posibilidad es del 50%. Es una enfermedad com\u00fan en la medida que el\u00a02% de la poblaci\u00f3n\u00a0se encuentra afectada.[\/vc_column_text][\/vc_column_inner][vc_column_inner][vc_column_text]La <strong>psoriasis<\/strong>\u00a0reduce la calidad de vida, del trabajo y financiera de quienes padecen. Tiene efectos en la familia, en la vida social del paciente y en su tiempo de descanso, as\u00ed como en las relaciones sexuales y en el bienestar f\u00edsico y emocional.<\/p>\n<p>El tiempo de cuidados diarios de un\u00a0paciente psori\u00e1tico\u00a0es de\u00a068 a 89 minutos por d\u00eda. Se usan diferentes tipos de tratamientos, como las cremas t\u00f3picas, drogas y fototerapia, o una combinaci\u00f3n de \u00e9stos.[\/vc_column_text][\/vc_column_inner][\/vc_row_inner][vc_row_inner][vc_column_inner][vc_column_text]<\/p>\n<h3>\u00bfCu\u00e1les son los tratamientos convencionales para la <strong>psoriasis<\/strong>?<\/h3>\n<p>La terapia con cremas generalmente es inefectiva, y el paciente se siente molesto aplicando \u00e9stas en forma permanente.<\/p>\n<p>El tratamiento\u00a0con drogas consiste en la\u00a0aplicaci\u00f3n de ciclosporina,\u00a0metotrexate, y acitretin, y aunque es efectivo, sin embargo, tiene los siguientes efectos adversos: alta toxicidad hep\u00e1tica, la mayor parte de los pacientes requieren de biopsias de h\u00edgado, y\u00a0es muy costoso.<\/p>\n<p>Hasta la fecha el\u00a0tratamiento\u00a0m\u00e1s efectivo ha sido la\u00a0fototerapia\u00a0que consiste en someter al paciente a rayos ultravioletas A y B, y banda estrecha B, en los cuales el paciente tiene que irradiar todo su cuerpo en cabinas que lo exponen a estos rayos.<\/p>\n<p>Aunque es efectiva en un 80% de los casos, son tratamientos demasiado largos pues se necesitan aproximadamente de 30 a 40 sesiones para controlar las placas y tiene tiempos de remisi\u00f3n muy cortos (tiempos de descanso de las manifestaciones de la enfermedad).<\/p>\n<p>La Fototerapia, aun cuando era el tratamiento m\u00e1s efectivo para la <strong>psoriasis<\/strong> tiene\u00a0efectos secundarios\u00a0adversos tales como envejecimiento prematuro, quemaduras en tejidos sanos, incrementa el riesgo de c\u00e1ncer de piel y melanoma, y las drogas usadas con los rayos UVA producen n\u00e1useas, dolores de cabeza y mareos.[\/vc_column_text][\/vc_column_inner][\/vc_row_inner][vc_row_inner][vc_column_inner][vc_column_text]<\/p>\n<h3>Tecnolog\u00eda l\u00e1ser: Regenlite<\/h3>\n<p>La tecnolog\u00eda\u00a0ha avanzado para ofrecer una soluci\u00f3n a las necesidades de los\u00a0pacientes psori\u00e1ticos\u00a0que tengan una mediana a moderada extensi\u00f3n de esta patolog\u00eda\u00a0(un 20 % max de cobertura)\u00a0a trav\u00e9s del l\u00e1ser regenlite, para el tratamiento localizado de la <strong>psoriasis<\/strong>.<\/p>\n<p>El <strong>tratamiento l\u00e1ser para la psoriasis<\/strong> ofrece m\u00faltiples ventajas:<\/p>\n<ul>\n<li>Trata \u00fanicamente placas localizadas de <strong>psoriasis<\/strong> a trav\u00e9s del sistema de fibra \u00f3ptica.<\/li>\n<li>A\u00edsla el tejido circundante sano de los rayos ultravioletas UVB disminuyendo el riesgo de fotoenvejecimiento y c\u00e1ncer.<\/li>\n<li>Disminuye el n\u00famero de tratamientos, pues con el l\u00e1ser se requieren de 3 a 4 sesiones aproximadamente.<\/li>\n<li>Menor n\u00famero de tratamientos dada su habilidad de administrar altas dosis espec\u00edficamente a las placas.<\/li>\n<\/ul>\n<p>[\/vc_column_text][\/vc_column_inner][\/vc_row_inner][vc_row_inner][vc_column_inner][vc_column_text]<\/p>\n<h3>\u00bfCu\u00e1les son los pacientes aptos para el <strong>tratamiento l\u00e1ser para psoriasis<\/strong>?<\/h3>\n<p>Los\u00a0pacientes ideales\u00a0para el tratamiento de la\u00a0<strong>psoriasis<\/strong> con l\u00e1ser\u00a0son los pacientes que tienen del 10 al 20% de cubrimiento en el cuerpo, es decir, que presenten casos de psoriasis de leve a moderado y con placas estables.[\/vc_column_text][\/vc_column_inner][\/vc_row_inner][vc_row_inner][vc_column_inner][vc_column_text]<\/p>\n<h3>\u00bfEn qu\u00e9 consiste el <strong>tratamiento l\u00e1ser para la psoriasis<\/strong>?<\/h3>\n<p>El tratamiento consiste en la\u00a0aplicaci\u00f3n del l\u00e1ser\u00a0en las placas \u00fanicamente.<\/p>\n<p>Se requieren de 3 a 4 sesiones aproximadamente de 5 a 10 minutos. Genera p\u00farpura la cual se resuelve de 7 a 10 d\u00edas.<\/p>\n<p>Estudios cient\u00edficos muestran que 6 de cada 10 pacientes tienen\u00a0mejor\u00eda parcial\u00a0de las lesiones y de 3 de 10 con resoluci\u00f3n total en 12 meses. Algunos estudios muestran pacientes libres de lesi\u00f3n por 3 a\u00f1os.<\/p>\n<p>El tratamiento con l\u00e1ser para psoriasis no cura esta enfermedad cr\u00f3nica pero mejora sustancialmente los efectos indeseados que esta produce en los pacientes, logrando que tengan una mejor calidad de vida y tiempos largos en los cuales la piel puede estar libre de placas psori\u00e1ticas.<\/p>\n<p>Solicite su consulta de valoraci\u00f3n con m\u00e9dicos expertos en Cl\u00ednica L\u00e1ser de Piel, que cuenta con sedes en Bogot\u00e1, Medell\u00edn, Cali y Barranquilla.[\/vc_column_text][\/vc_column_inner][\/vc_row_inner][\/vc_column][vc_column width=&#8221;1\/4&#8243;][vc_empty_space][vc_column_text]<\/p>\n<h2 class=\"titulos\">ANTES Y DESPU\u00c9S<\/h2>\n<p>[\/vc_column_text][vc_empty_space][vc_column_text]<div class=\"ich-prefix grid-rel\">\r\n    <div class=\"grid grid-pad wcp-fgg-wrap  ich-main-51\">\r\n                    <div class=\"mason-item col-1-1\" id=\"ich-14552-0\">\r\n                <div     class=\"wcp-caption-plugin \"\r\n    ontouchstart=\"\"\r\n    id=\"wcp-widget-14552-0\">\r\n        <a rel=\"prettyPhoto[14552]\" href=\"https:\/\/clinicalaserdepiel.com.co\/esp\/wp-content\/uploads\/2021\/07\/Psoriasis.png\" target=\"_blank\">            <div class=\"image-caption-box\">\r\n                <div class=\"caption zoom-and-pan\">\r\n                    <div class=\"as-tble\">\r\n                                    <div class=\"centered-text\">\r\n                <h2 style=\"text-transform: uppercase; color: #e6d9ca; text-align: center; position: relative; font-size: 24px; margin: 10px;\">Psoriasis con L\u00e1ser<\/h2>\r\n<p style=\"font-size: 14px; color: #fff; text-align: center; margin: 0 !important;\">-Antes y despu\u00e9s -<\/p>\r\n<p style=\"font-size: 14px; color: #fff; text-align: center;\">- Click para ver la imagen -<\/p>            <\/div>\r\n                            <\/div>\r\n                <\/div>\r\n                <img decoding=\"async\" class=\"wcp-caption-image\"\r\n                    src=\"https:\/\/clinicalaserdepiel.com.co\/esp\/wp-content\/uploads\/2021\/07\/Psoriasis.png\"\r\n                    title=\"\"\r\n                    alt=\"\"\/>\r\n            <\/div>\r\n\r\n        <\/a><\/div>    <style>\r\n                    #ich-14552-0 {\r\n                padding-right: 10px;\r\n                padding-bottom: 10px;\r\n            }\r\n                #ich-14552-0 .wcp-caption-plugin {\r\n            border-width: ;\r\n            border-style: ;\r\n            border-color: ;\r\n            border-radius: ;\r\n            box-shadow: ;\r\n            width: 100%;\r\n            height: auto;\r\n            margin: 0;\r\n        }\r\n        #ich-14552-0 .caption {\r\n            border-radius: ;\r\n            background-color: #d489aa;\r\n            color: #ffffff !important;\r\n            -webkit-transition-duration: ; \/* Safari *\/\r\n            transition-duration: ;\r\n            height: 100%;\r\n            top: ;\r\n            bottom: ;\r\n        }\r\n        #ich-14552-0 .caption .centered-text {\r\n            text-align: auto;\r\n        }\r\n        #ich-14552-0 .caption .centered-text * {\r\n            color: #ffffff !important;\r\n        }\r\n        #ich-14552-0 .wcp-caption-image {\r\n            -webkit-transition-duration: ;\r\n            transition-duration: ;\r\n            border-radius: ;\r\n            height: ;\r\n            width: ;\r\n        }\r\n    <\/style>                \r\n            <\/div>\r\n            <\/div>\r\n<\/div>\r\n<style>\r\n    .ich-main-51 {\r\n        padding-top: 10px;padding-left: 10px;padding-right: 0px;    }\r\n<\/style>\r\n<div class=\"clearfix\"><\/div>\r\n\r\n[\/vc_column_text][vc_empty_space]\n<div class=\"wpcf7 no-js\" id=\"wpcf7-f14168-o1\" lang=\"es-CO\" dir=\"ltr\">\n<div class=\"screen-reader-response\"><p role=\"status\" aria-live=\"polite\" aria-atomic=\"true\"><\/p> <ul><\/ul><\/div>\n<form action=\"\/esp\/wp-json\/wp\/v2\/pages\/13513#wpcf7-f14168-o1\" method=\"post\" class=\"wpcf7-form init\" aria-label=\"Formulario de contacto\" novalidate=\"novalidate\" data-status=\"init\">\n<div style=\"display: none;\">\n<input type=\"hidden\" name=\"_wpcf7\" value=\"14168\" \/>\n<input type=\"hidden\" name=\"_wpcf7_version\" value=\"5.9.8\" \/>\n<input type=\"hidden\" name=\"_wpcf7_locale\" value=\"es_CO\" \/>\n<input type=\"hidden\" name=\"_wpcf7_unit_tag\" value=\"wpcf7-f14168-o1\" \/>\n<input type=\"hidden\" name=\"_wpcf7_container_post\" value=\"0\" \/>\n<input type=\"hidden\" name=\"_wpcf7_posted_data_hash\" value=\"\" \/>\n<input type=\"hidden\" name=\"_wpcf7_recaptcha_response\" value=\"\" \/>\n<\/div>\n<h2 class=\"titulos\" style=\"line-height:4vh; text-align:center; color:rgb(59 72 147)!important;\">\u00bfTiene preguntas? Cont\u00e1ctenos\n<\/h2>\n<div class=\"form__container\">\n\t<div class=\"form__home__group\">\n\t\t<p><label> \u00bfEres paciente de Cl\u00ednica L\u00e1ser de Piel Colombia?<\/label><br \/>\n<span class=\"wpcf7-form-control-wrap\" data-name=\"radio-230\"><span class=\"wpcf7-form-control wpcf7-radio\"><span class=\"wpcf7-list-item first\"><input type=\"radio\" name=\"radio-230\" value=\"Si\" checked=\"checked\" \/><span class=\"wpcf7-list-item-label\">Si<\/span><\/span><span class=\"wpcf7-list-item last\"><input type=\"radio\" name=\"radio-230\" value=\"No\" \/><span class=\"wpcf7-list-item-label\">No<\/span><\/span><\/span><\/span>\n\t\t<\/p>\n\t<\/div>\n\t<div class=\"form__home__group\">\n\t\t<p><span class=\"wpcf7-form-control-wrap\" data-name=\"your-name\"><input size=\"40\" maxlength=\"400\" class=\"wpcf7-form-control wpcf7-text wpcf7-validates-as-required\" aria-required=\"true\" aria-invalid=\"false\" placeholder=\"Nombres\" value=\"\" type=\"text\" name=\"your-name\" \/><\/span>\n\t\t<\/p>\n\t\t<p><span class=\"wpcf7-form-control-wrap\" data-name=\"tel-834\"><input size=\"40\" maxlength=\"400\" class=\"wpcf7-form-control wpcf7-tel wpcf7-validates-as-required wpcf7-text wpcf7-validates-as-tel\" aria-required=\"true\" aria-invalid=\"false\" placeholder=\"Tel\u00e9fono\" value=\"\" type=\"tel\" name=\"tel-834\" \/><\/span>\n\t\t<\/p>\n\t<\/div>\n\t<div class=\"form__home__group\">\n\t\t<p><span class=\"wpcf7-form-control-wrap\" data-name=\"your-email\"><input size=\"40\" maxlength=\"400\" class=\"wpcf7-form-control wpcf7-email wpcf7-validates-as-required wpcf7-text wpcf7-validates-as-email\" aria-required=\"true\" aria-invalid=\"false\" placeholder=\"Correo\" value=\"\" type=\"email\" name=\"your-email\" \/><\/span>\n\t\t<\/p>\n\t<\/div>\n\t<div class=\"form__home__group\">\n\t\t<p><span class=\"wpcf7-form-control-wrap\" data-name=\"ciudad\"><select class=\"wpcf7-form-control wpcf7-select wpcf7-validates-as-required placeholder-style\" aria-required=\"true\" aria-invalid=\"false\" name=\"ciudad\"><option value=\"\">\u00bfEn qu\u00e9 ciudad desea recibir atenci\u00f3n presencial?<\/option><option value=\"Bogot\u00e1\">Bogot\u00e1<\/option><option value=\"Medell\u00edn\">Medell\u00edn<\/option><option value=\"Cali\">Cali<\/option><option value=\"Barranquilla\">Barranquilla<\/option><\/select><\/span>\n\t\t<\/p>\n\t<\/div>\n\t<div class=\"form__home__group\">\n\t\t<p><span class=\"wpcf7-form-control-wrap\" data-name=\"tratamiento\"><select class=\"wpcf7-form-control wpcf7-select wpcf7-validates-as-required\" aria-required=\"true\" aria-invalid=\"false\" name=\"tratamiento\"><option value=\"\">Tratamiento de inter\u00e9s<\/option><option value=\"Acn\u00e9 activo\">Acn\u00e9 activo<\/option><option value=\"Bolsas en ojos\">Bolsas en ojos<\/option><option value=\"Cicatrices\">Cicatrices<\/option><option value=\"Depilaci\u00f3n l\u00e1ser\">Depilaci\u00f3n l\u00e1ser<\/option><option value=\"Estr\u00edas\">Estr\u00edas<\/option><option value=\"Hiperpigmentaci\u00f3n labial\">Hiperpigmentaci\u00f3n labial<\/option><option value=\"Lifting facial\">Lifting facial<\/option><option value=\"Pecas, manchas y melasma\">Pecas, manchas y melasma<\/option><option value=\"Moldeamiento corporal, reducci\u00f3n de medidas, celulitis\">Moldeamiento corporal, reducci\u00f3n de medidas, celulitis<\/option><option value=\"Rejuvenecimiento facial\">Rejuvenecimiento facial<\/option><option value=\"Remoci\u00f3n de tatuajes\">Remoci\u00f3n de tatuajes<\/option><option value=\"Venas en piernas\">Venas en piernas<\/option><option value=\"Otro\">Otro<\/option><\/select><\/span>\n\t\t<\/p>\n\t<\/div>\n<\/div>\n<div class=\"form__home__group__no__flex\">\n\t<p><span class=\"wpcf7-form-control-wrap\" data-name=\"your-message\"><textarea cols=\"40\" rows=\"10\" maxlength=\"2000\" class=\"wpcf7-form-control wpcf7-textarea\" aria-invalid=\"false\" placeholder=\"Mensaje\" name=\"your-message\"><\/textarea><\/span>\n\t<\/p>\n<\/div>\n<div class=\"form__home__group__no__flex\">\n\t<p class=\"parrafos\" style=\"font-size:12px;line-height:16px;text-align: justify;\">De manera voluntaria, expl\u00edcita, informada e inequ\u00edvoca, autorizo a Cl\u00ednica L\u00e1ser de Piel para tratar mis datos personales, de acuerdo con lo dispuesto en los art\u00edculos 5, 7 y concordantes del Decreto 1377 de 2013 y las dem\u00e1s disposiciones legales referentes al tema. Para mayor informaci\u00f3n acerca del manejo de tus datos personales, puedes revisar nuestra <label><a href=\"https:\/\/clinicalaserdepiel.com.co\/esp\/publicaciones\/politica-de-manejo-de-datos\" target=\"_blank\" style=\"border-bottom:1px solid #171775;\"> pol\u00edtica de tratamiento de datos.<\/a><\/label>\n\t<\/p>\n<\/div>\n<div style=\"display: flex; justify-content: center;\">\n\t<p><input class=\"wpcf7-form-control wpcf7-submit has-spinner\" type=\"submit\" value=\"Enviar\" \/>\n\t<\/p>\n<\/div>\n\n<p style=\"display: none !important;\" class=\"akismet-fields-container\" data-prefix=\"_wpcf7_ak_\"><label>&#916;<textarea name=\"_wpcf7_ak_hp_textarea\" cols=\"45\" rows=\"8\" maxlength=\"100\"><\/textarea><\/label><input type=\"hidden\" id=\"ak_js_1\" name=\"_wpcf7_ak_js\" value=\"205\"\/><script>document.getElementById( \"ak_js_1\" ).setAttribute( \"value\", ( new Date() ).getTime() );<\/script><\/p><div class=\"wpcf7-response-output\" aria-hidden=\"true\"><\/div>\n<\/form>\n<\/div>\n[\/vc_column][\/vc_row]<\/p>\n<\/section>","protected":false},"excerpt":{"rendered":"<p>[vc_row content_aligment=&#8221;center&#8221; el_class=&#8221;cabecera&#8221;][vc_column][vc_column_text] Tratamiento l\u00e1ser para la psoriasis [\/vc_column_text][\/vc_column][\/vc_row][vc_row el_id=&#8221;rowContainer&#8221;][vc_column width=&#8221;3\/4&#8243;][vc_empty_space][vc_row_inner][vc_column_inner width=&#8221;1\/3&#8243;][vc_single_image image=&#8221;15865&#8243; img_size=&#8221;full&#8221; el_class=&#8221;imagenes-cpl&#8221;][\/vc_column_inner][vc_column_inner width=&#8221;2\/3&#8243;][vc_column_text]La psoriasis\u00a0es una\u00a0enfermedad\u00a0cr\u00f3nica de la piel caracterizada por enrojecimiento,\u00a0piel escamosa\u00a0y engrosamiento de la epidermis. En una piel normal los queratinocitos de la epidermis se renuevan cada 28 a 30 d\u00edas,&#8230;<\/p>\n","protected":false},"author":1,"featured_media":0,"parent":13706,"menu_order":0,"comment_status":"closed","ping_status":"closed","template":"","meta":{"footnotes":""},"class_list":["post-13513","page","type-page","status-publish","hentry"],"_links":{"self":[{"href":"https:\/\/clinicalaserdepiel.com.co\/esp\/wp-json\/wp\/v2\/pages\/13513"}],"collection":[{"href":"https:\/\/clinicalaserdepiel.com.co\/esp\/wp-json\/wp\/v2\/pages"}],"about":[{"href":"https:\/\/clinicalaserdepiel.com.co\/esp\/wp-json\/wp\/v2\/types\/page"}],"author":[{"embeddable":true,"href":"https:\/\/clinicalaserdepiel.com.co\/esp\/wp-json\/wp\/v2\/users\/1"}],"replies":[{"embeddable":true,"href":"https:\/\/clinicalaserdepiel.com.co\/esp\/wp-json\/wp\/v2\/comments?post=13513"}],"version-history":[{"count":0,"href":"https:\/\/clinicalaserdepiel.com.co\/esp\/wp-json\/wp\/v2\/pages\/13513\/revisions"}],"up":[{"embeddable":true,"href":"https:\/\/clinicalaserdepiel.com.co\/esp\/wp-json\/wp\/v2\/pages\/13706"}],"wp:attachment":[{"href":"https:\/\/clinicalaserdepiel.com.co\/esp\/wp-json\/wp\/v2\/media?parent=13513"}],"curies":[{"name":"wp","href":"https:\/\/api.w.org\/{rel}","templated":true}]}}