{"id":13510,"date":"2019-06-14T17:36:02","date_gmt":"2019-06-14T17:36:02","guid":{"rendered":"https:\/\/www.imaginatio.com.co\/MX3\/CLP\/?page_id=13510"},"modified":"2022-07-19T23:50:22","modified_gmt":"2022-07-19T23:50:22","slug":"onicomicosis-hongos-en-las-unas","status":"publish","type":"page","link":"https:\/\/clinicalaserdepiel.com.co\/esp\/tratamientos\/onicomicosis-hongos-en-las-unas","title":{"rendered":"Onicomicosis (Hongos en las u\u00f1as)"},"content":{"rendered":"<section class=\"wpb-content-wrapper\"><p>[vc_row content_aligment=&#8221;center&#8221; el_class=&#8221;cabecera&#8221;][vc_column][vc_column_text]<\/p>\n<h1 class=\"titulo__rosado__grande\">Tratamiento l\u00e1ser para la Onicomicosis &#8211; Hongos en las u\u00f1as<\/h1>\n<p>[\/vc_column_text][\/vc_column][\/vc_row][vc_row el_id=&#8221;rowContainer&#8221;][vc_column width=&#8221;3\/4&#8243;][vc_empty_space][vc_row_inner][vc_column_inner width=&#8221;1\/3&#8243;][vc_single_image image=&#8221;15813&#8243; img_size=&#8221;full&#8221; el_class=&#8221;imagenes-cpl&#8221;][\/vc_column_inner][vc_column_inner width=&#8221;2\/3&#8243;][vc_column_text]Muchas personas padecen esta patolog\u00eda en u\u00f1as de manos y pies, y la medicina tradicional resulta toxica por los medicamentos utilizados y no les brinda una soluci\u00f3n efectiva. Cl\u00ednica Laser de Piel cuenta con tecnolog\u00eda l\u00e1ser de punta para brindar una soluci\u00f3n novedosa a estos problemas, sin los problemas de toxicidad de los tratamientos convencionales.<\/p>\n<p>La <strong>onicomicosis <\/strong>u<strong> hongos en las u\u00f1as, <\/strong>\u00a0es una infecci\u00f3n superficial de las u\u00f1as de manos o pies causada por tres tipos de hongos: dermatofitos (habitantes de la piel), levaduras (candidas albicans en personas inmuno suprimidas) y mohos no dermatofitos (no habitantes de la piel).<\/p>\n<h3>\u00bfCu\u00e1les son los <strong>tratamientos <\/strong>convencionales<strong> para la onicomicosis<\/strong>?<\/h3>\n<p>El tratamiento tradicional de la<strong> Onicomicosis<\/strong> con t\u00f3picos (cremas) y orales pueden ser un desaf\u00edo para los m\u00e9dicos y frustrante para los pacientes debido a su alta tendencia a la persistencia,\u00a0 recurrencia y a tasas de reinfecci\u00f3n que van desde el 10 al 53%.<\/p>\n<p>La medicaci\u00f3n t\u00f3pica puede tomar entre 3 a 12 meses.[\/vc_column_text][\/vc_column_inner][\/vc_row_inner][vc_row_inner][vc_column_inner][vc_column_text]Los medicamentos orales generalmente son mejores que los medicamentos t\u00f3picos\u00a0 y el tratamiento puede tomar hasta 3 \u00a0meses.\u00a0 Los medicamentos orales est\u00e1n asociados tambi\u00e9n a alto riesgo de toxicidad del h\u00edgado,\u00a0 alteraciones de drogas y alergias, que pueden limitar su uso particularmente en ciertos pacientes.<\/p>\n<p>Adicionalmente las altas tasas de reinfecci\u00f3n pueden impactar los resultados del tratamiento.[\/vc_column_text][\/vc_column_inner][\/vc_row_inner][vc_row_inner][vc_column_inner][vc_column_text]<\/p>\n<h2>Tratamiento para hongos en las u\u00f1as con l\u00e1ser<\/h2>\n<h3>\u00bfEn qu\u00e9 consiste el <strong>tratamiento l\u00e1ser para la onicomicosis<\/strong>?<\/h3>\n<p>Gracias a los avances de la ciencia, ahora es posible tratar la <strong>onicomicosis con l\u00e1ser<\/strong> con resultados satisfactorios.<\/p>\n<p>Los estudios llevados a cabo por el Hospital Universitario de IRAYASU en Jap\u00f3n con el l\u00e1ser G\u00e9nesis para el <strong>tratamiento de Onicomicosis<\/strong>, mostraron resultados altamente positivos. Todos los pacientes hab\u00edan sido tratados previamente sin resultados con medicamentos orales y medicaci\u00f3n t\u00f3pica. Con pocas sesiones de l\u00e1ser, con intervalos entre 4 a 6 semanas, lograron resultados incre\u00edbles. El 81% indicaron que tuvieron mejor\u00eda parcial o total despu\u00e9s de 16 semanas del \u00faltimo tratamiento.<\/p>\n<p>El <strong>tratamiento con l\u00e1ser para la onicomicosis<\/strong> no tiene efectos adversos, consiste en\u00a0 la aplicaci\u00f3n de la luz l\u00e1ser por 5 minutos con un modo de no contacto lo cual evita cualquier tipo de contaminaci\u00f3n.<\/p>\n<p>Los pacientes sienten una sensaci\u00f3n de calor que desaparece una vez terminada la sesi\u00f3n. No requiere anestesia y no tiene incapacidad. Los resultados son muy buenos para los diferentes tipos de onicomicosis. En algunos casos se logran soluciones duraderas y otros pueden requerir mantenimientos.<\/p>\n<p>El <strong>tratamiento del l\u00e1ser<\/strong> G\u00e9nesis para la<strong> onicomicosis<\/strong>, es un novedoso tratamiento, r\u00e1pido y seguro con un alto \u00edndice de mejor\u00eda.<\/p>\n<p>Ahora las personas que padecen esta patolog\u00eda pueden librarse de tratamientos con t\u00f3picos que resultan molestos y prolongados o drogas orales que son t\u00f3xicas, y pueden acceder a un tratamiento r\u00e1pido, para mejorar su calidad de vida.<\/p>\n<p>Cl\u00ednica L\u00e1ser de Piel, con sedes en Bogot\u00e1, Medell\u00edn, Cali y Barranquilla,\u00a0tiene un equipo de m\u00e9dicos expertos en l\u00e1ser que le apoyar\u00e1n en el diagn\u00f3stico y <strong>tratamiento\u00a0 para la onicomicosis con l\u00e1ser<\/strong>, solicite su consulta de valoraci\u00f3n.[\/vc_column_text][\/vc_column_inner][\/vc_row_inner][\/vc_column][vc_column width=&#8221;1\/4&#8243;][vc_empty_space][vc_column_text]<\/p>\n<h2 class=\"titulos\">ANTES Y DESPU\u00c9S<\/h2>\n<p>[\/vc_column_text][vc_empty_space][vc_column_text]<div class=\"ich-prefix grid-rel\">\r\n    <div class=\"grid grid-pad wcp-fgg-wrap  ich-main-856\">\r\n                    <div class=\"mason-item col-1-1\" id=\"ich-14506-0\">\r\n                <div     class=\"wcp-caption-plugin \"\r\n    ontouchstart=\"\"\r\n    id=\"wcp-widget-14506-0\">\r\n        <a rel=\"prettyPhoto[14506]\" href=\"https:\/\/clinicalaserdepiel.com.co\/esp\/wp-content\/uploads\/2021\/07\/Onicomicosis.png\" target=\"_blank\">            <div class=\"image-caption-box\">\r\n                <div class=\"caption zoom-and-pan\">\r\n                    <div class=\"as-tble\">\r\n                                    <div class=\"centered-text\">\r\n                <h2 style=\"text-transform: uppercase; color: #e6d9ca; text-align: center; position: relative; font-size: 24px; margin: 10px;\">Onicomicosis (Hongos en las u\u00f1as) <\/h2>\r\n<p style=\"font-size: 14px; color: #fff; text-align: center; margin: 0 !important;\">-Antes y despu\u00e9s -<\/p>\r\n<p style=\"font-size: 14px; color: #fff; text-align: center;\">- Click para ver la imagen -<\/p>            <\/div>\r\n                            <\/div>\r\n                <\/div>\r\n                <img decoding=\"async\" class=\"wcp-caption-image\"\r\n                    src=\"https:\/\/clinicalaserdepiel.com.co\/esp\/wp-content\/uploads\/2021\/07\/Onicomicosis.png\"\r\n                    title=\"\"\r\n                    alt=\"\"\/>\r\n            <\/div>\r\n\r\n        <\/a><\/div>    <style>\r\n                    #ich-14506-0 {\r\n                padding-right: 10px;\r\n                padding-bottom: 10px;\r\n            }\r\n                #ich-14506-0 .wcp-caption-plugin {\r\n            border-width: ;\r\n            border-style: ;\r\n            border-color: ;\r\n            border-radius: ;\r\n            box-shadow: ;\r\n            width: 100%;\r\n            height: auto;\r\n            margin: 0;\r\n        }\r\n        #ich-14506-0 .caption {\r\n            border-radius: ;\r\n            background-color: #d489aa;\r\n            color: #ffffff !important;\r\n            -webkit-transition-duration: ; \/* Safari *\/\r\n            transition-duration: ;\r\n            height: 100%;\r\n            top: ;\r\n            bottom: ;\r\n        }\r\n        #ich-14506-0 .caption .centered-text {\r\n            text-align: auto;\r\n        }\r\n        #ich-14506-0 .caption .centered-text * {\r\n            color: #ffffff !important;\r\n        }\r\n        #ich-14506-0 .wcp-caption-image {\r\n            -webkit-transition-duration: ;\r\n            transition-duration: ;\r\n            border-radius: ;\r\n            height: ;\r\n            width: ;\r\n        }\r\n    <\/style>                \r\n            <\/div>\r\n                    <div class=\"mason-item col-1-1\" id=\"ich-14506-1\">\r\n                <div     class=\"wcp-caption-plugin \"\r\n    ontouchstart=\"\"\r\n    id=\"wcp-widget-14506-1\">\r\n        <a rel=\"prettyPhoto[14506]\" href=\"https:\/\/clinicalaserdepiel.com.co\/esp\/wp-content\/uploads\/2021\/09\/Onicomicosis-2.jpg\" target=\"_blank\">            <div class=\"image-caption-box\">\r\n                <div class=\"caption zoom-and-pan\">\r\n                    <div class=\"as-tble\">\r\n                                    <div class=\"centered-text\">\r\n                <h2 style=\"text-transform: uppercase; color: #e6d9ca; text-align: center; position: relative; font-size: 24px; margin: 10px;\">Onicomicosis (Hongos en las u\u00f1as) <\/h2>\r\n<p style=\"font-size: 14px; color: #fff; text-align: center; margin: 0 !important;\">-Antes y despu\u00e9s -<\/p>\r\n<p style=\"font-size: 14px; color: #fff; text-align: center;\">- Click para ver la imagen -<\/p>            <\/div>\r\n                            <\/div>\r\n                <\/div>\r\n                <img decoding=\"async\" class=\"wcp-caption-image\"\r\n                    src=\"https:\/\/clinicalaserdepiel.com.co\/esp\/wp-content\/uploads\/2021\/09\/Onicomicosis-2.jpg\"\r\n                    title=\"\"\r\n                    alt=\"\"\/>\r\n            <\/div>\r\n\r\n        <\/a><\/div>    <style>\r\n                    #ich-14506-1 {\r\n                padding-right: 10px;\r\n                padding-bottom: 10px;\r\n            }\r\n                #ich-14506-1 .wcp-caption-plugin {\r\n            border-width: ;\r\n            border-style: ;\r\n            border-color: ;\r\n            border-radius: ;\r\n            box-shadow: ;\r\n            width: 100%;\r\n            height: auto;\r\n            margin: 0;\r\n        }\r\n        #ich-14506-1 .caption {\r\n            border-radius: ;\r\n            background-color: #d489aa;\r\n            color: #ffffff !important;\r\n            -webkit-transition-duration: ; \/* Safari *\/\r\n            transition-duration: ;\r\n            height: 100%;\r\n            top: ;\r\n            bottom: ;\r\n        }\r\n        #ich-14506-1 .caption .centered-text {\r\n            text-align: auto;\r\n        }\r\n        #ich-14506-1 .caption .centered-text * {\r\n            color: #ffffff !important;\r\n        }\r\n        #ich-14506-1 .wcp-caption-image {\r\n            -webkit-transition-duration: ;\r\n            transition-duration: ;\r\n            border-radius: ;\r\n            height: ;\r\n            width: ;\r\n        }\r\n    <\/style>                \r\n            <\/div>\r\n                    <div class=\"mason-item col-1-1\" id=\"ich-14506-2\">\r\n                <div     class=\"wcp-caption-plugin \"\r\n    ontouchstart=\"\"\r\n    id=\"wcp-widget-14506-2\">\r\n        <a rel=\"prettyPhoto[14506]\" href=\"https:\/\/clinicalaserdepiel.com.co\/esp\/wp-content\/uploads\/2021\/09\/Onicomicosis-3.jpg\" target=\"_blank\">            <div class=\"image-caption-box\">\r\n                <div class=\"caption zoom-and-pan\">\r\n                    <div class=\"as-tble\">\r\n                                    <div class=\"centered-text\">\r\n                <h2 style=\"text-transform: uppercase; color: #e6d9ca; text-align: center; position: relative; font-size: 24px; margin: 10px;\">Onicomicosis (Hongos en las u\u00f1as) <\/h2>\r\n<p style=\"font-size: 14px; color: #fff; text-align: center; margin: 0 !important;\">-Antes y despu\u00e9s -<\/p>\r\n<p style=\"font-size: 14px; color: #fff; text-align: center;\">- Click para ver la imagen -<\/p>            <\/div>\r\n                            <\/div>\r\n                <\/div>\r\n                <img decoding=\"async\" class=\"wcp-caption-image\"\r\n                    src=\"https:\/\/clinicalaserdepiel.com.co\/esp\/wp-content\/uploads\/2021\/09\/Onicomicosis-3.jpg\"\r\n                    title=\"\"\r\n                    alt=\"\"\/>\r\n            <\/div>\r\n\r\n        <\/a><\/div>    <style>\r\n                    #ich-14506-2 {\r\n                padding-right: 10px;\r\n                padding-bottom: 10px;\r\n            }\r\n                #ich-14506-2 .wcp-caption-plugin {\r\n            border-width: ;\r\n            border-style: ;\r\n            border-color: ;\r\n            border-radius: ;\r\n            box-shadow: ;\r\n            width: 100%;\r\n            height: auto;\r\n            margin: 0;\r\n        }\r\n        #ich-14506-2 .caption {\r\n            border-radius: ;\r\n            background-color: #d489aa;\r\n            color: #ffffff !important;\r\n            -webkit-transition-duration: ; \/* Safari *\/\r\n            transition-duration: ;\r\n            height: 100%;\r\n            top: ;\r\n            bottom: ;\r\n        }\r\n        #ich-14506-2 .caption .centered-text {\r\n            text-align: auto;\r\n        }\r\n        #ich-14506-2 .caption .centered-text * {\r\n            color: #ffffff !important;\r\n        }\r\n        #ich-14506-2 .wcp-caption-image {\r\n            -webkit-transition-duration: ;\r\n            transition-duration: ;\r\n            border-radius: ;\r\n            height: ;\r\n            width: ;\r\n        }\r\n    <\/style>                \r\n            <\/div>\r\n                    <div class=\"mason-item col-1-1\" id=\"ich-14506-3\">\r\n                <div     class=\"wcp-caption-plugin \"\r\n    ontouchstart=\"\"\r\n    id=\"wcp-widget-14506-3\">\r\n        <a rel=\"prettyPhoto[14506]\" href=\"https:\/\/clinicalaserdepiel.com.co\/esp\/wp-content\/uploads\/2021\/09\/Onicomicosis-4.jpg\" target=\"_blank\">            <div class=\"image-caption-box\">\r\n                <div class=\"caption zoom-and-pan\">\r\n                    <div class=\"as-tble\">\r\n                                    <div class=\"centered-text\">\r\n                <h2 style=\"text-transform: uppercase; color: #e6d9ca; text-align: center; position: relative; font-size: 24px; margin: 10px;\">Onicomicosis (Hongos en las u\u00f1as) <\/h2>\r\n<p style=\"font-size: 14px; color: #fff; text-align: center; margin: 0 !important;\">-Antes y despu\u00e9s -<\/p>\r\n<p style=\"font-size: 14px; color: #fff; text-align: center;\">- Click para ver la imagen -<\/p>            <\/div>\r\n                            <\/div>\r\n                <\/div>\r\n                <img decoding=\"async\" class=\"wcp-caption-image\"\r\n                    src=\"https:\/\/clinicalaserdepiel.com.co\/esp\/wp-content\/uploads\/2021\/09\/Onicomicosis-4.jpg\"\r\n                    title=\"\"\r\n                    alt=\"\"\/>\r\n            <\/div>\r\n\r\n        <\/a><\/div>    <style>\r\n                    #ich-14506-3 {\r\n                padding-right: 10px;\r\n                padding-bottom: 10px;\r\n            }\r\n                #ich-14506-3 .wcp-caption-plugin {\r\n            border-width: ;\r\n            border-style: ;\r\n            border-color: ;\r\n            border-radius: ;\r\n            box-shadow: ;\r\n            width: 100%;\r\n            height: auto;\r\n            margin: 0;\r\n        }\r\n        #ich-14506-3 .caption {\r\n            border-radius: ;\r\n            background-color: #d489aa;\r\n            color: #ffffff !important;\r\n            -webkit-transition-duration: ; \/* Safari *\/\r\n            transition-duration: ;\r\n            height: 100%;\r\n            top: ;\r\n            bottom: ;\r\n        }\r\n        #ich-14506-3 .caption .centered-text {\r\n            text-align: auto;\r\n        }\r\n        #ich-14506-3 .caption .centered-text * {\r\n            color: #ffffff !important;\r\n        }\r\n        #ich-14506-3 .wcp-caption-image {\r\n            -webkit-transition-duration: ;\r\n            transition-duration: ;\r\n            border-radius: ;\r\n            height: ;\r\n            width: ;\r\n        }\r\n    <\/style>                \r\n            <\/div>\r\n            <\/div>\r\n<\/div>\r\n<style>\r\n    .ich-main-856 {\r\n        padding-top: 10px;padding-left: 10px;padding-right: 0px;    }\r\n<\/style>\r\n<div class=\"clearfix\"><\/div>\r\n\r\n[\/vc_column_text][vc_empty_space]\n<div class=\"wpcf7 no-js\" id=\"wpcf7-f14168-o1\" lang=\"es-CO\" dir=\"ltr\">\n<div class=\"screen-reader-response\"><p role=\"status\" aria-live=\"polite\" aria-atomic=\"true\"><\/p> <ul><\/ul><\/div>\n<form action=\"\/esp\/wp-json\/wp\/v2\/pages\/13510#wpcf7-f14168-o1\" method=\"post\" class=\"wpcf7-form init\" aria-label=\"Formulario de contacto\" novalidate=\"novalidate\" data-status=\"init\">\n<div style=\"display: none;\">\n<input type=\"hidden\" name=\"_wpcf7\" value=\"14168\" \/>\n<input type=\"hidden\" name=\"_wpcf7_version\" value=\"5.9.8\" \/>\n<input type=\"hidden\" name=\"_wpcf7_locale\" value=\"es_CO\" \/>\n<input type=\"hidden\" name=\"_wpcf7_unit_tag\" value=\"wpcf7-f14168-o1\" \/>\n<input type=\"hidden\" name=\"_wpcf7_container_post\" value=\"0\" \/>\n<input type=\"hidden\" name=\"_wpcf7_posted_data_hash\" value=\"\" \/>\n<input type=\"hidden\" name=\"_wpcf7_recaptcha_response\" value=\"\" \/>\n<\/div>\n<h2 class=\"titulos\" style=\"line-height:4vh; text-align:center; color:rgb(59 72 147)!important;\">\u00bfTiene preguntas? Cont\u00e1ctenos\n<\/h2>\n<div class=\"form__container\">\n\t<div class=\"form__home__group\">\n\t\t<p><label> \u00bfEres paciente de Cl\u00ednica L\u00e1ser de Piel Colombia?<\/label><br \/>\n<span class=\"wpcf7-form-control-wrap\" data-name=\"radio-230\"><span class=\"wpcf7-form-control wpcf7-radio\"><span class=\"wpcf7-list-item first\"><input type=\"radio\" name=\"radio-230\" value=\"Si\" checked=\"checked\" \/><span class=\"wpcf7-list-item-label\">Si<\/span><\/span><span class=\"wpcf7-list-item last\"><input type=\"radio\" name=\"radio-230\" value=\"No\" \/><span class=\"wpcf7-list-item-label\">No<\/span><\/span><\/span><\/span>\n\t\t<\/p>\n\t<\/div>\n\t<div class=\"form__home__group\">\n\t\t<p><span class=\"wpcf7-form-control-wrap\" data-name=\"your-name\"><input size=\"40\" maxlength=\"400\" class=\"wpcf7-form-control wpcf7-text wpcf7-validates-as-required\" aria-required=\"true\" aria-invalid=\"false\" placeholder=\"Nombres\" value=\"\" type=\"text\" name=\"your-name\" \/><\/span>\n\t\t<\/p>\n\t\t<p><span class=\"wpcf7-form-control-wrap\" data-name=\"tel-834\"><input size=\"40\" maxlength=\"400\" class=\"wpcf7-form-control wpcf7-tel wpcf7-validates-as-required wpcf7-text wpcf7-validates-as-tel\" aria-required=\"true\" aria-invalid=\"false\" placeholder=\"Tel\u00e9fono\" value=\"\" type=\"tel\" name=\"tel-834\" \/><\/span>\n\t\t<\/p>\n\t<\/div>\n\t<div class=\"form__home__group\">\n\t\t<p><span class=\"wpcf7-form-control-wrap\" data-name=\"your-email\"><input size=\"40\" maxlength=\"400\" class=\"wpcf7-form-control wpcf7-email wpcf7-validates-as-required wpcf7-text wpcf7-validates-as-email\" aria-required=\"true\" aria-invalid=\"false\" placeholder=\"Correo\" value=\"\" type=\"email\" name=\"your-email\" \/><\/span>\n\t\t<\/p>\n\t<\/div>\n\t<div class=\"form__home__group\">\n\t\t<p><span class=\"wpcf7-form-control-wrap\" data-name=\"ciudad\"><select class=\"wpcf7-form-control wpcf7-select wpcf7-validates-as-required placeholder-style\" aria-required=\"true\" aria-invalid=\"false\" name=\"ciudad\"><option value=\"\">\u00bfEn qu\u00e9 ciudad desea recibir atenci\u00f3n presencial?<\/option><option value=\"Bogot\u00e1\">Bogot\u00e1<\/option><option value=\"Medell\u00edn\">Medell\u00edn<\/option><option value=\"Cali\">Cali<\/option><option value=\"Barranquilla\">Barranquilla<\/option><\/select><\/span>\n\t\t<\/p>\n\t<\/div>\n\t<div class=\"form__home__group\">\n\t\t<p><span class=\"wpcf7-form-control-wrap\" data-name=\"tratamiento\"><select class=\"wpcf7-form-control wpcf7-select wpcf7-validates-as-required\" aria-required=\"true\" aria-invalid=\"false\" name=\"tratamiento\"><option value=\"\">Tratamiento de inter\u00e9s<\/option><option value=\"Acn\u00e9 activo\">Acn\u00e9 activo<\/option><option value=\"Bolsas en ojos\">Bolsas en ojos<\/option><option value=\"Cicatrices\">Cicatrices<\/option><option value=\"Depilaci\u00f3n l\u00e1ser\">Depilaci\u00f3n l\u00e1ser<\/option><option value=\"Estr\u00edas\">Estr\u00edas<\/option><option value=\"Hiperpigmentaci\u00f3n labial\">Hiperpigmentaci\u00f3n labial<\/option><option value=\"Lifting facial\">Lifting facial<\/option><option value=\"Pecas, manchas y melasma\">Pecas, manchas y melasma<\/option><option value=\"Moldeamiento corporal, reducci\u00f3n de medidas, celulitis\">Moldeamiento corporal, reducci\u00f3n de medidas, celulitis<\/option><option value=\"Rejuvenecimiento facial\">Rejuvenecimiento facial<\/option><option value=\"Remoci\u00f3n de tatuajes\">Remoci\u00f3n de tatuajes<\/option><option value=\"Venas en piernas\">Venas en piernas<\/option><option value=\"Otro\">Otro<\/option><\/select><\/span>\n\t\t<\/p>\n\t<\/div>\n<\/div>\n<div class=\"form__home__group__no__flex\">\n\t<p><span class=\"wpcf7-form-control-wrap\" data-name=\"your-message\"><textarea cols=\"40\" rows=\"10\" maxlength=\"2000\" class=\"wpcf7-form-control wpcf7-textarea\" aria-invalid=\"false\" placeholder=\"Mensaje\" name=\"your-message\"><\/textarea><\/span>\n\t<\/p>\n<\/div>\n<div class=\"form__home__group__no__flex\">\n\t<p class=\"parrafos\" style=\"font-size:12px;line-height:16px;text-align: justify;\">De manera voluntaria, expl\u00edcita, informada e inequ\u00edvoca, autorizo a Cl\u00ednica L\u00e1ser de Piel para tratar mis datos personales, de acuerdo con lo dispuesto en los art\u00edculos 5, 7 y concordantes del Decreto 1377 de 2013 y las dem\u00e1s disposiciones legales referentes al tema. Para mayor informaci\u00f3n acerca del manejo de tus datos personales, puedes revisar nuestra <label><a href=\"https:\/\/clinicalaserdepiel.com.co\/esp\/publicaciones\/politica-de-manejo-de-datos\" target=\"_blank\" style=\"border-bottom:1px solid #171775;\"> pol\u00edtica de tratamiento de datos.<\/a><\/label>\n\t<\/p>\n<\/div>\n<div style=\"display: flex; justify-content: center;\">\n\t<p><input class=\"wpcf7-form-control wpcf7-submit has-spinner\" type=\"submit\" value=\"Enviar\" \/>\n\t<\/p>\n<\/div>\n\n<p style=\"display: none !important;\" class=\"akismet-fields-container\" data-prefix=\"_wpcf7_ak_\"><label>&#916;<textarea name=\"_wpcf7_ak_hp_textarea\" cols=\"45\" rows=\"8\" maxlength=\"100\"><\/textarea><\/label><input type=\"hidden\" id=\"ak_js_1\" name=\"_wpcf7_ak_js\" value=\"113\"\/><script>document.getElementById( \"ak_js_1\" ).setAttribute( \"value\", ( new Date() ).getTime() );<\/script><\/p><div class=\"wpcf7-response-output\" aria-hidden=\"true\"><\/div>\n<\/form>\n<\/div>\n[vc_empty_space][\/vc_column][\/vc_row]<\/p>\n<\/section>","protected":false},"excerpt":{"rendered":"<p>[vc_row content_aligment=&#8221;center&#8221; el_class=&#8221;cabecera&#8221;][vc_column][vc_column_text] Tratamiento l\u00e1ser para la Onicomicosis &#8211; Hongos en las u\u00f1as [\/vc_column_text][\/vc_column][\/vc_row][vc_row el_id=&#8221;rowContainer&#8221;][vc_column width=&#8221;3\/4&#8243;][vc_empty_space][vc_row_inner][vc_column_inner width=&#8221;1\/3&#8243;][vc_single_image image=&#8221;15813&#8243; img_size=&#8221;full&#8221; el_class=&#8221;imagenes-cpl&#8221;][\/vc_column_inner][vc_column_inner width=&#8221;2\/3&#8243;][vc_column_text]Muchas personas padecen esta patolog\u00eda en u\u00f1as de manos y pies, y la medicina tradicional resulta toxica por los medicamentos utilizados y no les brinda&#8230;<\/p>\n","protected":false},"author":1,"featured_media":0,"parent":13706,"menu_order":0,"comment_status":"closed","ping_status":"closed","template":"","meta":{"footnotes":""},"class_list":["post-13510","page","type-page","status-publish","hentry"],"_links":{"self":[{"href":"https:\/\/clinicalaserdepiel.com.co\/esp\/wp-json\/wp\/v2\/pages\/13510"}],"collection":[{"href":"https:\/\/clinicalaserdepiel.com.co\/esp\/wp-json\/wp\/v2\/pages"}],"about":[{"href":"https:\/\/clinicalaserdepiel.com.co\/esp\/wp-json\/wp\/v2\/types\/page"}],"author":[{"embeddable":true,"href":"https:\/\/clinicalaserdepiel.com.co\/esp\/wp-json\/wp\/v2\/users\/1"}],"replies":[{"embeddable":true,"href":"https:\/\/clinicalaserdepiel.com.co\/esp\/wp-json\/wp\/v2\/comments?post=13510"}],"version-history":[{"count":0,"href":"https:\/\/clinicalaserdepiel.com.co\/esp\/wp-json\/wp\/v2\/pages\/13510\/revisions"}],"up":[{"embeddable":true,"href":"https:\/\/clinicalaserdepiel.com.co\/esp\/wp-json\/wp\/v2\/pages\/13706"}],"wp:attachment":[{"href":"https:\/\/clinicalaserdepiel.com.co\/esp\/wp-json\/wp\/v2\/media?parent=13510"}],"curies":[{"name":"wp","href":"https:\/\/api.w.org\/{rel}","templated":true}]}}