{"id":13498,"date":"2019-06-14T17:26:17","date_gmt":"2019-06-14T17:26:17","guid":{"rendered":"https:\/\/www.imaginatio.com.co\/MX3\/CLP\/?page_id=13498"},"modified":"2022-04-19T16:33:31","modified_gmt":"2022-04-19T16:33:31","slug":"estrias-con-laser","status":"publish","type":"page","link":"https:\/\/clinicalaserdepiel.com.co\/esp\/tratamientos\/estrias-con-laser","title":{"rendered":"Estr\u00edas con L\u00e1ser"},"content":{"rendered":"<section class=\"wpb-content-wrapper\"><p>[vc_row content_aligment=&#8221;center&#8221; el_class=&#8221;cabecera&#8221;][vc_column][vc_column_text]<\/p>\n<h1 class=\"titulo__rosado__grande\">Tratamiento l\u00e1ser para estr\u00edas<\/h1>\n<p>[\/vc_column_text][\/vc_column][\/vc_row][vc_row el_id=&#8221;rowContainer&#8221;][vc_column width=&#8221;3\/4&#8243;][vc_empty_space][vc_row_inner][vc_column_inner width=&#8221;1\/3&#8243;][vc_single_image image=&#8221;15806&#8243; img_size=&#8221;full&#8221; el_class=&#8221;imagenes-cpl&#8221;][\/vc_column_inner][vc_column_inner width=&#8221;2\/3&#8243;][vc_column_text]Gracias a la tecnologia laser con que cuenta Cl\u00ednica Laser de Piel es posible mejorar las estrias y lograr una piel mas sana y tersa.<\/p>\n<p>Las\u00a0estr\u00edas\u00a0son bandas lineales de\u00a0piel atr\u00f3fica y arrugada\u00a0las cuales ocurren luego de que la dermis se estira en exceso o bajo la influencia de estr\u00f3genos o corticoesteroides.<\/p>\n<p>Pueden observarse en la pubertad, embarazo, o por aumentos subitos de peso corporal o por la utilizacion de \u00a0esteroides sist\u00e9micos por\u00a0per\u00edodos prolongados de tiempo, o luego de su administraci\u00f3n t\u00f3pica.<\/p>\n<p>En\u00a0las\u00a0estr\u00edas\u00a0la matriz extracelular se altera, y hay una\u00a0desaparici\u00f3n de fibras el\u00e1sticas\u00a0y del col\u00e1geno. En suma, debido a la p\u00e9rdida de la arquitectura normal de la dermis la estr\u00eda es una cicatriz con atrofia.<\/p>\n<h3>\u00bfCu\u00e1les son los tipos de estr\u00edas?<\/h3>\n<p>Las estr\u00edas tienen\u00a0tres etapas\u00a0a saber:\u00a0la estr\u00eda\u00a0reciente, la cual es de\u00a0color rojo, pasando luego a un color rosado; en una segunda etapa pasa a un color viol\u00e1ceo, y por \u00faltimo, encontramos la estr\u00eda antigua que es de color blanco, algunas con un tono plateado.[\/vc_column_text][\/vc_column_inner][\/vc_row_inner][vc_row_inner][vc_column_inner][vc_column_text]Igualmente las estr\u00edas en cuanto a su amplitud y profundidad presentan diferente apariencia y esto determina el grado de severidad. Es as\u00ed como existen estr\u00edas anchas y profundas o estr\u00edas delgadas y de poca profundidad, etc.[\/vc_column_text][\/vc_column_inner][\/vc_row_inner][vc_row_inner][vc_column_inner][vc_column_text]<\/p>\n<h3>\u00bfCu\u00e1les son los <strong>tratamientos <\/strong>convencionales<strong> para las estr\u00edas<\/strong>?<\/h3>\n<p>Se han utilizado\u00a0varios<strong> tratamientos para las estr\u00edas<\/strong> que van desde la microdermoabrasi\u00f3n, hasta la utilizaci\u00f3n de cremas t\u00f3picas y peelings con\u00a0alcances\u00a0y resultados\u00a0muy reducidos.<\/p>\n<p>Los\u00a0tratamientos t\u00f3picos\u00a0a base de retinoides producen unas mejor\u00edas\u00a0leves en las estr\u00edas, pero pueden generar efectos secundarios como irritaci\u00f3n o manchas.[\/vc_column_text][\/vc_column_inner][\/vc_row_inner][vc_row_inner][vc_column_inner][vc_column_text]<\/p>\n<h2>Estr\u00edas con Laser para una piel mas tersa y saludable<\/h2>\n<h3>\u00bfC\u00f3mo es el <strong>tratamiento l\u00e1ser para las estr\u00edas<\/strong>?<\/h3>\n<h3>Tratamiento para Estr\u00edas Rojas<\/h3>\n<p>Debido a la capacidad de reconstituir\u00a0el col\u00e1geno en la dermis m\u00e1s r\u00e1pidamente en las estr\u00edas recientes y rojas, es importante que \u00e9stas sean tratadas \u00a0con laser una vez aparezcan, ya que los resultados en la primera etapa de la formaci\u00f3n de la estr\u00eda (cuando son de color rojo) son muy superiores\u00a0al <strong>tratamiento de estr\u00edas <\/strong>antiguas o blancas.<\/p>\n<h3>Tratamiento para Estr\u00edas Blancas<\/h3>\n<p>El <strong>tratamiento para estr\u00edas blancas<\/strong> utiliza diversas t\u00e9cnicas para la estimulaci\u00f3n del col\u00e1geno y la reconstituci\u00f3n de la dermis atrofiada logrando la mejor\u00eda de \u00e9stas m\u00e1s no su desaparici\u00f3n definitiva.[\/vc_column_text][\/vc_column_inner][\/vc_row_inner][vc_row_inner][vc_column_inner][vc_column_text]<\/p>\n<h3>Multiterapia con laseres para Estrias blancas<\/h3>\n<p>Los <strong>tratamientos para estr\u00edas blancas<\/strong> pueden ser a trav\u00e9s de l\u00e1seres no ablativos que estimulen la formaci\u00f3n del col\u00e1geno a la vez que mejoren textura y profundidad.<\/p>\n<p>Igualmente,\u00a0 las \u00faltimas tendencias del mercado son a utilizar l\u00e1seres fraccionados en estr\u00edas con el fin de poder lograr mejor\u00edas en un menor n\u00famero de sesiones.<\/p>\n<p>Los\u00a0 <strong>tratamientos para estr\u00edas<\/strong> van encaminados a mejorar textura y profundidad, m\u00e1s no a su eliminaci\u00f3n total.<\/p>\n<p>Los l\u00e1seres\u00a0m\u00e1s apropiados para el <strong>tratamiento de remoci\u00f3n de estr\u00edas<\/strong> son aquellos que facilitan la\u00a0estimulaci\u00f3n\u00a0del\u00a0nuevo col\u00e1geno, pues\u00a0trabajan sobre los fibroblastos que se encuentran en la dermis superficial con resultados sorprendentes tanto para las estr\u00edas rojas como para las\u00a0estr\u00edas blancas.[\/vc_column_text][\/vc_column_inner][\/vc_row_inner][vc_row_inner][vc_column_inner][vc_column_text]<\/p>\n<h3>\u00bfQu\u00e9 puedo esperar del <strong>tratamiento para las estr\u00edas con l\u00e1ser<\/strong>?<\/h3>\n<p>El 70%\u00a0de los pacientes que reciben <strong>tratamiento con l\u00e1ser para las estr\u00edas<\/strong> notan una\u00a0gran mejor\u00eda.<\/p>\n<p>Las estr\u00edas recientes poco profundas y de\u00a0color rojo o viol\u00e1ceo\u00a0son las que mejor responden al tratamiento, casi de forma inmediata.[\/vc_column_text][\/vc_column_inner][\/vc_row_inner][vc_row_inner][vc_column_inner][vc_column_text]<\/p>\n<h2>Remueva o mejore la apariencia de estr\u00edas rojas y blancas<\/h2>\n<p>Las\u00a0novedosas t\u00e9cnicas\u00a0y\u00a0tecnolog\u00edas <strong>l\u00e1ser\u00a0para tratamiento de estr\u00edas<\/strong> con que cuenta Cl\u00ednica L\u00e1ser de Piel permite mejorar en forma sustancial todas las estr\u00edas eliminando color rojo (vasos), rellenando (estr\u00edas deprimidas), aplanando y en general mejorando la apariencia de \u00e9stas.<\/p>\n<p>Adem\u00e1s\u00a0Cl\u00ednica L\u00e1ser de Piel\u00a0cuenta con varios l\u00e1seres que permiten la reducci\u00f3n\u00a0de las estr\u00edas blancas de una manera eficaz y r\u00e1pida; obteni\u00e9ndose de esta manera un excelente resultado para el <strong>tratamiento para las estr\u00edas<\/strong>, mejorando considerablemente la apariencia de la piel.<\/p>\n<p>Solicite la consulta de valoraci\u00f3n en cualquiera de las sedes de Cl\u00ednica L\u00e1ser de Piel ubicadas en Bogot\u00e1, Medell\u00edn, Cali y Barranquilla para conocer el tratamiento l\u00e1ser que m\u00e1s le conviene seg\u00fan el tipo de estr\u00eda.[\/vc_column_text][\/vc_column_inner][\/vc_row_inner][\/vc_column][vc_column width=&#8221;1\/4&#8243;][vc_empty_space][vc_column_text]<\/p>\n<h2 class=\"titulos\">ANTES Y DESPU\u00c9S<\/h2>\n<p>[\/vc_column_text][vc_empty_space][vc_column_text]<div class=\"ich-prefix grid-rel\">\r\n    <div class=\"grid grid-pad wcp-fgg-wrap  ich-main-1444\">\r\n                    <div class=\"mason-item col-1-1\" id=\"ich-14431-0\">\r\n                <div     class=\"wcp-caption-plugin \"\r\n    ontouchstart=\"\"\r\n    id=\"wcp-widget-14431-0\">\r\n        <a rel=\"prettyPhoto[14431]\" href=\"https:\/\/clinicalaserdepiel.com.co\/esp\/wp-content\/uploads\/2021\/08\/Estrias-1.jpg\" target=\"_blank\">            <div class=\"image-caption-box\">\r\n                <div class=\"caption zoom-and-pan\">\r\n                    <div class=\"as-tble\">\r\n                                    <div class=\"centered-text\">\r\n                <h2 style=\"text-transform: uppercase; color: #e6d9ca; text-align: center; position: relative; font-size: 24px; margin: 10px;\">Estr\u00edas con L\u00e1ser<\/h2>\r\n<p style=\"font-size: 14px; color: #fff; text-align: center; margin: 0 !important;\">-Antes y despu\u00e9s -<\/p>\r\n<p style=\"font-size: 14px; color: #fff; text-align: center;\">- Click para ver la imagen -<\/p>            <\/div>\r\n                            <\/div>\r\n                <\/div>\r\n                <img decoding=\"async\" class=\"wcp-caption-image\"\r\n                    src=\"https:\/\/clinicalaserdepiel.com.co\/esp\/wp-content\/uploads\/2021\/08\/Estrias-1.jpg\"\r\n                    title=\"\"\r\n                    alt=\"\"\/>\r\n            <\/div>\r\n\r\n        <\/a><\/div>    <style>\r\n                    #ich-14431-0 {\r\n                padding-right: 10px;\r\n                padding-bottom: 10px;\r\n            }\r\n                #ich-14431-0 .wcp-caption-plugin {\r\n            border-width: ;\r\n            border-style: ;\r\n            border-color: ;\r\n            border-radius: ;\r\n            box-shadow: ;\r\n            width: 100%;\r\n            height: auto;\r\n            margin: 0;\r\n        }\r\n        #ich-14431-0 .caption {\r\n            border-radius: ;\r\n            background-color: #d489aa;\r\n            color: #ffffff !important;\r\n            -webkit-transition-duration: ; \/* Safari *\/\r\n            transition-duration: ;\r\n            height: 100%;\r\n            top: ;\r\n            bottom: ;\r\n        }\r\n        #ich-14431-0 .caption .centered-text {\r\n            text-align: auto;\r\n        }\r\n        #ich-14431-0 .caption .centered-text * {\r\n            color: #ffffff !important;\r\n        }\r\n        #ich-14431-0 .wcp-caption-image {\r\n            -webkit-transition-duration: ;\r\n            transition-duration: ;\r\n            border-radius: ;\r\n            height: ;\r\n            width: ;\r\n        }\r\n    <\/style>                \r\n            <\/div>\r\n                    <div class=\"mason-item col-1-1\" id=\"ich-14431-1\">\r\n                <div     class=\"wcp-caption-plugin \"\r\n    ontouchstart=\"\"\r\n    id=\"wcp-widget-14431-1\">\r\n        <a rel=\"prettyPhoto[14431]\" href=\"https:\/\/clinicalaserdepiel.com.co\/esp\/wp-content\/uploads\/2021\/08\/Estrias-2.jpg\" target=\"_blank\">            <div class=\"image-caption-box\">\r\n                <div class=\"caption zoom-and-pan\">\r\n                    <div class=\"as-tble\">\r\n                                    <div class=\"centered-text\">\r\n                <h2 style=\"text-transform: uppercase; color: #e6d9ca; text-align: center; position: relative; font-size: 24px; margin: 10px;\">Estr\u00edas con L\u00e1ser<\/h2>\r\n<p style=\"font-size: 14px; color: #fff; text-align: center; margin: 0 !important;\">-Antes y despu\u00e9s -<\/p>\r\n<p style=\"font-size: 14px; color: #fff; text-align: center;\">- Click para ver la imagen -<\/p>            <\/div>\r\n                            <\/div>\r\n                <\/div>\r\n                <img decoding=\"async\" class=\"wcp-caption-image\"\r\n                    src=\"https:\/\/clinicalaserdepiel.com.co\/esp\/wp-content\/uploads\/2021\/08\/Estrias-2.jpg\"\r\n                    title=\"\"\r\n                    alt=\"\"\/>\r\n            <\/div>\r\n\r\n        <\/a><\/div>    <style>\r\n                    #ich-14431-1 {\r\n                padding-right: 10px;\r\n                padding-bottom: 10px;\r\n            }\r\n                #ich-14431-1 .wcp-caption-plugin {\r\n            border-width: ;\r\n            border-style: ;\r\n            border-color: ;\r\n            border-radius: ;\r\n            box-shadow: ;\r\n            width: 100%;\r\n            height: auto;\r\n            margin: 0;\r\n        }\r\n        #ich-14431-1 .caption {\r\n            border-radius: ;\r\n            background-color: #d489aa;\r\n            color: #ffffff !important;\r\n            -webkit-transition-duration: ; \/* Safari *\/\r\n            transition-duration: ;\r\n            height: 100%;\r\n            top: ;\r\n            bottom: ;\r\n        }\r\n        #ich-14431-1 .caption .centered-text {\r\n            text-align: auto;\r\n        }\r\n        #ich-14431-1 .caption .centered-text * {\r\n            color: #ffffff !important;\r\n        }\r\n        #ich-14431-1 .wcp-caption-image {\r\n            -webkit-transition-duration: ;\r\n            transition-duration: ;\r\n            border-radius: ;\r\n            height: ;\r\n            width: ;\r\n        }\r\n    <\/style>                \r\n            <\/div>\r\n                    <div class=\"mason-item col-1-1\" id=\"ich-14431-2\">\r\n                <div     class=\"wcp-caption-plugin \"\r\n    ontouchstart=\"\"\r\n    id=\"wcp-widget-14431-2\">\r\n        <a rel=\"prettyPhoto[14431]\" href=\"https:\/\/clinicalaserdepiel.com.co\/esp\/wp-content\/uploads\/2021\/08\/Estrias-3.jpg\" target=\"_blank\">            <div class=\"image-caption-box\">\r\n                <div class=\"caption zoom-and-pan\">\r\n                    <div class=\"as-tble\">\r\n                                    <div class=\"centered-text\">\r\n                <h2 style=\"text-transform: uppercase; color: #e6d9ca; text-align: center; position: relative; font-size: 24px; margin: 10px;\">Estr\u00edas con L\u00e1ser<\/h2>\r\n<p style=\"font-size: 14px; color: #fff; text-align: center; margin: 0 !important;\">-Antes y despu\u00e9s -<\/p>\r\n<p style=\"font-size: 14px; color: #fff; text-align: center;\">- Click para ver la imagen -<\/p>            <\/div>\r\n                            <\/div>\r\n                <\/div>\r\n                <img decoding=\"async\" class=\"wcp-caption-image\"\r\n                    src=\"https:\/\/clinicalaserdepiel.com.co\/esp\/wp-content\/uploads\/2021\/08\/Estrias-3.jpg\"\r\n                    title=\"\"\r\n                    alt=\"\"\/>\r\n            <\/div>\r\n\r\n        <\/a><\/div>    <style>\r\n                    #ich-14431-2 {\r\n                padding-right: 10px;\r\n                padding-bottom: 10px;\r\n            }\r\n                #ich-14431-2 .wcp-caption-plugin {\r\n            border-width: ;\r\n            border-style: ;\r\n            border-color: ;\r\n            border-radius: ;\r\n            box-shadow: ;\r\n            width: 100%;\r\n            height: auto;\r\n            margin: 0;\r\n        }\r\n        #ich-14431-2 .caption {\r\n            border-radius: ;\r\n            background-color: #d489aa;\r\n            color: #ffffff !important;\r\n            -webkit-transition-duration: ; \/* Safari *\/\r\n            transition-duration: ;\r\n            height: 100%;\r\n            top: ;\r\n            bottom: ;\r\n        }\r\n        #ich-14431-2 .caption .centered-text {\r\n            text-align: auto;\r\n        }\r\n        #ich-14431-2 .caption .centered-text * {\r\n            color: #ffffff !important;\r\n        }\r\n        #ich-14431-2 .wcp-caption-image {\r\n            -webkit-transition-duration: ;\r\n            transition-duration: ;\r\n            border-radius: ;\r\n            height: ;\r\n            width: ;\r\n        }\r\n    <\/style>                \r\n            <\/div>\r\n            <\/div>\r\n<\/div>\r\n<style>\r\n    .ich-main-1444 {\r\n        padding-top: 10px;padding-left: 10px;padding-right: 0px;    }\r\n<\/style>\r\n<div class=\"clearfix\"><\/div>\r\n\r\n[\/vc_column_text][vc_empty_space]\n<div class=\"wpcf7 no-js\" id=\"wpcf7-f14168-o1\" lang=\"es-CO\" dir=\"ltr\">\n<div class=\"screen-reader-response\"><p role=\"status\" aria-live=\"polite\" aria-atomic=\"true\"><\/p> <ul><\/ul><\/div>\n<form action=\"\/esp\/wp-json\/wp\/v2\/pages\/13498#wpcf7-f14168-o1\" method=\"post\" class=\"wpcf7-form init\" aria-label=\"Formulario de contacto\" novalidate=\"novalidate\" data-status=\"init\">\n<div style=\"display: none;\">\n<input type=\"hidden\" name=\"_wpcf7\" value=\"14168\" \/>\n<input type=\"hidden\" name=\"_wpcf7_version\" value=\"5.9.8\" \/>\n<input type=\"hidden\" name=\"_wpcf7_locale\" value=\"es_CO\" \/>\n<input type=\"hidden\" name=\"_wpcf7_unit_tag\" value=\"wpcf7-f14168-o1\" \/>\n<input type=\"hidden\" name=\"_wpcf7_container_post\" value=\"0\" \/>\n<input type=\"hidden\" name=\"_wpcf7_posted_data_hash\" value=\"\" \/>\n<input type=\"hidden\" name=\"_wpcf7_recaptcha_response\" value=\"\" \/>\n<\/div>\n<h2 class=\"titulos\" style=\"line-height:4vh; text-align:center; color:rgb(59 72 147)!important;\">\u00bfTiene preguntas? Cont\u00e1ctenos\n<\/h2>\n<div class=\"form__container\">\n\t<div class=\"form__home__group\">\n\t\t<p><label> \u00bfEres paciente de Cl\u00ednica L\u00e1ser de Piel Colombia?<\/label><br \/>\n<span class=\"wpcf7-form-control-wrap\" data-name=\"radio-230\"><span class=\"wpcf7-form-control wpcf7-radio\"><span class=\"wpcf7-list-item first\"><input type=\"radio\" name=\"radio-230\" value=\"Si\" checked=\"checked\" \/><span class=\"wpcf7-list-item-label\">Si<\/span><\/span><span class=\"wpcf7-list-item last\"><input type=\"radio\" name=\"radio-230\" value=\"No\" \/><span class=\"wpcf7-list-item-label\">No<\/span><\/span><\/span><\/span>\n\t\t<\/p>\n\t<\/div>\n\t<div class=\"form__home__group\">\n\t\t<p><span class=\"wpcf7-form-control-wrap\" data-name=\"your-name\"><input size=\"40\" maxlength=\"400\" class=\"wpcf7-form-control wpcf7-text wpcf7-validates-as-required\" aria-required=\"true\" aria-invalid=\"false\" placeholder=\"Nombres\" value=\"\" type=\"text\" name=\"your-name\" \/><\/span>\n\t\t<\/p>\n\t\t<p><span class=\"wpcf7-form-control-wrap\" data-name=\"tel-834\"><input size=\"40\" maxlength=\"400\" class=\"wpcf7-form-control wpcf7-tel wpcf7-validates-as-required wpcf7-text wpcf7-validates-as-tel\" aria-required=\"true\" aria-invalid=\"false\" placeholder=\"Tel\u00e9fono\" value=\"\" type=\"tel\" name=\"tel-834\" \/><\/span>\n\t\t<\/p>\n\t<\/div>\n\t<div class=\"form__home__group\">\n\t\t<p><span class=\"wpcf7-form-control-wrap\" data-name=\"your-email\"><input size=\"40\" maxlength=\"400\" class=\"wpcf7-form-control wpcf7-email wpcf7-validates-as-required wpcf7-text wpcf7-validates-as-email\" aria-required=\"true\" aria-invalid=\"false\" placeholder=\"Correo\" value=\"\" type=\"email\" name=\"your-email\" \/><\/span>\n\t\t<\/p>\n\t<\/div>\n\t<div class=\"form__home__group\">\n\t\t<p><span class=\"wpcf7-form-control-wrap\" data-name=\"ciudad\"><select class=\"wpcf7-form-control wpcf7-select wpcf7-validates-as-required placeholder-style\" aria-required=\"true\" aria-invalid=\"false\" name=\"ciudad\"><option value=\"\">\u00bfEn qu\u00e9 ciudad desea recibir atenci\u00f3n presencial?<\/option><option value=\"Bogot\u00e1\">Bogot\u00e1<\/option><option value=\"Medell\u00edn\">Medell\u00edn<\/option><option value=\"Cali\">Cali<\/option><option value=\"Barranquilla\">Barranquilla<\/option><\/select><\/span>\n\t\t<\/p>\n\t<\/div>\n\t<div class=\"form__home__group\">\n\t\t<p><span class=\"wpcf7-form-control-wrap\" data-name=\"tratamiento\"><select class=\"wpcf7-form-control wpcf7-select wpcf7-validates-as-required\" aria-required=\"true\" aria-invalid=\"false\" name=\"tratamiento\"><option value=\"\">Tratamiento de inter\u00e9s<\/option><option value=\"Acn\u00e9 activo\">Acn\u00e9 activo<\/option><option value=\"Bolsas en ojos\">Bolsas en ojos<\/option><option value=\"Cicatrices\">Cicatrices<\/option><option value=\"Depilaci\u00f3n l\u00e1ser\">Depilaci\u00f3n l\u00e1ser<\/option><option value=\"Estr\u00edas\">Estr\u00edas<\/option><option value=\"Hiperpigmentaci\u00f3n labial\">Hiperpigmentaci\u00f3n labial<\/option><option value=\"Lifting facial\">Lifting facial<\/option><option value=\"Pecas, manchas y melasma\">Pecas, manchas y melasma<\/option><option value=\"Moldeamiento corporal, reducci\u00f3n de medidas, celulitis\">Moldeamiento corporal, reducci\u00f3n de medidas, celulitis<\/option><option value=\"Rejuvenecimiento facial\">Rejuvenecimiento facial<\/option><option value=\"Remoci\u00f3n de tatuajes\">Remoci\u00f3n de tatuajes<\/option><option value=\"Venas en piernas\">Venas en piernas<\/option><option value=\"Otro\">Otro<\/option><\/select><\/span>\n\t\t<\/p>\n\t<\/div>\n<\/div>\n<div class=\"form__home__group__no__flex\">\n\t<p><span class=\"wpcf7-form-control-wrap\" data-name=\"your-message\"><textarea cols=\"40\" rows=\"10\" maxlength=\"2000\" class=\"wpcf7-form-control wpcf7-textarea\" aria-invalid=\"false\" placeholder=\"Mensaje\" name=\"your-message\"><\/textarea><\/span>\n\t<\/p>\n<\/div>\n<div class=\"form__home__group__no__flex\">\n\t<p class=\"parrafos\" style=\"font-size:12px;line-height:16px;text-align: justify;\">De manera voluntaria, expl\u00edcita, informada e inequ\u00edvoca, autorizo a Cl\u00ednica L\u00e1ser de Piel para tratar mis datos personales, de acuerdo con lo dispuesto en los art\u00edculos 5, 7 y concordantes del Decreto 1377 de 2013 y las dem\u00e1s disposiciones legales referentes al tema. Para mayor informaci\u00f3n acerca del manejo de tus datos personales, puedes revisar nuestra <label><a href=\"https:\/\/clinicalaserdepiel.com.co\/esp\/publicaciones\/politica-de-manejo-de-datos\" target=\"_blank\" style=\"border-bottom:1px solid #171775;\"> pol\u00edtica de tratamiento de datos.<\/a><\/label>\n\t<\/p>\n<\/div>\n<div style=\"display: flex; justify-content: center;\">\n\t<p><input class=\"wpcf7-form-control wpcf7-submit has-spinner\" type=\"submit\" value=\"Enviar\" \/>\n\t<\/p>\n<\/div>\n\n<p style=\"display: none !important;\" class=\"akismet-fields-container\" data-prefix=\"_wpcf7_ak_\"><label>&#916;<textarea name=\"_wpcf7_ak_hp_textarea\" cols=\"45\" rows=\"8\" maxlength=\"100\"><\/textarea><\/label><input type=\"hidden\" id=\"ak_js_1\" name=\"_wpcf7_ak_js\" value=\"14\"\/><script>document.getElementById( \"ak_js_1\" ).setAttribute( \"value\", ( new Date() ).getTime() );<\/script><\/p><div class=\"wpcf7-response-output\" aria-hidden=\"true\"><\/div>\n<\/form>\n<\/div>\n[\/vc_column][\/vc_row]<\/p>\n<\/section>","protected":false},"excerpt":{"rendered":"<p>[vc_row content_aligment=&#8221;center&#8221; el_class=&#8221;cabecera&#8221;][vc_column][vc_column_text] Tratamiento l\u00e1ser para estr\u00edas [\/vc_column_text][\/vc_column][\/vc_row][vc_row el_id=&#8221;rowContainer&#8221;][vc_column width=&#8221;3\/4&#8243;][vc_empty_space][vc_row_inner][vc_column_inner width=&#8221;1\/3&#8243;][vc_single_image image=&#8221;15806&#8243; img_size=&#8221;full&#8221; el_class=&#8221;imagenes-cpl&#8221;][\/vc_column_inner][vc_column_inner width=&#8221;2\/3&#8243;][vc_column_text]Gracias a la tecnologia laser con que cuenta Cl\u00ednica Laser de Piel es posible mejorar las estrias y lograr una piel mas sana y tersa. Las\u00a0estr\u00edas\u00a0son bandas lineales de\u00a0piel atr\u00f3fica y&#8230;<\/p>\n","protected":false},"author":1,"featured_media":0,"parent":13706,"menu_order":0,"comment_status":"closed","ping_status":"closed","template":"","meta":{"footnotes":""},"class_list":["post-13498","page","type-page","status-publish","hentry"],"_links":{"self":[{"href":"https:\/\/clinicalaserdepiel.com.co\/esp\/wp-json\/wp\/v2\/pages\/13498"}],"collection":[{"href":"https:\/\/clinicalaserdepiel.com.co\/esp\/wp-json\/wp\/v2\/pages"}],"about":[{"href":"https:\/\/clinicalaserdepiel.com.co\/esp\/wp-json\/wp\/v2\/types\/page"}],"author":[{"embeddable":true,"href":"https:\/\/clinicalaserdepiel.com.co\/esp\/wp-json\/wp\/v2\/users\/1"}],"replies":[{"embeddable":true,"href":"https:\/\/clinicalaserdepiel.com.co\/esp\/wp-json\/wp\/v2\/comments?post=13498"}],"version-history":[{"count":0,"href":"https:\/\/clinicalaserdepiel.com.co\/esp\/wp-json\/wp\/v2\/pages\/13498\/revisions"}],"up":[{"embeddable":true,"href":"https:\/\/clinicalaserdepiel.com.co\/esp\/wp-json\/wp\/v2\/pages\/13706"}],"wp:attachment":[{"href":"https:\/\/clinicalaserdepiel.com.co\/esp\/wp-json\/wp\/v2\/media?parent=13498"}],"curies":[{"name":"wp","href":"https:\/\/api.w.org\/{rel}","templated":true}]}}