{"id":13469,"date":"2019-06-14T15:15:23","date_gmt":"2019-06-14T15:15:23","guid":{"rendered":"https:\/\/www.imaginatio.com.co\/MX3\/CLP\/?page_id=13469"},"modified":"2022-04-19T16:23:55","modified_gmt":"2022-04-19T16:23:55","slug":"rejuvenecimiento-rostro-y-cuello","status":"publish","type":"page","link":"https:\/\/clinicalaserdepiel.com.co\/esp\/tratamientos\/rejuvenecimiento-rostro-y-cuello","title":{"rendered":"Rejuvenecimiento en rostro y cuello"},"content":{"rendered":"<section class=\"wpb-content-wrapper\"><p>[vc_row content_aligment=&#8221;center&#8221; el_class=&#8221;cabecera&#8221;][vc_column][vc_column_text]<\/p>\n<h1 class=\"titulo__rosado__grande\">Rejuvenecimiento en rostro y cuello<\/h1>\n<p>[\/vc_column_text][\/vc_column][\/vc_row][vc_row el_id=&#8221;rowContainer&#8221;][vc_column width=&#8221;2\/3&#8243;][vc_empty_space][vc_row_inner][vc_column_inner width=&#8221;1\/3&#8243;][vc_single_image image=&#8221;15764&#8243; img_size=&#8221;full&#8221; el_class=&#8221;imagenes-cpl&#8221;][\/vc_column_inner][vc_column_inner width=&#8221;2\/3&#8243;][vc_column_text]<\/p>\n<h2><strong>Rejuvenecimiento facial con l\u00e1ser<\/strong> que recupera la belleza de tu piel<\/h2>\n<p>Gracias a los avances de la ciencia el rejuvenecimiento facial y en cuello es posible, se han creado tecnolog\u00edas l\u00e1ser para revertir los signos del fotoenvejecimiento, mediante nuevas tecnolog\u00edas l\u00e1ser que permiten tratar venitas en cara, las manchas superficiales o epid\u00e9rmicas, discrom\u00edas, textura, arrugas leves y severas, elevaci\u00f3n de parpados y flacidez, para lucir una piel m\u00e1s joven y tersa.<\/p>\n<p>Cl\u00ednica L\u00e1ser de Piel cuenta con gran variedad de l\u00e1seres de alta potencia y tecnolog\u00edas de luz que permiten tratar todos los signos del envejecimiento mediante diferentes tratamientos de <strong>rejuvenecimiento facial.<\/strong>[\/vc_column_text][\/vc_column_inner][vc_column_inner][vc_column_text]En consulta de valoraci\u00f3n expertos en l\u00e1ser de Cl\u00ednica L\u00e1ser de Piel har\u00e1n un tratamiento personalizado seg\u00fan diagn\u00f3stico que combine diferentes tecnolog\u00edas para lograr una piel m\u00e1s joven y tersa.\u00a0 Los tratamientos l\u00e1ser pueden complementarse con rellenos faciales seg\u00fan requiera el\u00a0caso.<\/p>\n<p>Cl\u00ednica L\u00e1ser de Piel realiza diferentes tipos de rejuvenecimiento facial seg\u00fan el caso del paciente, tratamientos sin incapacidad como el <strong>Rejuvenecimiento Facial<\/strong> Epid\u00e9rmico (RNA) o con incapacidad m\u00ednima como el <strong>Rejuvenecimiento Facial<\/strong> con L\u00e1ser Fraccionado para mejorar la apariencia y textura de la piel.\u00a0 Para tratar la flacidez en el rostro, se realizan tratamientos de lifting facial sin cirug\u00eda, con tecnolog\u00edas como Ultraskin o Tit\u00e1n.[\/vc_column_text][\/vc_column_inner][\/vc_row_inner][vc_empty_space][vc_row_inner el_class=&#8221;no-margen-h2&#8243;][vc_column_inner][vc_column_text]<\/p>\n<h2>Ultrasonido Microfocalizado (HIFU) para lifting facial sin cirug\u00eda \u00a1Nuevo!<\/h2>\n<p>[\/vc_column_text][vc_empty_space][\/vc_column_inner][vc_column_inner width=&#8221;1\/3&#8243;][vc_single_image image=&#8221;16110&#8243; img_size=&#8221;full&#8221; el_class=&#8221;imagenes-cpl&#8221;][\/vc_column_inner][vc_column_inner width=&#8221;2\/3&#8243;][vc_column_text]<\/p>\n<h3><strong>Rejuvenecimiento facial<\/strong> con Ultraskin para lucir una piel firme y tersa<\/h3>\n<p>La introducci\u00f3n de una nueva tecnolog\u00eda no invasiva de Ultrasonido microfocalizado muy potente llamada Ultraskin ha revolucionado los tratamientos de lifting o estiramiento cut\u00e1neo para la tan indeseada <strong>flacidez facial.<\/strong><\/p>\n<p>La tecnolog\u00eda de Ultrasonido Microfocalizado combate en forma efectiva la doble papada, la p\u00e9rdida de contorno de mand\u00edbula y los surcos que se producen debido al proceso de envejecimiento cut\u00e1neo.<\/p>\n<p>El <strong>rejuvenecimiento facial<\/strong> con Ultraskin permite tensar y levantar la piel fl\u00e1cida para lucir una piel m\u00e1s linda y joven.<\/p>\n<p>*S\u00f3lo en Bogot\u00e1, Medell\u00edn, Cali o Barranquilla[\/vc_column_text][vc_column_text]<\/p>\n<section class=\"button1\"><a style=\"margin-right: 1vw;\" href=\"https:\/\/clinicalaserdepiel.com.co\/esp\/tratamientos\/rejuvenecimiento-rostro-y-cuello\/lifting-facial-sin-cirugia-con-ultraskin-hifu-nuevo\/\">lea m\u00e1s<\/a><br \/>\n<a href=\"https:\/\/clinicalaserdepiel.com.co\/esp\/contactenos\/\">Programe una cita<\/a><\/section>\n<p>[\/vc_column_text][vc_empty_space][\/vc_column_inner][\/vc_row_inner][vc_empty_space][vc_row_inner el_class=&#8221;no-margen-h2&#8243;][vc_column_inner][vc_column_text]<\/p>\n<h2><strong>Rejuvenecimiento<\/strong> en 3D con Tit\u00e1n y Radiofrecuencia Tripolar para <strong>flacidez facial<\/strong> y en cuello<\/h2>\n<p>[\/vc_column_text][vc_empty_space][\/vc_column_inner][vc_column_inner width=&#8221;1\/3&#8243;][vc_single_image image=&#8221;15607&#8243; img_size=&#8221;full&#8221; el_class=&#8221;imagenes-cpl&#8221;][\/vc_column_inner][vc_column_inner width=&#8221;2\/3&#8243;][vc_column_text]<\/p>\n<h3>\u00a1Adi\u00f3s flacidez!<\/h3>\n<p>Mejora la <strong>flacidez facial<\/strong> y cuello mediante la estimulaci\u00f3n de col\u00e1geno mejorando as\u00ed, arrugas moderadas, surcos nasolabiales, contorno de mand\u00edbula y cuello. \u00a0Sin incapacidad. Este tratamiento se puede combinar con <strong>Rejuvenecimiento Facial<\/strong> Epid\u00e9rmico y con <strong>Rejuvenecimiento Facial<\/strong> con l\u00e1ser Fraccionado para mejorar los resultados.[\/vc_column_text][vc_column_text]<\/p>\n<section class=\"button1\"><a style=\"margin-right: 1vw;\" href=\"https:\/\/clinicalaserdepiel.com.co\/esp\/tratamientos\/rejuvenecimiento-rostro-y-cuello\/rejuvenecimiento-en-tercera-dimension-con-titan-y-radiofrecuencia-tripolar-para-flacidez-en-cara-y-cuello\">lea m\u00e1s<\/a><br \/>\n<a href=\"https:\/\/clinicalaserdepiel.com.co\/esp\/contactenos\/\">Programe una cita<\/a><\/section>\n<p>[\/vc_column_text][vc_empty_space][\/vc_column_inner][\/vc_row_inner][vc_empty_space][vc_row_inner el_class=&#8221;no-margen-h2&#8243;][vc_column_inner][vc_column_text]<\/p>\n<h2><strong>Rejuvenecimiento \u00a0facial<\/strong> epid\u00e9rmico (RNA)<\/h2>\n<p>[\/vc_column_text][vc_empty_space][\/vc_column_inner][vc_column_inner width=&#8221;1\/3&#8243;][vc_single_image image=&#8221;15599&#8243; img_size=&#8221;full&#8221; el_class=&#8221;imagenes-cpl&#8221;][\/vc_column_inner][vc_column_inner width=&#8221;2\/3&#8243;][vc_column_text]<\/p>\n<h3>\u00a1Luce una piel hermosa que proyecte juventud!<\/h3>\n<p>Si \u00e9sta preocupada por manchas, venitas, arrugas y fotoenvejecimiento del rostro, y no quiere someterse a una cirug\u00eda Cl\u00ednica L\u00e1ser de Piel tiene una\u00a0excelente noticia:\u00a0el <strong>rejuvenecimiento facial<\/strong> epid\u00e9rmico con l\u00e1ser es la soluci\u00f3n.<\/p>\n<p>El tratamiento de <strong>Rejuvenecimiento Facial<\/strong> Epid\u00e9rmico (RNA) remueve lesiones vasculares superficiales como venitas en cara y nevus en rub\u00ed.\u00a0 Tambi\u00e9n, remueve lesiones pigmentadas superficiales como pecas, lentigos, nevus intrad\u00e9rmicos, queratosis y, mejora discrom\u00edas para lograr un tono uniforme en el color de la piel, textura de la piel y arrugas superficiales. Sin incapacidad.[\/vc_column_text][vc_column_text]<\/p>\n<section class=\"button1\"><a style=\"margin-right: 1vw;\" href=\"https:\/\/clinicalaserdepiel.com.co\/esp\/tratamientos\/rejuvenecimiento-rostro-y-cuello\/rejuvenecimiento-epidermico-rna\">lea m\u00e1s<\/a><br \/>\n<a href=\"https:\/\/clinicalaserdepiel.com.co\/esp\/contactenos\/\">Programe una cita<\/a><\/section>\n<p>[\/vc_column_text][vc_empty_space][\/vc_column_inner][\/vc_row_inner][vc_row_inner el_class=&#8221;no-margen-h2&#8243;][vc_column_inner][vc_column_text]<\/p>\n<h2><strong>Rejuvenecimiento facial<\/strong> con L\u00e1ser Fraccionado para arrugas moderadas a severas y cicatrices<\/h2>\n<p>[\/vc_column_text][vc_empty_space][\/vc_column_inner][vc_column_inner width=&#8221;1\/3&#8243;][vc_single_image image=&#8221;15769&#8243; img_size=&#8221;full&#8221; el_class=&#8221;imagenes-cpl&#8221;][\/vc_column_inner][vc_column_inner width=&#8221;2\/3&#8243;][vc_column_text]<\/p>\n<h3>\u00a1Luce a\u00f1os m\u00e1s joven!<\/h3>\n<p>El <strong>rejuvenecimiento facial<\/strong> con l\u00e1ser fraccionado mejora arrugas moderadas a severas, mediante la estimulaci\u00f3n de col\u00e1geno, mejora textura, poros y rejuvenece p\u00e1rpados y tercio superior de la cara mediante un minilifting, dando al rostro una apariencia m\u00e1s joven y bella.<br \/>\nRequiere de una incapacidad de 3 a 4 d\u00edas aproximadamente.[\/vc_column_text][vc_column_text]<\/p>\n<section class=\"button1\"><a style=\"margin-right: 1vw;\" href=\"https:\/\/clinicalaserdepiel.com.co\/esp\/tratamientos\/rejuvenecimiento-rostro-y-cuello\/rejuvenecimiento-con-el-laser-fraccionado-para-arrugas-moderadas-a-severas-y-cicatrices\">lea m\u00e1s<\/a><br \/>\n<a href=\"https:\/\/clinicalaserdepiel.com.co\/esp\/contactenos\/\">Programe una cita<\/a><\/section>\n<p>[\/vc_column_text][\/vc_column_inner][\/vc_row_inner][vc_empty_space][vc_column_text]Cl\u00ednica L\u00e1ser de Piel, con sedes en Bogot\u00e1, Medell\u00edn, Cali y Barranquilla, realiza tratamientos personalizados sin cirug\u00eda para <strong>rejuvenecimiento facial<\/strong> y en cuello con tecnolog\u00eda l\u00e1ser para combatir los signos del envejecimiento.[\/vc_column_text][\/vc_column][vc_column width=&#8221;1\/3&#8243;][vc_empty_space][vc_empty_space][vc_column_text]\n<div class=\"wpcf7 no-js\" id=\"wpcf7-f14168-o1\" lang=\"es-CO\" dir=\"ltr\">\n<div class=\"screen-reader-response\"><p role=\"status\" aria-live=\"polite\" aria-atomic=\"true\"><\/p> <ul><\/ul><\/div>\n<form action=\"\/esp\/wp-json\/wp\/v2\/pages\/13469#wpcf7-f14168-o1\" method=\"post\" class=\"wpcf7-form init\" aria-label=\"Formulario de contacto\" novalidate=\"novalidate\" data-status=\"init\">\n<div style=\"display: none;\">\n<input type=\"hidden\" name=\"_wpcf7\" value=\"14168\" \/>\n<input type=\"hidden\" name=\"_wpcf7_version\" value=\"5.9.8\" \/>\n<input type=\"hidden\" name=\"_wpcf7_locale\" value=\"es_CO\" \/>\n<input type=\"hidden\" name=\"_wpcf7_unit_tag\" value=\"wpcf7-f14168-o1\" \/>\n<input type=\"hidden\" name=\"_wpcf7_container_post\" value=\"0\" \/>\n<input type=\"hidden\" name=\"_wpcf7_posted_data_hash\" value=\"\" \/>\n<input type=\"hidden\" name=\"_wpcf7_recaptcha_response\" value=\"\" \/>\n<\/div>\n<h2 class=\"titulos\" style=\"line-height:4vh; text-align:center; color:rgb(59 72 147)!important;\">\u00bfTiene preguntas? Cont\u00e1ctenos\n<\/h2>\n<div class=\"form__container\">\n\t<div class=\"form__home__group\">\n\t\t<p><label> \u00bfEres paciente de Cl\u00ednica L\u00e1ser de Piel Colombia?<\/label><br \/>\n<span class=\"wpcf7-form-control-wrap\" data-name=\"radio-230\"><span class=\"wpcf7-form-control wpcf7-radio\"><span class=\"wpcf7-list-item first\"><input type=\"radio\" name=\"radio-230\" value=\"Si\" checked=\"checked\" \/><span class=\"wpcf7-list-item-label\">Si<\/span><\/span><span class=\"wpcf7-list-item last\"><input type=\"radio\" name=\"radio-230\" value=\"No\" \/><span class=\"wpcf7-list-item-label\">No<\/span><\/span><\/span><\/span>\n\t\t<\/p>\n\t<\/div>\n\t<div class=\"form__home__group\">\n\t\t<p><span class=\"wpcf7-form-control-wrap\" data-name=\"your-name\"><input size=\"40\" maxlength=\"400\" class=\"wpcf7-form-control wpcf7-text wpcf7-validates-as-required\" aria-required=\"true\" aria-invalid=\"false\" placeholder=\"Nombres\" value=\"\" type=\"text\" name=\"your-name\" \/><\/span>\n\t\t<\/p>\n\t\t<p><span class=\"wpcf7-form-control-wrap\" data-name=\"tel-834\"><input size=\"40\" maxlength=\"400\" class=\"wpcf7-form-control wpcf7-tel wpcf7-validates-as-required wpcf7-text wpcf7-validates-as-tel\" aria-required=\"true\" aria-invalid=\"false\" placeholder=\"Tel\u00e9fono\" value=\"\" type=\"tel\" name=\"tel-834\" \/><\/span>\n\t\t<\/p>\n\t<\/div>\n\t<div class=\"form__home__group\">\n\t\t<p><span class=\"wpcf7-form-control-wrap\" data-name=\"your-email\"><input size=\"40\" maxlength=\"400\" class=\"wpcf7-form-control wpcf7-email wpcf7-validates-as-required wpcf7-text wpcf7-validates-as-email\" aria-required=\"true\" aria-invalid=\"false\" placeholder=\"Correo\" value=\"\" type=\"email\" name=\"your-email\" \/><\/span>\n\t\t<\/p>\n\t<\/div>\n\t<div class=\"form__home__group\">\n\t\t<p><span class=\"wpcf7-form-control-wrap\" data-name=\"ciudad\"><select class=\"wpcf7-form-control wpcf7-select wpcf7-validates-as-required placeholder-style\" aria-required=\"true\" aria-invalid=\"false\" name=\"ciudad\"><option value=\"\">\u00bfEn qu\u00e9 ciudad desea recibir atenci\u00f3n presencial?<\/option><option value=\"Bogot\u00e1\">Bogot\u00e1<\/option><option value=\"Medell\u00edn\">Medell\u00edn<\/option><option value=\"Cali\">Cali<\/option><option value=\"Barranquilla\">Barranquilla<\/option><\/select><\/span>\n\t\t<\/p>\n\t<\/div>\n\t<div class=\"form__home__group\">\n\t\t<p><span class=\"wpcf7-form-control-wrap\" data-name=\"tratamiento\"><select class=\"wpcf7-form-control wpcf7-select wpcf7-validates-as-required\" aria-required=\"true\" aria-invalid=\"false\" name=\"tratamiento\"><option value=\"\">Tratamiento de inter\u00e9s<\/option><option value=\"Acn\u00e9 activo\">Acn\u00e9 activo<\/option><option value=\"Bolsas en ojos\">Bolsas en ojos<\/option><option value=\"Cicatrices\">Cicatrices<\/option><option value=\"Depilaci\u00f3n l\u00e1ser\">Depilaci\u00f3n l\u00e1ser<\/option><option value=\"Estr\u00edas\">Estr\u00edas<\/option><option value=\"Hiperpigmentaci\u00f3n labial\">Hiperpigmentaci\u00f3n labial<\/option><option value=\"Lifting facial\">Lifting facial<\/option><option value=\"Pecas, manchas y melasma\">Pecas, manchas y melasma<\/option><option value=\"Moldeamiento corporal, reducci\u00f3n de medidas, celulitis\">Moldeamiento corporal, reducci\u00f3n de medidas, celulitis<\/option><option value=\"Rejuvenecimiento facial\">Rejuvenecimiento facial<\/option><option value=\"Remoci\u00f3n de tatuajes\">Remoci\u00f3n de tatuajes<\/option><option value=\"Venas en piernas\">Venas en piernas<\/option><option value=\"Otro\">Otro<\/option><\/select><\/span>\n\t\t<\/p>\n\t<\/div>\n<\/div>\n<div class=\"form__home__group__no__flex\">\n\t<p><span class=\"wpcf7-form-control-wrap\" data-name=\"your-message\"><textarea cols=\"40\" rows=\"10\" maxlength=\"2000\" class=\"wpcf7-form-control wpcf7-textarea\" aria-invalid=\"false\" placeholder=\"Mensaje\" name=\"your-message\"><\/textarea><\/span>\n\t<\/p>\n<\/div>\n<div class=\"form__home__group__no__flex\">\n\t<p class=\"parrafos\" style=\"font-size:12px;line-height:16px;text-align: justify;\">De manera voluntaria, expl\u00edcita, informada e inequ\u00edvoca, autorizo a Cl\u00ednica L\u00e1ser de Piel para tratar mis datos personales, de acuerdo con lo dispuesto en los art\u00edculos 5, 7 y concordantes del Decreto 1377 de 2013 y las dem\u00e1s disposiciones legales referentes al tema. Para mayor informaci\u00f3n acerca del manejo de tus datos personales, puedes revisar nuestra <label><a href=\"https:\/\/clinicalaserdepiel.com.co\/esp\/publicaciones\/politica-de-manejo-de-datos\" target=\"_blank\" style=\"border-bottom:1px solid #171775;\"> pol\u00edtica de tratamiento de datos.<\/a><\/label>\n\t<\/p>\n<\/div>\n<div style=\"display: flex; justify-content: center;\">\n\t<p><input class=\"wpcf7-form-control wpcf7-submit has-spinner\" type=\"submit\" value=\"Enviar\" \/>\n\t<\/p>\n<\/div>\n\n<p style=\"display: none !important;\" class=\"akismet-fields-container\" data-prefix=\"_wpcf7_ak_\"><label>&#916;<textarea name=\"_wpcf7_ak_hp_textarea\" cols=\"45\" rows=\"8\" maxlength=\"100\"><\/textarea><\/label><input type=\"hidden\" id=\"ak_js_1\" name=\"_wpcf7_ak_js\" value=\"12\"\/><script>document.getElementById( \"ak_js_1\" ).setAttribute( \"value\", ( new Date() ).getTime() );<\/script><\/p><div class=\"wpcf7-response-output\" aria-hidden=\"true\"><\/div>\n<\/form>\n<\/div>\n[\/vc_column_text][\/vc_column][\/vc_row]<\/p>\n<\/section>","protected":false},"excerpt":{"rendered":"<p>[vc_row content_aligment=&#8221;center&#8221; el_class=&#8221;cabecera&#8221;][vc_column][vc_column_text] Rejuvenecimiento en rostro y cuello [\/vc_column_text][\/vc_column][\/vc_row][vc_row el_id=&#8221;rowContainer&#8221;][vc_column width=&#8221;2\/3&#8243;][vc_empty_space][vc_row_inner][vc_column_inner width=&#8221;1\/3&#8243;][vc_single_image image=&#8221;15764&#8243; img_size=&#8221;full&#8221; el_class=&#8221;imagenes-cpl&#8221;][\/vc_column_inner][vc_column_inner width=&#8221;2\/3&#8243;][vc_column_text] Rejuvenecimiento facial con l\u00e1ser que recupera la belleza de tu piel Gracias a los avances de la ciencia el rejuvenecimiento facial y en cuello es posible, se han creado&#8230;<\/p>\n","protected":false},"author":1,"featured_media":0,"parent":13706,"menu_order":0,"comment_status":"closed","ping_status":"closed","template":"","meta":{"footnotes":""},"class_list":["post-13469","page","type-page","status-publish","hentry"],"_links":{"self":[{"href":"https:\/\/clinicalaserdepiel.com.co\/esp\/wp-json\/wp\/v2\/pages\/13469"}],"collection":[{"href":"https:\/\/clinicalaserdepiel.com.co\/esp\/wp-json\/wp\/v2\/pages"}],"about":[{"href":"https:\/\/clinicalaserdepiel.com.co\/esp\/wp-json\/wp\/v2\/types\/page"}],"author":[{"embeddable":true,"href":"https:\/\/clinicalaserdepiel.com.co\/esp\/wp-json\/wp\/v2\/users\/1"}],"replies":[{"embeddable":true,"href":"https:\/\/clinicalaserdepiel.com.co\/esp\/wp-json\/wp\/v2\/comments?post=13469"}],"version-history":[{"count":0,"href":"https:\/\/clinicalaserdepiel.com.co\/esp\/wp-json\/wp\/v2\/pages\/13469\/revisions"}],"up":[{"embeddable":true,"href":"https:\/\/clinicalaserdepiel.com.co\/esp\/wp-json\/wp\/v2\/pages\/13706"}],"wp:attachment":[{"href":"https:\/\/clinicalaserdepiel.com.co\/esp\/wp-json\/wp\/v2\/media?parent=13469"}],"curies":[{"name":"wp","href":"https:\/\/api.w.org\/{rel}","templated":true}]}}