{"id":13448,"date":"2019-06-13T14:37:30","date_gmt":"2019-06-13T14:37:30","guid":{"rendered":"https:\/\/www.imaginatio.com.co\/MX3\/CLP\/?page_id=13448"},"modified":"2026-01-19T20:26:53","modified_gmt":"2026-01-19T20:26:53","slug":"nuestras-sedes","status":"publish","type":"page","link":"https:\/\/clinicalaserdepiel.com.co\/esp\/contactenos\/nuestras-sedes","title":{"rendered":"Nuestras Sedes"},"content":{"rendered":"<section class=\"wpb-content-wrapper\"><p>[vc_row content_aligment=&#8221;right&#8221; el_class=&#8221;cabecera&#8221;][vc_column][vc_column_text]<\/p>\n<h1 class=\"titulo__rosado__grande\">Nuestras Sedes<\/h1>\n<p>[\/vc_column_text][\/vc_column][\/vc_row][vc_row el_id=&#8221;rowContainer&#8221;][vc_column width=&#8221;2\/3&#8243;][vc_column_text]<\/p>\n<div class=\"columnheadlineabout\">\n<h4 class=\"sub__titulos\"><\/h4>\n<\/div>\n<p><a id=\"eztoc667_1\" name=\"eztoc667_1\"><\/a><\/p>\n<h2 class=\"titulos\">BOGOT\u00c1<\/h2>\n<div class=\"\">\n<div class=\"content-view-embed\">\n<div class=\"class-image\"><\/div>\n<\/div>\n<\/div>\n<p><iframe loading=\"lazy\" src=\"https:\/\/www.google.com\/maps\/embed?pb=!1m18!1m12!1m3!1d3976.5006799982925!2d-74.0493796847065!3d4.682691943116014!2m3!1f0!2f0!3f0!3m2!1i1024!2i768!4f13.1!3m3!1m2!1s0x8e3f9a9685306243%3A0x5504ecb7b1701b0b!2sCra.+13a+%2398-16%2C+Bogot%C3%A1!5e0!3m2!1ses!2sco!4v1448299296323\" width=\"760\" height=\"270\" frameborder=\"0\" allowfullscreen=\"allowfullscreen\" data-mce-fragment=\"1\"><\/iframe><\/p>\n<p><b>Sede Chic\u00f3:<\/b> Cra 13A No. 98-16<br \/>\n<b>Tel. <a href=\"tel:6015142019\">(601) 5142019<\/a> &#8211;\u00a0<\/b><strong><span class=\"bolder__text\"><a href=\"tel:3146368386\">3146368386<\/a> &#8211; <a href=\"tel:3134217385\">3134217385<\/a><\/span><\/strong><br \/>\n<b>Horario:<\/b><\/p>\n<ul>\n<li>Lunes a viernes 8:00am \u2013 7:00pm<\/li>\n<li>S\u00e1bados 9:00am \u2013 2:00pm<\/li>\n<\/ul>\n<p>[\/vc_column_text][vc_empty_space][vc_row_inner][vc_column_inner][vc_column_text]<iframe loading=\"lazy\" src=\"https:\/\/www.google.com\/maps\/embed?pb=!1m18!1m12!1m3!1d3976.6584454535464!2d-74.10683668470648!3d4.6548575433481645!2m3!1f0!2f0!3f0!3m2!1i1024!2i768!4f13.1!3m3!1m2!1s0x8e3f9b96e4075ed5%3A0xfb80da5a89185353!2sAv.+El+Dorado+%2368-61%2C+Bogot%C3%A1!5e0!3m2!1ses!2sco!4v1448299705341\" width=\"760\" height=\"270\" frameborder=\"0\" allowfullscreen=\"allowfullscreen\" data-mce-fragment=\"1\"><\/iframe><\/p>\n<p><b>Sede Salitre:<\/b> Av. El Dorado No. 68C \u2013 61 Of. 328 Edificio Torre Central<br \/>\n<b>Tel. <\/b><a href=\"tel:6018059053\">(601) 8059053<\/a> &#8211;\u00a0<a href=\"tel:6018059386\">(601) 8059386<\/a><span data-olk-copy-source=\"MessageBody\">\u00a0 &#8211;<\/span>\u00a0<span class=\"bolder__text\"><a href=\"tel:3216450483\"><span data-olk-copy-source=\"MessageBody\">3216450483<\/span><\/a> &#8211; <a href=\"tel:3104148890\"><span data-olk-copy-source=\"MessageBody\">3104148890<\/span><\/a><\/span><br \/>\n<b>Horario:<\/b><\/p>\n<ul>\n<li>Lunes, martes y jueves 8:00am &#8211; 6:30pm<\/li>\n<li>Mi\u00e9rcoles y viernes 8:00am &#8211; 7:00pm<\/li>\n<li>S\u00e1bados 9:00am &#8211; 2:00pm<\/li>\n<\/ul>\n<p>[\/vc_column_text][vc_empty_space][\/vc_column_inner][\/vc_row_inner][vc_row_inner][vc_column_inner][vc_column_text]<\/p>\n<h2 class=\"titulos\">MEDELL\u00cdN<\/h2>\n<p><iframe loading=\"lazy\" src=\"https:\/\/www.google.com\/maps\/embed?pb=!1m18!1m12!1m3!1d3966.428861078736!2d-75.5751089847065!3d6.20702582848217!2m3!1f0!2f0!3f0!3m2!1i1024!2i768!4f13.1!3m3!1m2!1s0x8e4682801867e827%3A0x22f7fede91063c98!2sCra+43C+%235-87%2C+Medell%C3%ADn%2C+Antioquia!5e0!3m2!1ses!2sco!4v1448300224934\" width=\"760\" height=\"270\" frameborder=\"0\" allowfullscreen=\"allowfullscreen\" data-mce-fragment=\"1\"><\/iframe><\/p>\n<p><b>Sede Poblado:<\/b> Cra 43C No. 5-87<br \/>\n<b>Tel.<\/b>\u00a0<span class=\"bolder__text\"><a href=\"tel:6042667953\">(604) 266 7953<\/a> &#8211; <a href=\"tel:3148128517\">3148128517<\/a> <\/span><br \/>\n<b>Horario:<\/b><\/p>\n<ul>\n<li>Lunes a viernes 8:00am &#8211; 7:00pm<\/li>\n<li>S\u00e1bados 9:00am &#8211; 2:00pm<\/li>\n<\/ul>\n<p>[\/vc_column_text][vc_empty_space][\/vc_column_inner][\/vc_row_inner][vc_row_inner][vc_column_inner][vc_column_text]<iframe loading=\"lazy\" src=\"https:\/\/www.google.com\/maps\/embed?pb=!1m18!1m12!1m3!1d2358.2974893801625!2d-75.58879093672215!3d6.241602323224943!2m3!1f0!2f0!3f0!3m2!1i1024!2i768!4f13.1!3m3!1m2!1s0x8e4429a56b6df1cd%3A0xcb957c04df06914e!2sCl%C3%ADnica+L%C3%A1ser+de+Piel!5e0!3m2!1ses!2sco!4v1448300431489\" width=\"760\" height=\"270\" frameborder=\"0\" allowfullscreen=\"allowfullscreen\" data-mce-fragment=\"1\"><\/iframe><\/p>\n<p><b>Sede Unicentro: <\/b>Diagonal 66B No. 34A-76<\/p>\n<p>Centro Comercial Unicentro, Local 2-302<br \/>\n<b><\/b><\/p>\n<p><b>Tel. <\/b><span class=\"bolder__text\"><a href=\"tel:6044291240\">(604) 429 1240<\/a><\/span> &#8211;\u00a0<span class=\"bolder__text\"><a href=\"tel:321 746 7695\">321 746 7695\u00a0<\/a><\/span>&#8211; <span class=\"bolder__text\"><a href=\"tel:3106077195\">310 607 7195<\/a><\/span><br \/>\n<b><\/b><\/p>\n<p><b>Horario:<\/b><\/p>\n<ul>\n<li>Lunes, mi\u00e9rcoles y viernes 8:00am &#8211; 6:30pm<\/li>\n<li>Martes y jueves 8:00am &#8211; 7:00pm<\/li>\n<li>S\u00e1bados 9:00am &#8211; 2:00pm<\/li>\n<\/ul>\n<p>[\/vc_column_text][vc_empty_space][\/vc_column_inner][\/vc_row_inner][vc_row_inner][vc_column_inner][vc_column_text]<iframe loading=\"lazy\" style=\"border: 0;\" src=\"https:\/\/www.google.com\/maps\/embed?pb=!1m18!1m12!1m3!1d3966.5018376654148!2d-75.55807144069263!3d6.197325641365522!2m3!1f0!2f0!3f0!3m2!1i1024!2i768!4f13.1!3m3!1m2!1s0x8e46829a191ffd75%3A0xdb093bda2d3b7883!2sCra.%2025a%20%231a%20Sur%2045%2C%20Medell%C3%ADn%2C%20Antioquia!5e0!3m2!1ses!2sco!4v1619101919544!5m2!1ses!2sco\" width=\"760\" height=\"270\" frameborder=\"0\" allowfullscreen=\"allowfullscreen\" data-mce-fragment=\"1\"><\/iframe><\/p>\n<p><b>Sede El Tesoro: <\/b>Cra 25A No. 1A sur &#8211; 45, Torre m\u00e9dica 1 piso 10, consultorio 1035<br \/>\n<b>Tel.<\/b>\u00a0<span class=\"bolder__text\"><a href=\"tel:6043212240\">(604) 321 2240 <\/a> \u2013 <a href=\"tel:6044238858\">(604) 423 8858<\/a> &#8211; <a href=\"tel:3133353653\">3133353653<\/a><\/span><br \/>\n<b>Horario:<\/b><\/p>\n<ul>\n<li>Lunes y martes 8:00am &#8211; 6:00pm<\/li>\n<li>Mi\u00e9rcoles 8:00am &#8211; 7:00pm<\/li>\n<li>Jueves y viernes 8:00am &#8211; 6:30pm<\/li>\n<li>S\u00e1bados 9:00am &#8211; 2:00pm<\/li>\n<\/ul>\n<p>[\/vc_column_text][vc_empty_space][\/vc_column_inner][\/vc_row_inner][vc_row_inner][vc_column_inner][vc_column_text]<a id=\"eztoc667_3\" name=\"eztoc667_3\"><\/a><\/p>\n<h2 class=\"titulos\">CALI<\/h2>\n<p><iframe loading=\"lazy\" src=\"https:\/\/www.google.com\/maps\/embed?pb=!1m18!1m12!1m3!1d1991.35173373438!2d-76.54595953939653!3d3.42222524967625!2m3!1f0!2f0!3f0!3m2!1i1024!2i768!4f13.1!3m3!1m2!1s0x8e30a6a1a733e8fd%3A0x8455980c5a300bb5!2sCl%C3%ADnica+L%C3%A1ser+de+Piel!5e0!3m2!1ses!2sco!4v1448303133110\" width=\"760\" height=\"270\" frameborder=\"0\" allowfullscreen=\"allowfullscreen\" data-mce-fragment=\"1\"><\/iframe><\/p>\n<p><b>Sede Tequendama:<\/b> Cra. 41 No. 5B-34<br \/>\n<b>Tel. <\/b><a href=\"tel:6023868834\">(602) 386 8834 <\/a>&#8211;\u00a0<span class=\"bolder__text\"><a href=\"tel:3206325751\">3206325751<\/a> &#8211; <a href=\"tel:3228141535\">3228141535<\/a><\/span><br \/>\n<b>Horario:<\/b><\/p>\n<ul>\n<li>Lunes a viernes 8:00am &#8211; 6:30pm<\/li>\n<li>S\u00e1bados 8:00am &#8211; 2:00pm<\/li>\n<\/ul>\n<p>[\/vc_column_text][\/vc_column_inner][\/vc_row_inner][vc_empty_space][vc_row_inner][vc_column_inner][vc_column_text]<a id=\"eztoc667_4\" name=\"eztoc667_4\"><\/a><\/p>\n<h2 class=\"titulos\">BARRANQUILLA<\/h2>\n<p><iframe loading=\"lazy\" src=\"https:\/\/www.google.com\/maps\/embed?pb=!1m18!1m12!1m3!1d1384.6735609411967!2d-74.82301784901318!3d11.004955713696894!2m3!1f0!2f0!3f0!3m2!1i1024!2i768!4f13.1!3m3!1m2!1s0x8ef42dabc2faef2d%3A0x5d42de3b237045cd!2sCl%C3%ADnica+L%C3%A1ser+de+Piel!5e0!3m2!1ses!2sco!4v1448304013516\" width=\"760\" height=\"270\" frameborder=\"0\" allowfullscreen=\"allowfullscreen\" data-mce-fragment=\"1\"><\/iframe><\/p>\n<p><b>Direcci\u00f3n:<\/b> Cra. 49C No. 87-44<br \/>\n<b>Tel. <\/b><a href=\"tel:6053107619\">(605) 3<\/a><a href=\"tel:6053107619\">1<\/a><a href=\"tel:6053107619\">07619<\/a><b><span class=\"bolder__text\">\u2013<\/span><\/b>\u00a0<span class=\"bolder__text\"><a href=\"tel:3104064103\">3104064103 <\/a>\u2013\u00a0<a href=\"tel:3112265785\">3112265785<\/a><\/span><br \/>\n<b>Horario:\u00a0<\/b><\/p>\n<ul>\n<li>Lunes a mi\u00e9rcoles 8:00am &#8211; 6:30pm<\/li>\n<li>Jueves y viernes 8:00am &#8211; 7:00pm<\/li>\n<li>S\u00e1bados 9:00am &#8211; 2:00pm<\/li>\n<\/ul>\n<p>[\/vc_column_text][vc_empty_space][\/vc_column_inner][\/vc_row_inner][vc_row_inner][vc_column_inner][vc_column_text]<a id=\"eztoc667_5\" name=\"eztoc667_5\"><\/a><\/p>\n<h2 class=\"titulos\">PANAM\u00c1<\/h2>\n<p><b>Sede Marbella:<\/b> Consultorios Royal Center Torre A Secci\u00f3n B Piso 6 Local 1C<br \/>\n<b>Tel.<\/b>\u00a0<a href=\"tel:2143353\">(507) 214 3353<\/a>\u00a0\u2013 <a href=\"tel:2143354\">2143354 <\/a> &#8211; <a href=\"tel:62777638\u00a0\">62777638\u00a0 <\/a><br \/>\n<b>Horario:<\/b><\/p>\n<ul>\n<li>Lunes y viernes 8:30 am \u2013 7:00 pm<\/li>\n<li>Martes a jueves 8:30 am \u2013 6:00 pm<\/li>\n<li>S\u00e1bados 9:00 am &#8211; 2:00 pm<\/li>\n<\/ul>\n<p>[\/vc_column_text][vc_empty_space][\/vc_column_inner][\/vc_row_inner][vc_row_inner][vc_column_inner][\/vc_column_inner][\/vc_row_inner][vc_empty_space][\/vc_column][vc_column width=&#8221;1\/3&#8243;][vc_empty_space]\n<div class=\"wpcf7 no-js\" id=\"wpcf7-f14168-o1\" lang=\"es-CO\" dir=\"ltr\">\n<div class=\"screen-reader-response\"><p role=\"status\" aria-live=\"polite\" aria-atomic=\"true\"><\/p> <ul><\/ul><\/div>\n<form action=\"\/esp\/wp-json\/wp\/v2\/pages\/13448#wpcf7-f14168-o1\" method=\"post\" class=\"wpcf7-form init\" aria-label=\"Formulario de contacto\" novalidate=\"novalidate\" data-status=\"init\">\n<div style=\"display: none;\">\n<input type=\"hidden\" name=\"_wpcf7\" value=\"14168\" \/>\n<input type=\"hidden\" name=\"_wpcf7_version\" value=\"5.9.8\" \/>\n<input type=\"hidden\" name=\"_wpcf7_locale\" value=\"es_CO\" \/>\n<input type=\"hidden\" name=\"_wpcf7_unit_tag\" value=\"wpcf7-f14168-o1\" \/>\n<input type=\"hidden\" name=\"_wpcf7_container_post\" value=\"0\" \/>\n<input type=\"hidden\" name=\"_wpcf7_posted_data_hash\" value=\"\" \/>\n<input type=\"hidden\" name=\"_wpcf7_recaptcha_response\" value=\"\" \/>\n<\/div>\n<h2 class=\"titulos\" style=\"line-height:4vh; text-align:center; color:rgb(59 72 147)!important;\">\u00bfTiene preguntas? Cont\u00e1ctenos\n<\/h2>\n<div class=\"form__container\">\n\t<div class=\"form__home__group\">\n\t\t<p><label> \u00bfEres paciente de Cl\u00ednica L\u00e1ser de Piel Colombia?<\/label><br \/>\n<span class=\"wpcf7-form-control-wrap\" data-name=\"radio-230\"><span class=\"wpcf7-form-control wpcf7-radio\"><span class=\"wpcf7-list-item first\"><input type=\"radio\" name=\"radio-230\" value=\"Si\" checked=\"checked\" \/><span class=\"wpcf7-list-item-label\">Si<\/span><\/span><span class=\"wpcf7-list-item last\"><input type=\"radio\" name=\"radio-230\" value=\"No\" \/><span class=\"wpcf7-list-item-label\">No<\/span><\/span><\/span><\/span>\n\t\t<\/p>\n\t<\/div>\n\t<div class=\"form__home__group\">\n\t\t<p><span class=\"wpcf7-form-control-wrap\" data-name=\"your-name\"><input size=\"40\" maxlength=\"400\" class=\"wpcf7-form-control wpcf7-text wpcf7-validates-as-required\" aria-required=\"true\" aria-invalid=\"false\" placeholder=\"Nombres\" value=\"\" type=\"text\" name=\"your-name\" \/><\/span>\n\t\t<\/p>\n\t\t<p><span class=\"wpcf7-form-control-wrap\" data-name=\"tel-834\"><input size=\"40\" maxlength=\"400\" class=\"wpcf7-form-control wpcf7-tel wpcf7-validates-as-required wpcf7-text wpcf7-validates-as-tel\" aria-required=\"true\" aria-invalid=\"false\" placeholder=\"Tel\u00e9fono\" value=\"\" type=\"tel\" name=\"tel-834\" \/><\/span>\n\t\t<\/p>\n\t<\/div>\n\t<div class=\"form__home__group\">\n\t\t<p><span class=\"wpcf7-form-control-wrap\" data-name=\"your-email\"><input size=\"40\" maxlength=\"400\" class=\"wpcf7-form-control wpcf7-email wpcf7-validates-as-required wpcf7-text wpcf7-validates-as-email\" aria-required=\"true\" aria-invalid=\"false\" placeholder=\"Correo\" value=\"\" type=\"email\" name=\"your-email\" \/><\/span>\n\t\t<\/p>\n\t<\/div>\n\t<div class=\"form__home__group\">\n\t\t<p><span class=\"wpcf7-form-control-wrap\" data-name=\"ciudad\"><select class=\"wpcf7-form-control wpcf7-select wpcf7-validates-as-required placeholder-style\" aria-required=\"true\" aria-invalid=\"false\" name=\"ciudad\"><option value=\"\">\u00bfEn qu\u00e9 ciudad desea recibir atenci\u00f3n presencial?<\/option><option value=\"Bogot\u00e1\">Bogot\u00e1<\/option><option value=\"Medell\u00edn\">Medell\u00edn<\/option><option value=\"Cali\">Cali<\/option><option value=\"Barranquilla\">Barranquilla<\/option><\/select><\/span>\n\t\t<\/p>\n\t<\/div>\n\t<div class=\"form__home__group\">\n\t\t<p><span class=\"wpcf7-form-control-wrap\" data-name=\"tratamiento\"><select class=\"wpcf7-form-control wpcf7-select wpcf7-validates-as-required\" aria-required=\"true\" aria-invalid=\"false\" name=\"tratamiento\"><option value=\"\">Tratamiento de inter\u00e9s<\/option><option value=\"Acn\u00e9 activo\">Acn\u00e9 activo<\/option><option value=\"Bolsas en ojos\">Bolsas en ojos<\/option><option value=\"Cicatrices\">Cicatrices<\/option><option value=\"Depilaci\u00f3n l\u00e1ser\">Depilaci\u00f3n l\u00e1ser<\/option><option value=\"Estr\u00edas\">Estr\u00edas<\/option><option value=\"Hiperpigmentaci\u00f3n labial\">Hiperpigmentaci\u00f3n labial<\/option><option value=\"Lifting facial\">Lifting facial<\/option><option value=\"Pecas, manchas y melasma\">Pecas, manchas y melasma<\/option><option value=\"Moldeamiento corporal, reducci\u00f3n de medidas, celulitis\">Moldeamiento corporal, reducci\u00f3n de medidas, celulitis<\/option><option value=\"Rejuvenecimiento facial\">Rejuvenecimiento facial<\/option><option value=\"Remoci\u00f3n de tatuajes\">Remoci\u00f3n de tatuajes<\/option><option value=\"Venas en piernas\">Venas en piernas<\/option><option value=\"Otro\">Otro<\/option><\/select><\/span>\n\t\t<\/p>\n\t<\/div>\n<\/div>\n<div class=\"form__home__group__no__flex\">\n\t<p><span class=\"wpcf7-form-control-wrap\" data-name=\"your-message\"><textarea cols=\"40\" rows=\"10\" maxlength=\"2000\" class=\"wpcf7-form-control wpcf7-textarea\" aria-invalid=\"false\" placeholder=\"Mensaje\" name=\"your-message\"><\/textarea><\/span>\n\t<\/p>\n<\/div>\n<div class=\"form__home__group__no__flex\">\n\t<p class=\"parrafos\" style=\"font-size:12px;line-height:16px;text-align: justify;\">De manera voluntaria, expl\u00edcita, informada e inequ\u00edvoca, autorizo a Cl\u00ednica L\u00e1ser de Piel para tratar mis datos personales, de acuerdo con lo dispuesto en los art\u00edculos 5, 7 y concordantes del Decreto 1377 de 2013 y las dem\u00e1s disposiciones legales referentes al tema. Para mayor informaci\u00f3n acerca del manejo de tus datos personales, puedes revisar nuestra <label><a href=\"https:\/\/clinicalaserdepiel.com.co\/esp\/publicaciones\/politica-de-manejo-de-datos\" target=\"_blank\" style=\"border-bottom:1px solid #171775;\"> pol\u00edtica de tratamiento de datos.<\/a><\/label>\n\t<\/p>\n<\/div>\n<div style=\"display: flex; justify-content: center;\">\n\t<p><input class=\"wpcf7-form-control wpcf7-submit has-spinner\" type=\"submit\" value=\"Enviar\" \/>\n\t<\/p>\n<\/div>\n\n<p style=\"display: none !important;\" class=\"akismet-fields-container\" data-prefix=\"_wpcf7_ak_\"><label>&#916;<textarea name=\"_wpcf7_ak_hp_textarea\" cols=\"45\" rows=\"8\" maxlength=\"100\"><\/textarea><\/label><input type=\"hidden\" id=\"ak_js_1\" name=\"_wpcf7_ak_js\" value=\"5\"\/><script>document.getElementById( \"ak_js_1\" ).setAttribute( \"value\", ( new Date() ).getTime() );<\/script><\/p><div class=\"wpcf7-response-output\" aria-hidden=\"true\"><\/div>\n<\/form>\n<\/div>\n[\/vc_column][\/vc_row]<\/p>\n<\/section>","protected":false},"excerpt":{"rendered":"<p>[vc_row content_aligment=&#8221;right&#8221; el_class=&#8221;cabecera&#8221;][vc_column][vc_column_text] Nuestras Sedes [\/vc_column_text][\/vc_column][\/vc_row][vc_row el_id=&#8221;rowContainer&#8221;][vc_column width=&#8221;2\/3&#8243;][vc_column_text] BOGOT\u00c1 Sede Chic\u00f3: Cra 13A No. 98-16 Tel. (601) 5142019 &#8211;\u00a03146368386 &#8211; 3134217385 Horario: Lunes a viernes 8:00am \u2013 7:00pm S\u00e1bados 9:00am \u2013 2:00pm [\/vc_column_text][vc_empty_space][vc_row_inner][vc_column_inner][vc_column_text] Sede Salitre: Av. El Dorado No. 68C \u2013 61 Of. 328 Edificio&#8230;<\/p>\n","protected":false},"author":2,"featured_media":0,"parent":13451,"menu_order":0,"comment_status":"closed","ping_status":"closed","template":"","meta":{"footnotes":""},"class_list":["post-13448","page","type-page","status-publish","hentry"],"_links":{"self":[{"href":"https:\/\/clinicalaserdepiel.com.co\/esp\/wp-json\/wp\/v2\/pages\/13448"}],"collection":[{"href":"https:\/\/clinicalaserdepiel.com.co\/esp\/wp-json\/wp\/v2\/pages"}],"about":[{"href":"https:\/\/clinicalaserdepiel.com.co\/esp\/wp-json\/wp\/v2\/types\/page"}],"author":[{"embeddable":true,"href":"https:\/\/clinicalaserdepiel.com.co\/esp\/wp-json\/wp\/v2\/users\/2"}],"replies":[{"embeddable":true,"href":"https:\/\/clinicalaserdepiel.com.co\/esp\/wp-json\/wp\/v2\/comments?post=13448"}],"version-history":[{"count":59,"href":"https:\/\/clinicalaserdepiel.com.co\/esp\/wp-json\/wp\/v2\/pages\/13448\/revisions"}],"predecessor-version":[{"id":17854,"href":"https:\/\/clinicalaserdepiel.com.co\/esp\/wp-json\/wp\/v2\/pages\/13448\/revisions\/17854"}],"up":[{"embeddable":true,"href":"https:\/\/clinicalaserdepiel.com.co\/esp\/wp-json\/wp\/v2\/pages\/13451"}],"wp:attachment":[{"href":"https:\/\/clinicalaserdepiel.com.co\/esp\/wp-json\/wp\/v2\/media?parent=13448"}],"curies":[{"name":"wp","href":"https:\/\/api.w.org\/{rel}","templated":true}]}}