{"id":13436,"date":"2019-06-12T19:50:12","date_gmt":"2019-06-12T19:50:12","guid":{"rendered":"https:\/\/www.imaginatio.com.co\/MX3\/CLP\/?page_id=13436"},"modified":"2022-05-09T19:24:41","modified_gmt":"2022-05-09T19:24:41","slug":"beneficios-especiales","status":"publish","type":"page","link":"https:\/\/clinicalaserdepiel.com.co\/esp\/quienes-somos\/beneficios-especiales","title":{"rendered":"Beneficios especiales"},"content":{"rendered":"<section class=\"wpb-content-wrapper\"><p>[vc_row content_aligment=&#8221;right&#8221; el_class=&#8221;cabecera&#8221;][vc_column][vc_column_text]<\/p>\n<h1 class=\"titulo__rosado__grande\">Beneficios especiales<\/h1>\n<p>[\/vc_column_text][\/vc_column][\/vc_row][vc_row el_id=&#8221;rowContainer&#8221;][vc_column width=&#8221;2\/3&#8243;]<div class=\"mkd-section-title-holder\">\n\t<h2 class=\"mkd-section-title mkd-section-title-medium\" >\n\tConozca nuestras promociones y beneficios especiales<\/h2>\n<\/div>[vc_column_text]<\/p>\n<p>Los pacientes de Cl\u00ednica L\u00e1ser de Piel podr\u00e1n disfrutar de beneficios especiales en cualquiera de nuestros programas y convenios.<\/p>\n<p>[\/vc_column_text][vc_row_inner el_class=&#8221;ocultar&#8221;][vc_column_inner][vc_column_text]<\/p>\n<div class=\"pt-cv-wrapper\"><div class=\"pt-cv-view pt-cv-grid pt-cv-colsys\" id=\"pt-cv-view-b52a6566u5\"><div data-id=\"pt-cv-page-1\" class=\"pt-cv-page\" data-cvc=\"1\"><div class=\"col-md-12 col-sm-6 col-xs-12 pt-cv-content-item pt-cv-2-col\" ><div class='pt-cv-ifield'><a href=\"https:\/\/clinicalaserdepiel.com.co\/esp\/quienes-somos\/beneficios-especiales\/programa-referidos\" class=\"_blank pt-cv-href-thumbnail pt-cv-thumb-left\" target=\"_blank\" ><img loading=\"lazy\" decoding=\"async\" width=\"200\" height=\"200\" src=\"https:\/\/clinicalaserdepiel.com.co\/esp\/wp-content\/uploads\/2019\/06\/ProgramaReferidos.png\" class=\"pt-cv-thumbnail pull-left\" alt=\"\" srcset=\"https:\/\/clinicalaserdepiel.com.co\/esp\/wp-content\/uploads\/2019\/06\/ProgramaReferidos.png 200w, https:\/\/clinicalaserdepiel.com.co\/esp\/wp-content\/uploads\/2019\/06\/ProgramaReferidos-150x150.png 150w, https:\/\/clinicalaserdepiel.com.co\/esp\/wp-content\/uploads\/2019\/06\/ProgramaReferidos-100x100.png 100w\" sizes=\"(max-width: 200px) 100vw, 200px\" \/><\/a>\n<h4 class=\"pt-cv-title\"><a href=\"https:\/\/clinicalaserdepiel.com.co\/esp\/quienes-somos\/beneficios-especiales\/programa-referidos\" class=\"_blank\" target=\"_blank\" >PROGRAMA REFERIDOS<\/a><\/h4>\n<div class=\"pt-cv-content\">[vc_row content_aligment=\"center\" el_class=\"cabecera \"][vc_column][vc_column_text] Programa referidos [\/vc_column_text][\/vc_column][\/vc_row][vc_row][vc_column][vc_empty_space][vc_row_inner el_id=\"rowContainer\"][vc_column_inner width=\"1\/3\"][vc_single_image image=\"14514\" img_size=\"full\"][\/vc_column_inner][vc_column_inner width=\"2\/3\"][vc_column_text] Cu\u00e9ntale a un amigo y gana bonos de descuento [\/vc_column_text][vc_column_text]Cl\u00ednica L\u00e1ser de Piel lo \u00a0invita a compartir su experiencia con otras personas con la opci\u00f3n de ganarse bonos de descuento para redimir en tratamientos en Cl\u00ednica L\u00e1ser de ...<br \/><div class=\"pt-cv-rmwrap\"><a href=\"https:\/\/clinicalaserdepiel.com.co\/esp\/quienes-somos\/beneficios-especiales\/programa-referidos\" class=\"_blank pt-cv-readmore btn btn-success\" target=\"_blank\">Leer M\u00e1s<\/a><\/div><\/div><\/div><\/div>\n<div class=\"col-md-12 col-sm-6 col-xs-12 pt-cv-content-item pt-cv-2-col\" ><div class='pt-cv-ifield'><a href=\"https:\/\/clinicalaserdepiel.com.co\/esp\/quienes-somos\/beneficios-especiales\/programa-vip\" class=\"_blank pt-cv-href-thumbnail pt-cv-thumb-left\" target=\"_blank\" ><img loading=\"lazy\" decoding=\"async\" width=\"200\" height=\"200\" src=\"https:\/\/clinicalaserdepiel.com.co\/esp\/wp-content\/uploads\/2019\/06\/VIPCLPimgDestacada.png\" class=\"pt-cv-thumbnail pull-left\" alt=\"\" srcset=\"https:\/\/clinicalaserdepiel.com.co\/esp\/wp-content\/uploads\/2019\/06\/VIPCLPimgDestacada.png 200w, https:\/\/clinicalaserdepiel.com.co\/esp\/wp-content\/uploads\/2019\/06\/VIPCLPimgDestacada-150x150.png 150w, https:\/\/clinicalaserdepiel.com.co\/esp\/wp-content\/uploads\/2019\/06\/VIPCLPimgDestacada-100x100.png 100w\" sizes=\"(max-width: 200px) 100vw, 200px\" \/><\/a>\n<h4 class=\"pt-cv-title\"><a href=\"https:\/\/clinicalaserdepiel.com.co\/esp\/quienes-somos\/beneficios-especiales\/programa-vip\" class=\"_blank\" target=\"_blank\" >PROGRAMA VIP<\/a><\/h4>\n<div class=\"pt-cv-content\">[vc_row content_aligment=\"center\" el_class=\"cabecera \"][vc_column][vc_column_text] Programa VIP [\/vc_column_text][\/vc_column][\/vc_row][vc_row el_id=\"rowContainer\"][vc_column][vc_empty_space][vc_column_text el_class=\"ocultar\"] Disfruta beneficios por tu fidelidad [\/vc_column_text][vc_empty_space][vc_row_inner][vc_column_inner width=\"1\/3\"][vc_single_image image=\"14515\" img_size=\"full\"][\/vc_column_inner][vc_column_inner width=\"2\/3\"][vc_column_text] Disfruta beneficios por tu fidelidad La Cl\u00ednica L\u00e1ser de Piel desarroll\u00f3 el Programa VIP para premiar la fidelidad, lealtad y preferencia de nuestros pacientes para quienes tenemos bonos de descuentos, salas ...<br \/><div class=\"pt-cv-rmwrap\"><a href=\"https:\/\/clinicalaserdepiel.com.co\/esp\/quienes-somos\/beneficios-especiales\/programa-vip\" class=\"_blank pt-cv-readmore btn btn-success\" target=\"_blank\">Leer M\u00e1s<\/a><\/div><\/div><\/div><\/div>\n<div class=\"col-md-12 col-sm-6 col-xs-12 pt-cv-content-item pt-cv-2-col\" ><div class='pt-cv-ifield'><a href=\"https:\/\/clinicalaserdepiel.com.co\/esp\/quienes-somos\/beneficios-especiales\/convenios\" class=\"_blank pt-cv-href-thumbnail pt-cv-thumb-left\" target=\"_blank\" ><img loading=\"lazy\" decoding=\"async\" width=\"200\" height=\"200\" src=\"https:\/\/clinicalaserdepiel.com.co\/esp\/wp-content\/uploads\/2019\/06\/conveniosCLP.png\" class=\"pt-cv-thumbnail pull-left\" alt=\"\" srcset=\"https:\/\/clinicalaserdepiel.com.co\/esp\/wp-content\/uploads\/2019\/06\/conveniosCLP.png 200w, https:\/\/clinicalaserdepiel.com.co\/esp\/wp-content\/uploads\/2019\/06\/conveniosCLP-150x150.png 150w, https:\/\/clinicalaserdepiel.com.co\/esp\/wp-content\/uploads\/2019\/06\/conveniosCLP-100x100.png 100w\" sizes=\"(max-width: 200px) 100vw, 200px\" \/><\/a>\n<h4 class=\"pt-cv-title\"><a href=\"https:\/\/clinicalaserdepiel.com.co\/esp\/quienes-somos\/beneficios-especiales\/convenios\" class=\"_blank\" target=\"_blank\" >convenios<\/a><\/h4>\n<div class=\"pt-cv-content\">[vc_row content_aligment=\"center\" el_class=\"cabecera\"][vc_column][vc_column_text] Convenios [\/vc_column_text][\/vc_column][\/vc_row][vc_row el_id=\"rowContainer\"][vc_column][vc_empty_space][vc_column_text el_class=\"ocultar\"] Disfruta beneficios por tu fidelidad [\/vc_column_text][vc_empty_space][vc_row_inner][vc_column_inner width=\"1\/3\"][vc_single_image image=\"14516\" img_size=\"full\"][\/vc_column_inner][vc_column_inner width=\"2\/3\"][vc_column_text]Lleg\u00f3 el momento de lucir una piel sana y bella a trav\u00e9s de nuestros convenios que te permitir\u00e1n acceder a los tratamientos de Cl\u00ednica L\u00e1ser de Piel con descuentos especiales. \u00a1Con\u00f3celos e inicia tu ...<br \/><div class=\"pt-cv-rmwrap\"><a href=\"https:\/\/clinicalaserdepiel.com.co\/esp\/quienes-somos\/beneficios-especiales\/convenios\" class=\"_blank pt-cv-readmore btn btn-success\" target=\"_blank\">Leer M\u00e1s<\/a><\/div><\/div><\/div><\/div>\n<div class=\"col-md-12 col-sm-6 col-xs-12 pt-cv-content-item pt-cv-2-col\" ><div class='pt-cv-ifield'><a href=\"https:\/\/clinicalaserdepiel.com.co\/esp\/quienes-somos\/beneficios-especiales\/accede-a-descuentos-especiales\" class=\"_blank pt-cv-href-thumbnail pt-cv-thumb-left\" target=\"_blank\" ><\/a>\n<h4 class=\"pt-cv-title\"><a href=\"https:\/\/clinicalaserdepiel.com.co\/esp\/quienes-somos\/beneficios-especiales\/accede-a-descuentos-especiales\" class=\"_blank\" target=\"_blank\" >Accede a descuentos especiales<\/a><\/h4>\n<div class=\"pt-cv-content\">[vc_row content_aligment=\"center\" el_class=\"cabecera\"][vc_column][vc_column_text] Accede a descuentos especiales [\/vc_column_text][\/vc_column][\/vc_row][vc_row el_id=\"rowContainer\"][vc_column][vc_empty_space][vc_column_text el_class=\"ocultar\"] Disfruta beneficios por tu fidelidad [\/vc_column_text][vc_empty_space][vc_row_inner][vc_column_inner width=\"1\/3\"][vc_single_image image=\"14516\" img_size=\"full\"][\/vc_column_inner][vc_column_inner width=\"2\/3\"][vc_column_text] Accede a descuentos especiales [\/vc_column_text][\/vc_column_inner][\/vc_row_inner][vc_empty_space height=\"70px\"][\/vc_column][\/vc_row][vc_row el_id=\"rowContainer\"][vc_column width=\"2\/3\"][vc_row_inner][vc_column_inner width=\"1\/2\"][vc_empty_space height=\"45px\"][vc_single_image image=\"14574\" img_size=\"145x145\" alignment=\"center\"][vc_empty_space height=\"13px\"][vc_column_text] Tarjeta \u00e9xito [\/vc_column_text][vc_column_text] Pagando con tu Tarjeta \u00c9xito Tarjeta \u00e9xito [\/vc_column_text][\/vc_column_inner][vc_column_inner width=\"1\/2\"][vc_empty_space height=\"45px\"][vc_single_image image=\"14582\" img_size=\"full\" alignment=\"center\"][vc_empty_space ...<br \/><div class=\"pt-cv-rmwrap\"><a href=\"https:\/\/clinicalaserdepiel.com.co\/esp\/quienes-somos\/beneficios-especiales\/accede-a-descuentos-especiales\" class=\"_blank pt-cv-readmore btn btn-success\" target=\"_blank\">Leer M\u00e1s<\/a><\/div><\/div><\/div><\/div><\/div><\/div><\/div>\n<p>[\/vc_column_text][\/vc_column_inner][\/vc_row_inner][vc_row_inner el_id=&#8221;filaBeneficio&#8221;][vc_column_inner width=&#8221;1\/3&#8243;][vc_single_image image=&#8221;14570&#8243; img_size=&#8221;full&#8221; alignment=&#8221;center&#8221;][\/vc_column_inner][vc_column_inner width=&#8221;2\/3&#8243;][vc_column_text]<strong>\u00a1Cu\u00e9ntale a un amigo y gana bonos de descuento!<\/strong><\/p>\n<p>Cl\u00ednica L\u00e1ser de Piel lo\u00a0 invita a compartir su experiencia con otras personas con la opci\u00f3n de ganarse bonos de descuento para redimir en tratamientos en Cl\u00ednica L\u00e1ser de Piel.<\/p>\n<p>Nos encanta haberle ayudado,\u00a0 \u00bfa qui\u00e9n conoce que se pueda beneficiar de lo que hicimos por usted?\u00a0 Refiere y gana.[\/vc_column_text]<a href=\"https:\/\/clinicalaserdepiel.com.co\/esp\/quienes-somos\/beneficios-especiales\/programa-referidos\"\n   target=\"_blank\" style=\"color: #4c4995;background-color: #e4dbec;border-color: rgba(255,255,255,0.01);font-weight: 400\" class=\"mkd-btn mkd-btn-solid mkd-btn-small mkd-btn-custom-hover-bg mkd-btn-custom-border-hover mkd-btn-custom-hover-color mkd-btn-hover-solid\"  data-hover-bg-color=\"#7261a9\" data-hover-color=\"#ffffff\" data-hover-border-color=\"#ffffff\" >\n\t<span class=\"mkd-btn-text\">Leer m\u00e1s<\/span>\n\t\n\t\n\t\t\t<span class=\"mkd-btn-helper\" style=\"background-color: #7261a9\"><\/span>\n\t<\/a>[vc_empty_space height=&#8221;60px&#8221;][\/vc_column_inner][\/vc_row_inner][vc_row_inner el_id=&#8221;filaBeneficio&#8221;][vc_column_inner width=&#8221;1\/3&#8243;][vc_single_image image=&#8221;14568&#8243; img_size=&#8221;full&#8221; alignment=&#8221;center&#8221;][\/vc_column_inner][vc_column_inner width=&#8221;2\/3&#8243;][vc_column_text]<strong>Disfruta beneficios por tu fidelidad<\/strong><\/p>\n<p>La Cl\u00ednica L\u00e1ser de Piel desarroll\u00f3 el Programa VIP para premiar la fidelidad, lealtad y preferencia de nuestros pacientes para quienes tenemos bonos de descuentos, salas VIP, bonos de cumplea\u00f1os y muchos regalos m\u00e1s.<\/p>\n<p>Con el\u00a0programa VIP\u00a0queremos consentirlo y agradecerle con los diferentes beneficios que podr\u00e1 utilizar en cualquier tratamiento.[\/vc_column_text]<a href=\"https:\/\/clinicalaserdepiel.com.co\/esp\/quienes-somos\/beneficios-especiales\/programa-vip\"\n   target=\"_blank\" style=\"color: #4c4995;background-color: #e4dbec;border-color: rgba(255,255,255,0.01);font-weight: 400\" class=\"mkd-btn mkd-btn-solid mkd-btn-small mkd-btn-custom-hover-bg mkd-btn-custom-border-hover mkd-btn-custom-hover-color mkd-btn-hover-solid\"  data-hover-bg-color=\"#7261a9\" data-hover-color=\"#ffffff\" data-hover-border-color=\"#ffffff\" >\n\t<span class=\"mkd-btn-text\">Leer m\u00e1s<\/span>\n\t\n\t\n\t\t\t<span class=\"mkd-btn-helper\" style=\"background-color: #7261a9\"><\/span>\n\t<\/a>[vc_empty_space height=&#8221;60px&#8221;][\/vc_column_inner][\/vc_row_inner][vc_row_inner el_id=&#8221;filaBeneficio&#8221;][vc_column_inner width=&#8221;1\/3&#8243;][vc_single_image image=&#8221;14572&#8243; img_size=&#8221;full&#8221; alignment=&#8221;center&#8221;][\/vc_column_inner][vc_column_inner width=&#8221;2\/3&#8243;][vc_column_text]<strong>Accede a descuentos especiales<\/strong><\/p>\n<p>Lleg\u00f3 el momento de lucir una piel sana y bella a trav\u00e9s de nuestros convenios que te permitir\u00e1n acceder a los tratamientos de Cl\u00ednica L\u00e1ser de Piel con descuentos especiales.<\/p>\n<p>\u00a1Con\u00f3celos e inicia tu tratamiento![\/vc_column_text]<a href=\"https:\/\/clinicalaserdepiel.com.co\/esp\/quienes-somos\/beneficios-especiales\/convenios\"\n   target=\"_blank\" style=\"color: #4c4995;background-color: #e4dbec;border-color: rgba(255,255,255,0.01);font-weight: 400\" class=\"mkd-btn mkd-btn-solid mkd-btn-small mkd-btn-custom-hover-bg mkd-btn-custom-border-hover mkd-btn-custom-hover-color mkd-btn-hover-solid\"  data-hover-bg-color=\"#7261a9\" data-hover-color=\"#ffffff\" data-hover-border-color=\"#ffffff\" >\n\t<span class=\"mkd-btn-text\">Leer m\u00e1s<\/span>\n\t\n\t\n\t\t\t<span class=\"mkd-btn-helper\" style=\"background-color: #7261a9\"><\/span>\n\t<\/a>[vc_empty_space height=&#8221;60px&#8221;][\/vc_column_inner][\/vc_row_inner][\/vc_column][vc_column width=&#8221;1\/3&#8243;][vc_empty_space][vc_column_text]\n<div class=\"wpcf7 no-js\" id=\"wpcf7-f14168-o1\" lang=\"es-CO\" dir=\"ltr\">\n<div class=\"screen-reader-response\"><p role=\"status\" aria-live=\"polite\" aria-atomic=\"true\"><\/p> <ul><\/ul><\/div>\n<form action=\"\/esp\/wp-json\/wp\/v2\/pages\/13436#wpcf7-f14168-o1\" method=\"post\" class=\"wpcf7-form init\" aria-label=\"Formulario de contacto\" novalidate=\"novalidate\" data-status=\"init\">\n<div style=\"display: none;\">\n<input type=\"hidden\" name=\"_wpcf7\" value=\"14168\" \/>\n<input type=\"hidden\" name=\"_wpcf7_version\" value=\"5.9.8\" \/>\n<input type=\"hidden\" name=\"_wpcf7_locale\" value=\"es_CO\" \/>\n<input type=\"hidden\" name=\"_wpcf7_unit_tag\" value=\"wpcf7-f14168-o1\" \/>\n<input type=\"hidden\" name=\"_wpcf7_container_post\" value=\"0\" \/>\n<input type=\"hidden\" name=\"_wpcf7_posted_data_hash\" value=\"\" \/>\n<input type=\"hidden\" name=\"_wpcf7_recaptcha_response\" value=\"\" \/>\n<\/div>\n<h2 class=\"titulos\" style=\"line-height:4vh; text-align:center; color:rgb(59 72 147)!important;\">\u00bfTiene preguntas? Cont\u00e1ctenos\n<\/h2>\n<div class=\"form__container\">\n\t<div class=\"form__home__group\">\n\t\t<p><label> \u00bfEres paciente de Cl\u00ednica L\u00e1ser de Piel Colombia?<\/label><br \/>\n<span class=\"wpcf7-form-control-wrap\" data-name=\"radio-230\"><span class=\"wpcf7-form-control wpcf7-radio\"><span class=\"wpcf7-list-item first\"><input type=\"radio\" name=\"radio-230\" value=\"Si\" checked=\"checked\" \/><span class=\"wpcf7-list-item-label\">Si<\/span><\/span><span class=\"wpcf7-list-item last\"><input type=\"radio\" name=\"radio-230\" value=\"No\" \/><span class=\"wpcf7-list-item-label\">No<\/span><\/span><\/span><\/span>\n\t\t<\/p>\n\t<\/div>\n\t<div class=\"form__home__group\">\n\t\t<p><span class=\"wpcf7-form-control-wrap\" data-name=\"your-name\"><input size=\"40\" maxlength=\"400\" class=\"wpcf7-form-control wpcf7-text wpcf7-validates-as-required\" aria-required=\"true\" aria-invalid=\"false\" placeholder=\"Nombres\" value=\"\" type=\"text\" name=\"your-name\" \/><\/span>\n\t\t<\/p>\n\t\t<p><span class=\"wpcf7-form-control-wrap\" data-name=\"tel-834\"><input size=\"40\" maxlength=\"400\" class=\"wpcf7-form-control wpcf7-tel wpcf7-validates-as-required wpcf7-text wpcf7-validates-as-tel\" aria-required=\"true\" aria-invalid=\"false\" placeholder=\"Tel\u00e9fono\" value=\"\" type=\"tel\" name=\"tel-834\" \/><\/span>\n\t\t<\/p>\n\t<\/div>\n\t<div class=\"form__home__group\">\n\t\t<p><span class=\"wpcf7-form-control-wrap\" data-name=\"your-email\"><input size=\"40\" maxlength=\"400\" class=\"wpcf7-form-control wpcf7-email wpcf7-validates-as-required wpcf7-text wpcf7-validates-as-email\" aria-required=\"true\" aria-invalid=\"false\" placeholder=\"Correo\" value=\"\" type=\"email\" name=\"your-email\" \/><\/span>\n\t\t<\/p>\n\t<\/div>\n\t<div class=\"form__home__group\">\n\t\t<p><span class=\"wpcf7-form-control-wrap\" data-name=\"ciudad\"><select class=\"wpcf7-form-control wpcf7-select wpcf7-validates-as-required placeholder-style\" aria-required=\"true\" aria-invalid=\"false\" name=\"ciudad\"><option value=\"\">\u00bfEn qu\u00e9 ciudad desea recibir atenci\u00f3n presencial?<\/option><option value=\"Bogot\u00e1\">Bogot\u00e1<\/option><option value=\"Medell\u00edn\">Medell\u00edn<\/option><option value=\"Cali\">Cali<\/option><option value=\"Barranquilla\">Barranquilla<\/option><\/select><\/span>\n\t\t<\/p>\n\t<\/div>\n\t<div class=\"form__home__group\">\n\t\t<p><span class=\"wpcf7-form-control-wrap\" data-name=\"tratamiento\"><select class=\"wpcf7-form-control wpcf7-select wpcf7-validates-as-required\" aria-required=\"true\" aria-invalid=\"false\" name=\"tratamiento\"><option value=\"\">Tratamiento de inter\u00e9s<\/option><option value=\"Acn\u00e9 activo\">Acn\u00e9 activo<\/option><option value=\"Bolsas en ojos\">Bolsas en ojos<\/option><option value=\"Cicatrices\">Cicatrices<\/option><option value=\"Depilaci\u00f3n l\u00e1ser\">Depilaci\u00f3n l\u00e1ser<\/option><option value=\"Estr\u00edas\">Estr\u00edas<\/option><option value=\"Hiperpigmentaci\u00f3n labial\">Hiperpigmentaci\u00f3n labial<\/option><option value=\"Lifting facial\">Lifting facial<\/option><option value=\"Pecas, manchas y melasma\">Pecas, manchas y melasma<\/option><option value=\"Moldeamiento corporal, reducci\u00f3n de medidas, celulitis\">Moldeamiento corporal, reducci\u00f3n de medidas, celulitis<\/option><option value=\"Rejuvenecimiento facial\">Rejuvenecimiento facial<\/option><option value=\"Remoci\u00f3n de tatuajes\">Remoci\u00f3n de tatuajes<\/option><option value=\"Venas en piernas\">Venas en piernas<\/option><option value=\"Otro\">Otro<\/option><\/select><\/span>\n\t\t<\/p>\n\t<\/div>\n<\/div>\n<div class=\"form__home__group__no__flex\">\n\t<p><span class=\"wpcf7-form-control-wrap\" data-name=\"your-message\"><textarea cols=\"40\" rows=\"10\" maxlength=\"2000\" class=\"wpcf7-form-control wpcf7-textarea\" aria-invalid=\"false\" placeholder=\"Mensaje\" name=\"your-message\"><\/textarea><\/span>\n\t<\/p>\n<\/div>\n<div class=\"form__home__group__no__flex\">\n\t<p class=\"parrafos\" style=\"font-size:12px;line-height:16px;text-align: justify;\">De manera voluntaria, expl\u00edcita, informada e inequ\u00edvoca, autorizo a Cl\u00ednica L\u00e1ser de Piel para tratar mis datos personales, de acuerdo con lo dispuesto en los art\u00edculos 5, 7 y concordantes del Decreto 1377 de 2013 y las dem\u00e1s disposiciones legales referentes al tema. Para mayor informaci\u00f3n acerca del manejo de tus datos personales, puedes revisar nuestra <label><a href=\"https:\/\/clinicalaserdepiel.com.co\/esp\/publicaciones\/politica-de-manejo-de-datos\" target=\"_blank\" style=\"border-bottom:1px solid #171775;\"> pol\u00edtica de tratamiento de datos.<\/a><\/label>\n\t<\/p>\n<\/div>\n<div style=\"display: flex; justify-content: center;\">\n\t<p><input class=\"wpcf7-form-control wpcf7-submit has-spinner\" type=\"submit\" value=\"Enviar\" \/>\n\t<\/p>\n<\/div>\n\n<p style=\"display: none !important;\" class=\"akismet-fields-container\" data-prefix=\"_wpcf7_ak_\"><label>&#916;<textarea name=\"_wpcf7_ak_hp_textarea\" cols=\"45\" rows=\"8\" maxlength=\"100\"><\/textarea><\/label><input type=\"hidden\" id=\"ak_js_1\" name=\"_wpcf7_ak_js\" value=\"20\"\/><script>document.getElementById( \"ak_js_1\" ).setAttribute( \"value\", ( new Date() ).getTime() );<\/script><\/p><div class=\"wpcf7-response-output\" aria-hidden=\"true\"><\/div>\n<\/form>\n<\/div>\n[\/vc_column_text][\/vc_column][\/vc_row]<\/p>\n<\/section>","protected":false},"excerpt":{"rendered":"<p>[vc_row content_aligment=&#8221;right&#8221; el_class=&#8221;cabecera&#8221;][vc_column][vc_column_text] Beneficios especiales [\/vc_column_text][\/vc_column][\/vc_row][vc_row el_id=&#8221;rowContainer&#8221;][vc_column width=&#8221;2\/3&#8243;][vc_column_text] Los pacientes de Cl\u00ednica L\u00e1ser de Piel podr\u00e1n disfrutar de beneficios especiales en cualquiera de nuestros programas y convenios. [\/vc_column_text][vc_row_inner el_class=&#8221;ocultar&#8221;][vc_column_inner][vc_column_text] [\/vc_column_text][\/vc_column_inner][\/vc_row_inner][vc_row_inner el_id=&#8221;filaBeneficio&#8221;][vc_column_inner width=&#8221;1\/3&#8243;][vc_single_image image=&#8221;14570&#8243; img_size=&#8221;full&#8221; alignment=&#8221;center&#8221;][\/vc_column_inner][vc_column_inner width=&#8221;2\/3&#8243;][vc_column_text]\u00a1Cu\u00e9ntale a un amigo y gana bonos de descuento! Cl\u00ednica&#8230;<\/p>\n","protected":false},"author":2,"featured_media":0,"parent":13305,"menu_order":0,"comment_status":"closed","ping_status":"closed","template":"","meta":{"footnotes":""},"class_list":["post-13436","page","type-page","status-publish","hentry"],"_links":{"self":[{"href":"https:\/\/clinicalaserdepiel.com.co\/esp\/wp-json\/wp\/v2\/pages\/13436"}],"collection":[{"href":"https:\/\/clinicalaserdepiel.com.co\/esp\/wp-json\/wp\/v2\/pages"}],"about":[{"href":"https:\/\/clinicalaserdepiel.com.co\/esp\/wp-json\/wp\/v2\/types\/page"}],"author":[{"embeddable":true,"href":"https:\/\/clinicalaserdepiel.com.co\/esp\/wp-json\/wp\/v2\/users\/2"}],"replies":[{"embeddable":true,"href":"https:\/\/clinicalaserdepiel.com.co\/esp\/wp-json\/wp\/v2\/comments?post=13436"}],"version-history":[{"count":0,"href":"https:\/\/clinicalaserdepiel.com.co\/esp\/wp-json\/wp\/v2\/pages\/13436\/revisions"}],"up":[{"embeddable":true,"href":"https:\/\/clinicalaserdepiel.com.co\/esp\/wp-json\/wp\/v2\/pages\/13305"}],"wp:attachment":[{"href":"https:\/\/clinicalaserdepiel.com.co\/esp\/wp-json\/wp\/v2\/media?parent=13436"}],"curies":[{"name":"wp","href":"https:\/\/api.w.org\/{rel}","templated":true}]}}