{"id":13418,"date":"2019-06-12T19:38:40","date_gmt":"2019-06-12T19:38:40","guid":{"rendered":"https:\/\/www.imaginatio.com.co\/MX3\/CLP\/?page_id=13418"},"modified":"2022-05-09T17:03:17","modified_gmt":"2022-05-09T17:03:17","slug":"novedades","status":"publish","type":"page","link":"https:\/\/clinicalaserdepiel.com.co\/esp\/quienes-somos\/novedades","title":{"rendered":"Novedades"},"content":{"rendered":"<section class=\"wpb-content-wrapper\"><p>[vc_row el_class=&#8221;cabecera&#8221;][vc_column][vc_column_text]<\/p>\n<h1 class=\"titulo__rosado__grande\">NOVEDADES<\/h1>\n<p>[\/vc_column_text][\/vc_column][\/vc_row][vc_row el_id=&#8221;rowContainer&#8221;][vc_column width=&#8221;2\/3&#8243;][vc_empty_space]<div class=\"mkd-section-title-holder\">\n\t<h2 class=\"mkd-section-title mkd-section-title-medium\" >\n\tConoce avances tecnol\u00f3gicos y nuevos tratamientos en l\u00e1ser de piel<\/h2>\n<\/div>[vc_column_text]Cl\u00ednica L\u00e1ser de Piel te brinda belleza, juventud, autoestima, limpieza, alegr\u00eda, salud, seguridad y esperanza.<\/p>\n<p>Nos interesamos cada d\u00eda por mejorar, por eso Cl\u00ednica L\u00e1ser de Piel ha ideado un espacio donde nuestros pacientes pueden enterarse de las \u00faltimas noticias.<\/p>\n<p>Conozca informaci\u00f3n sobre nuevos tratamientos l\u00e1ser con la mejor tecnolog\u00eda en Colombia y Am\u00e9rica Latina. Lo invitamos a leer los art\u00edculos que ser\u00e1n de gran inter\u00e9s.[\/vc_column_text][vc_empty_space]<div class=\"mkd-section-title-holder\">\n\t<h2 class=\"mkd-section-title mkd-section-title-medium\" >\n\tM\u00e1s novedades<\/h2>\n<\/div>[vc_empty_space][vc_row_inner el_id=&#8221;noticiasContent&#8221;][vc_column_inner][vc_column_text]<div class=\"pt-cv-wrapper\"><div class=\"pt-cv-view pt-cv-grid pt-cv-colsys\" id=\"pt-cv-view-d8245d8g2a\"><div data-id=\"pt-cv-page-1\" class=\"pt-cv-page\" data-cvc=\"1\"><div class=\"col-md-12 col-sm-6 col-xs-12 pt-cv-content-item pt-cv-2-col\" ><div class='pt-cv-ifield'><a href=\"https:\/\/clinicalaserdepiel.com.co\/esp\/quienes-somos\/novedades\/rejuvenecimiento-facial-con-radiofrecuencia-fraccionada-vivace\" class=\"_blank pt-cv-href-thumbnail pt-cv-thumb-left\" target=\"_blank\" ><img loading=\"lazy\" decoding=\"async\" width=\"150\" height=\"150\" src=\"https:\/\/clinicalaserdepiel.com.co\/esp\/wp-content\/uploads\/2025\/05\/radiofrecuencia-fraccionada-microagujas-vivace-clinica-laser-de-piel-150x150.png\" class=\"pt-cv-thumbnail pull-left\" alt=\"\" srcset=\"https:\/\/clinicalaserdepiel.com.co\/esp\/wp-content\/uploads\/2025\/05\/radiofrecuencia-fraccionada-microagujas-vivace-clinica-laser-de-piel-150x150.png 150w, https:\/\/clinicalaserdepiel.com.co\/esp\/wp-content\/uploads\/2025\/05\/radiofrecuencia-fraccionada-microagujas-vivace-clinica-laser-de-piel-550x550.png 550w, https:\/\/clinicalaserdepiel.com.co\/esp\/wp-content\/uploads\/2025\/05\/radiofrecuencia-fraccionada-microagujas-vivace-clinica-laser-de-piel-1125x1125.png 1125w\" sizes=\"(max-width: 150px) 100vw, 150px\" \/><\/a>\n<h4 class=\"pt-cv-title\"><a href=\"https:\/\/clinicalaserdepiel.com.co\/esp\/quienes-somos\/novedades\/rejuvenecimiento-facial-con-radiofrecuencia-fraccionada-vivace\" class=\"_blank\" target=\"_blank\" >Rejuvenecimiento facial con radiofrecuencia fraccionada VIVACE<\/a><\/h4>\n<div class=\"pt-cv-content\">[vc_row content_width=\"grid\" el_id=\"marginTopSecContenedor\"][vc_column width=\"3\/4\"][vc_row_inner][vc_column_inner width=\"1\/3\"][vc_single_image image=\"17824\" img_size=\"full\" alignment=\"center\" el_class=\"imagenes-cpl\"][\/vc_column_inner][vc_column_inner width=\"2\/3\"][vc_column_text]Para una piel mas joven y tersa. SI buscas alcanzar una piel m\u00e1s firme, suave y luminosa sin los riesgos de ...<br \/><div class=\"pt-cv-rmwrap\"><a href=\"https:\/\/clinicalaserdepiel.com.co\/esp\/quienes-somos\/novedades\/rejuvenecimiento-facial-con-radiofrecuencia-fraccionada-vivace\" class=\"_blank pt-cv-readmore btn btn-success\" target=\"_blank\">Leer M\u00e1s<\/a><\/div><\/div><\/div><\/div>\n<div class=\"col-md-12 col-sm-6 col-xs-12 pt-cv-content-item pt-cv-2-col\" ><div class='pt-cv-ifield'><a href=\"https:\/\/clinicalaserdepiel.com.co\/esp\/quienes-somos\/novedades\/trusculpt-flex-solucion-rapida-para-tonificar-los-musculos-sin-ejercicio-ni-cirugias\" class=\"_blank pt-cv-href-thumbnail pt-cv-thumb-left\" target=\"_blank\" ><img loading=\"lazy\" decoding=\"async\" width=\"150\" height=\"150\" src=\"https:\/\/clinicalaserdepiel.com.co\/esp\/wp-content\/uploads\/2022\/09\/02truSculpt-flex-CounterCard-Female-purpura-150x150.png\" class=\"pt-cv-thumbnail pull-left\" alt=\"\" srcset=\"https:\/\/clinicalaserdepiel.com.co\/esp\/wp-content\/uploads\/2022\/09\/02truSculpt-flex-CounterCard-Female-purpura-150x150.png 150w, https:\/\/clinicalaserdepiel.com.co\/esp\/wp-content\/uploads\/2022\/09\/02truSculpt-flex-CounterCard-Female-purpura-550x550.png 550w, https:\/\/clinicalaserdepiel.com.co\/esp\/wp-content\/uploads\/2022\/09\/02truSculpt-flex-CounterCard-Female-purpura-1125x1125.png 1125w\" sizes=\"(max-width: 150px) 100vw, 150px\" \/><\/a>\n<h4 class=\"pt-cv-title\"><a href=\"https:\/\/clinicalaserdepiel.com.co\/esp\/quienes-somos\/novedades\/trusculpt-flex-solucion-rapida-para-tonificar-los-musculos-sin-ejercicio-ni-cirugias\" class=\"_blank\" target=\"_blank\" >TruSculpt FLEX: \u00a1Soluci\u00f3n r\u00e1pida para tonificar los m\u00fasculos sin ejercicio, ni cirug\u00edas!<\/a><\/h4>\n<div class=\"pt-cv-content\">[vc_row el_id=\"marginTopSecContenedor\"][vc_column width=\"3\/4\"][vc_row_inner][vc_column_inner width=\"1\/3\"][vc_single_image image=\"17460\" img_size=\"full\" alignment=\"center\" el_class=\"imagenes-cpl\"][\/vc_column_inner][vc_column_inner width=\"2\/3\"][vc_column_text]Lograr un cuerpo espectacular en pocas sesiones sin ejercitarse en un gimnasio, hoy es posible, gracias a los avances de la ciencia ...<br \/><div class=\"pt-cv-rmwrap\"><a href=\"https:\/\/clinicalaserdepiel.com.co\/esp\/quienes-somos\/novedades\/trusculpt-flex-solucion-rapida-para-tonificar-los-musculos-sin-ejercicio-ni-cirugias\" class=\"_blank pt-cv-readmore btn btn-success\" target=\"_blank\">Leer M\u00e1s<\/a><\/div><\/div><\/div><\/div>\n<div class=\"col-md-12 col-sm-6 col-xs-12 pt-cv-content-item pt-cv-2-col\" ><div class='pt-cv-ifield'><a href=\"https:\/\/clinicalaserdepiel.com.co\/esp\/quienes-somos\/novedades\/estas-a-15-minutos-de-lograr-el-cuerpo-que-quieres\" class=\"_blank pt-cv-href-thumbnail pt-cv-thumb-left\" target=\"_blank\" ><img loading=\"lazy\" decoding=\"async\" width=\"150\" height=\"150\" src=\"https:\/\/clinicalaserdepiel.com.co\/esp\/wp-content\/uploads\/2021\/08\/moldeamiento-corporal-clinica-laser-de-piel-150x150.jpg\" class=\"pt-cv-thumbnail pull-left\" alt=\"\" srcset=\"https:\/\/clinicalaserdepiel.com.co\/esp\/wp-content\/uploads\/2021\/08\/moldeamiento-corporal-clinica-laser-de-piel-150x150.jpg 150w, https:\/\/clinicalaserdepiel.com.co\/esp\/wp-content\/uploads\/2021\/08\/moldeamiento-corporal-clinica-laser-de-piel-550x550.jpg 550w, https:\/\/clinicalaserdepiel.com.co\/esp\/wp-content\/uploads\/2021\/08\/moldeamiento-corporal-clinica-laser-de-piel-1125x1125.jpg 1125w\" sizes=\"(max-width: 150px) 100vw, 150px\" \/><\/a>\n<h4 class=\"pt-cv-title\"><a href=\"https:\/\/clinicalaserdepiel.com.co\/esp\/quienes-somos\/novedades\/estas-a-15-minutos-de-lograr-el-cuerpo-que-quieres\" class=\"_blank\" target=\"_blank\" >Tecnolog\u00eda TruSculpt ID \u00a1Est\u00e1s a 15 minutos de lograr el cuerpo que quieres!<\/a><\/h4>\n<div class=\"pt-cv-content\">[vc_row el_id=\"marginTopSecContenedor\"][vc_column width=\"3\/4\"][vc_row_inner][vc_column_inner width=\"1\/3\"][vc_single_image image=\"16861\" img_size=\"full\" alignment=\"center\" el_class=\"imagenes-cpl\"][\/vc_column_inner][vc_column_inner width=\"2\/3\"][vc_column_text] \u00a1Ultima tecnologia para esculpir tu cuerpo sin dieta y sin ejercicios! \u00bfLa dieta y el ejercicio a\u00fan no reducen la grasa ...<br \/><div class=\"pt-cv-rmwrap\"><a href=\"https:\/\/clinicalaserdepiel.com.co\/esp\/quienes-somos\/novedades\/estas-a-15-minutos-de-lograr-el-cuerpo-que-quieres\" class=\"_blank pt-cv-readmore btn btn-success\" target=\"_blank\">Leer M\u00e1s<\/a><\/div><\/div><\/div><\/div>\n<div class=\"col-md-12 col-sm-6 col-xs-12 pt-cv-content-item pt-cv-2-col\" ><div class='pt-cv-ifield'><a href=\"https:\/\/clinicalaserdepiel.com.co\/esp\/quienes-somos\/novedades\/ultima-tecnologia-para-remocion-de-tatuajes-manchas-y-melasma-laser-picosegundos\" class=\"_blank pt-cv-href-thumbnail pt-cv-thumb-left\" target=\"_blank\" ><img loading=\"lazy\" decoding=\"async\" width=\"150\" height=\"150\" src=\"https:\/\/clinicalaserdepiel.com.co\/esp\/wp-content\/uploads\/2021\/02\/clinica-laser-de-piel-remocion-de-tatuajes-laser-picosegundos-150x150.png\" class=\"pt-cv-thumbnail pull-left\" alt=\"\" srcset=\"https:\/\/clinicalaserdepiel.com.co\/esp\/wp-content\/uploads\/2021\/02\/clinica-laser-de-piel-remocion-de-tatuajes-laser-picosegundos-150x150.png 150w, https:\/\/clinicalaserdepiel.com.co\/esp\/wp-content\/uploads\/2021\/02\/clinica-laser-de-piel-remocion-de-tatuajes-laser-picosegundos-550x550.png 550w, https:\/\/clinicalaserdepiel.com.co\/esp\/wp-content\/uploads\/2021\/02\/clinica-laser-de-piel-remocion-de-tatuajes-laser-picosegundos-1125x1125.png 1125w\" sizes=\"(max-width: 150px) 100vw, 150px\" \/><\/a>\n<h4 class=\"pt-cv-title\"><a href=\"https:\/\/clinicalaserdepiel.com.co\/esp\/quienes-somos\/novedades\/ultima-tecnologia-para-remocion-de-tatuajes-manchas-y-melasma-laser-picosegundos\" class=\"_blank\" target=\"_blank\" >\u00daltima tecnolog\u00eda para remoci\u00f3n de tatuajes, manchas y melasma: L\u00e1ser Picosegundos.<\/a><\/h4>\n<div class=\"pt-cv-content\">[vc_row content_width=\"grid\" el_id=\"marginTopSecContenedor\"][vc_column width=\"3\/4\"][vc_row_inner][vc_column_inner width=\"1\/3\"][vc_single_image image=\"15779\" img_size=\"full\" alignment=\"center\" el_class=\"imagenes-cpl\"][\/vc_column_inner][vc_column_inner width=\"2\/3\"][vc_column_text] La remoci\u00f3n o eliminaci\u00f3n de tatuajes con l\u00e1ser m\u00e1s r\u00e1pida, ahora es posible Las estadisticas de asociaciones internacionales demuestran que ...<br \/><div class=\"pt-cv-rmwrap\"><a href=\"https:\/\/clinicalaserdepiel.com.co\/esp\/quienes-somos\/novedades\/ultima-tecnologia-para-remocion-de-tatuajes-manchas-y-melasma-laser-picosegundos\" class=\"_blank pt-cv-readmore btn btn-success\" target=\"_blank\">Leer M\u00e1s<\/a><\/div><\/div><\/div><\/div><\/div><\/div>\n<div class=\" pt-cv-pagination-wrapper\"><ul class=\"pt-cv-pagination pt-cv-ajax pagination\" data-totalpages=\"2\" data-currentpage=\"1\" data-sid=\"d8245d8g2a\" data-unid=\"\" data-isblock=\"\" data-postid=\"\"><li class=\"active\"><a href=\"#\">1<\/a><\/li>\n\t<li ><a class=\"\" href=\"https:\/\/clinicalaserdepiel.com.co\/esp\/wp-json\/wp\/v2\/pages\/13418\/?_page=2\">2<\/a><\/li>\n\t<li ><a class=\" \" href=\"https:\/\/clinicalaserdepiel.com.co\/esp\/wp-json\/wp\/v2\/pages\/13418\/?_page=2\">&rsaquo;<\/a><\/li>\n\t<\/ul><img loading=\"lazy\" decoding=\"async\" width=\"15\" height=\"15\" class=\"pt-cv-spinner\" alt=\"Cargando...\" src=\"data:image\/gif;base64,R0lGODlhDwAPALMPAMrKygwMDJOTkz09PZWVla+vr3p6euTk5M7OzuXl5TMzMwAAAJmZmWZmZszMzP\/\/\/yH\/C05FVFNDQVBFMi4wAwEAAAAh+QQFCgAPACwAAAAADwAPAAAEQvDJaZaZOIcV8iQK8VRX4iTYoAwZ4iCYoAjZ4RxejhVNoT+mRGP4cyF4Pp0N98sBGIBMEMOotl6YZ3S61Bmbkm4mAgAh+QQFCgAPACwAAAAADQANAAAENPDJSRSZeA418itN8QiK8BiLITVsFiyBBIoYqnoewAD4xPw9iY4XLGYSjkQR4UAUD45DLwIAIfkEBQoADwAsAAAAAA8ACQAABC\/wyVlamTi3nSdgwFNdhEJgTJoNyoB9ISYoQmdjiZPcj7EYCAeCF1gEDo4Dz2eIAAAh+QQFCgAPACwCAAAADQANAAAEM\/DJBxiYeLKdX3IJZT1FU0iIg2RNKx3OkZVnZ98ToRD4MyiDnkAh6BkNC0MvsAj0kMpHBAAh+QQFCgAPACwGAAAACQAPAAAEMDC59KpFDll73HkAA2wVY5KgiK5b0RRoI6MuzG6EQqCDMlSGheEhUAgqgUUAFRySIgAh+QQFCgAPACwCAAIADQANAAAEM\/DJKZNLND\/kkKaHc3xk+QAMYDKsiaqmZCxGVjSFFCxB1vwy2oOgIDxuucxAMTAJFAJNBAAh+QQFCgAPACwAAAYADwAJAAAEMNAs86q1yaWwwv2Ig0jUZx3OYa4XoRAfwADXoAwfo1+CIjyFRuEho60aSNYlOPxEAAAh+QQFCgAPACwAAAIADQANAAAENPA9s4y8+IUVcqaWJ4qEQozSoAzoIyhCK2NFU2SJk0hNnyEOhKR2AzAAj4Pj4GE4W0bkJQIAOw==\" \/><div class=\"clear pt-cv-clear-pagination\"><\/div><\/div><\/div>[\/vc_column_text][\/vc_column_inner][\/vc_row_inner][\/vc_column][vc_column width=&#8221;1\/3&#8243;][vc_empty_space][vc_column_text]\n<div class=\"wpcf7 no-js\" id=\"wpcf7-f14168-o1\" lang=\"es-CO\" dir=\"ltr\">\n<div class=\"screen-reader-response\"><p role=\"status\" aria-live=\"polite\" aria-atomic=\"true\"><\/p> <ul><\/ul><\/div>\n<form action=\"\/esp\/wp-json\/wp\/v2\/pages\/13418#wpcf7-f14168-o1\" method=\"post\" class=\"wpcf7-form init\" aria-label=\"Formulario de contacto\" novalidate=\"novalidate\" data-status=\"init\">\n<div style=\"display: none;\">\n<input type=\"hidden\" name=\"_wpcf7\" value=\"14168\" \/>\n<input type=\"hidden\" name=\"_wpcf7_version\" value=\"5.9.8\" \/>\n<input type=\"hidden\" name=\"_wpcf7_locale\" value=\"es_CO\" \/>\n<input type=\"hidden\" name=\"_wpcf7_unit_tag\" value=\"wpcf7-f14168-o1\" \/>\n<input type=\"hidden\" name=\"_wpcf7_container_post\" value=\"0\" \/>\n<input type=\"hidden\" name=\"_wpcf7_posted_data_hash\" value=\"\" \/>\n<input type=\"hidden\" name=\"_wpcf7_recaptcha_response\" value=\"\" \/>\n<\/div>\n<h2 class=\"titulos\" style=\"line-height:4vh; text-align:center; color:rgb(59 72 147)!important;\">\u00bfTiene preguntas? Cont\u00e1ctenos\n<\/h2>\n<div class=\"form__container\">\n\t<div class=\"form__home__group\">\n\t\t<p><label> \u00bfEres paciente de Cl\u00ednica L\u00e1ser de Piel Colombia?<\/label><br \/>\n<span class=\"wpcf7-form-control-wrap\" data-name=\"radio-230\"><span class=\"wpcf7-form-control wpcf7-radio\"><span class=\"wpcf7-list-item first\"><input type=\"radio\" name=\"radio-230\" value=\"Si\" checked=\"checked\" \/><span class=\"wpcf7-list-item-label\">Si<\/span><\/span><span class=\"wpcf7-list-item last\"><input type=\"radio\" name=\"radio-230\" value=\"No\" \/><span class=\"wpcf7-list-item-label\">No<\/span><\/span><\/span><\/span>\n\t\t<\/p>\n\t<\/div>\n\t<div class=\"form__home__group\">\n\t\t<p><span class=\"wpcf7-form-control-wrap\" data-name=\"your-name\"><input size=\"40\" maxlength=\"400\" class=\"wpcf7-form-control wpcf7-text wpcf7-validates-as-required\" aria-required=\"true\" aria-invalid=\"false\" placeholder=\"Nombres\" value=\"\" type=\"text\" name=\"your-name\" \/><\/span>\n\t\t<\/p>\n\t\t<p><span class=\"wpcf7-form-control-wrap\" data-name=\"tel-834\"><input size=\"40\" maxlength=\"400\" class=\"wpcf7-form-control wpcf7-tel wpcf7-validates-as-required wpcf7-text wpcf7-validates-as-tel\" aria-required=\"true\" aria-invalid=\"false\" placeholder=\"Tel\u00e9fono\" value=\"\" type=\"tel\" name=\"tel-834\" \/><\/span>\n\t\t<\/p>\n\t<\/div>\n\t<div class=\"form__home__group\">\n\t\t<p><span class=\"wpcf7-form-control-wrap\" data-name=\"your-email\"><input size=\"40\" maxlength=\"400\" class=\"wpcf7-form-control wpcf7-email wpcf7-validates-as-required wpcf7-text wpcf7-validates-as-email\" aria-required=\"true\" aria-invalid=\"false\" placeholder=\"Correo\" value=\"\" type=\"email\" name=\"your-email\" \/><\/span>\n\t\t<\/p>\n\t<\/div>\n\t<div class=\"form__home__group\">\n\t\t<p><span class=\"wpcf7-form-control-wrap\" data-name=\"ciudad\"><select class=\"wpcf7-form-control wpcf7-select wpcf7-validates-as-required placeholder-style\" aria-required=\"true\" aria-invalid=\"false\" name=\"ciudad\"><option value=\"\">\u00bfEn qu\u00e9 ciudad desea recibir atenci\u00f3n presencial?<\/option><option value=\"Bogot\u00e1\">Bogot\u00e1<\/option><option value=\"Medell\u00edn\">Medell\u00edn<\/option><option value=\"Cali\">Cali<\/option><option value=\"Barranquilla\">Barranquilla<\/option><\/select><\/span>\n\t\t<\/p>\n\t<\/div>\n\t<div class=\"form__home__group\">\n\t\t<p><span class=\"wpcf7-form-control-wrap\" data-name=\"tratamiento\"><select class=\"wpcf7-form-control wpcf7-select wpcf7-validates-as-required\" aria-required=\"true\" aria-invalid=\"false\" name=\"tratamiento\"><option value=\"\">Tratamiento de inter\u00e9s<\/option><option value=\"Acn\u00e9 activo\">Acn\u00e9 activo<\/option><option value=\"Bolsas en ojos\">Bolsas en ojos<\/option><option value=\"Cicatrices\">Cicatrices<\/option><option value=\"Depilaci\u00f3n l\u00e1ser\">Depilaci\u00f3n l\u00e1ser<\/option><option value=\"Estr\u00edas\">Estr\u00edas<\/option><option value=\"Hiperpigmentaci\u00f3n labial\">Hiperpigmentaci\u00f3n labial<\/option><option value=\"Lifting facial\">Lifting facial<\/option><option value=\"Pecas, manchas y melasma\">Pecas, manchas y melasma<\/option><option value=\"Moldeamiento corporal, reducci\u00f3n de medidas, celulitis\">Moldeamiento corporal, reducci\u00f3n de medidas, celulitis<\/option><option value=\"Rejuvenecimiento facial\">Rejuvenecimiento facial<\/option><option value=\"Remoci\u00f3n de tatuajes\">Remoci\u00f3n de tatuajes<\/option><option value=\"Venas en piernas\">Venas en piernas<\/option><option value=\"Otro\">Otro<\/option><\/select><\/span>\n\t\t<\/p>\n\t<\/div>\n<\/div>\n<div class=\"form__home__group__no__flex\">\n\t<p><span class=\"wpcf7-form-control-wrap\" data-name=\"your-message\"><textarea cols=\"40\" rows=\"10\" maxlength=\"2000\" class=\"wpcf7-form-control wpcf7-textarea\" aria-invalid=\"false\" placeholder=\"Mensaje\" name=\"your-message\"><\/textarea><\/span>\n\t<\/p>\n<\/div>\n<div class=\"form__home__group__no__flex\">\n\t<p class=\"parrafos\" style=\"font-size:12px;line-height:16px;text-align: justify;\">De manera voluntaria, expl\u00edcita, informada e inequ\u00edvoca, autorizo a Cl\u00ednica L\u00e1ser de Piel para tratar mis datos personales, de acuerdo con lo dispuesto en los art\u00edculos 5, 7 y concordantes del Decreto 1377 de 2013 y las dem\u00e1s disposiciones legales referentes al tema. Para mayor informaci\u00f3n acerca del manejo de tus datos personales, puedes revisar nuestra <label><a href=\"https:\/\/clinicalaserdepiel.com.co\/esp\/publicaciones\/politica-de-manejo-de-datos\" target=\"_blank\" style=\"border-bottom:1px solid #171775;\"> pol\u00edtica de tratamiento de datos.<\/a><\/label>\n\t<\/p>\n<\/div>\n<div style=\"display: flex; justify-content: center;\">\n\t<p><input class=\"wpcf7-form-control wpcf7-submit has-spinner\" type=\"submit\" value=\"Enviar\" \/>\n\t<\/p>\n<\/div>\n\n<p style=\"display: none !important;\" class=\"akismet-fields-container\" data-prefix=\"_wpcf7_ak_\"><label>&#916;<textarea name=\"_wpcf7_ak_hp_textarea\" cols=\"45\" rows=\"8\" maxlength=\"100\"><\/textarea><\/label><input type=\"hidden\" id=\"ak_js_1\" name=\"_wpcf7_ak_js\" value=\"219\"\/><script>document.getElementById( \"ak_js_1\" ).setAttribute( \"value\", ( new Date() ).getTime() );<\/script><\/p><div class=\"wpcf7-response-output\" aria-hidden=\"true\"><\/div>\n<\/form>\n<\/div>\n[\/vc_column_text][\/vc_column][\/vc_row]<\/p>\n<\/section>","protected":false},"excerpt":{"rendered":"<p>[vc_row el_class=&#8221;cabecera&#8221;][vc_column][vc_column_text] NOVEDADES [\/vc_column_text][\/vc_column][\/vc_row][vc_row el_id=&#8221;rowContainer&#8221;][vc_column width=&#8221;2\/3&#8243;][vc_empty_space][vc_column_text]Cl\u00ednica L\u00e1ser de Piel te brinda belleza, juventud, autoestima, limpieza, alegr\u00eda, salud, seguridad y esperanza. Nos interesamos cada d\u00eda por mejorar, por eso Cl\u00ednica L\u00e1ser de Piel ha ideado un espacio donde nuestros pacientes pueden enterarse de las \u00faltimas noticias&#8230;.<\/p>\n","protected":false},"author":2,"featured_media":0,"parent":13305,"menu_order":0,"comment_status":"closed","ping_status":"closed","template":"","meta":{"footnotes":""},"class_list":["post-13418","page","type-page","status-publish","hentry"],"_links":{"self":[{"href":"https:\/\/clinicalaserdepiel.com.co\/esp\/wp-json\/wp\/v2\/pages\/13418"}],"collection":[{"href":"https:\/\/clinicalaserdepiel.com.co\/esp\/wp-json\/wp\/v2\/pages"}],"about":[{"href":"https:\/\/clinicalaserdepiel.com.co\/esp\/wp-json\/wp\/v2\/types\/page"}],"author":[{"embeddable":true,"href":"https:\/\/clinicalaserdepiel.com.co\/esp\/wp-json\/wp\/v2\/users\/2"}],"replies":[{"embeddable":true,"href":"https:\/\/clinicalaserdepiel.com.co\/esp\/wp-json\/wp\/v2\/comments?post=13418"}],"version-history":[{"count":1,"href":"https:\/\/clinicalaserdepiel.com.co\/esp\/wp-json\/wp\/v2\/pages\/13418\/revisions"}],"predecessor-version":[{"id":17419,"href":"https:\/\/clinicalaserdepiel.com.co\/esp\/wp-json\/wp\/v2\/pages\/13418\/revisions\/17419"}],"up":[{"embeddable":true,"href":"https:\/\/clinicalaserdepiel.com.co\/esp\/wp-json\/wp\/v2\/pages\/13305"}],"wp:attachment":[{"href":"https:\/\/clinicalaserdepiel.com.co\/esp\/wp-json\/wp\/v2\/media?parent=13418"}],"curies":[{"name":"wp","href":"https:\/\/api.w.org\/{rel}","templated":true}]}}