{"id":13409,"date":"2019-06-12T14:25:31","date_gmt":"2019-06-12T14:25:31","guid":{"rendered":"https:\/\/www.imaginatio.com.co\/MX3\/CLP\/?page_id=13409"},"modified":"2022-05-09T17:00:14","modified_gmt":"2022-05-09T17:00:14","slug":"por-que-nosotros","status":"publish","type":"page","link":"https:\/\/clinicalaserdepiel.com.co\/esp\/quienes-somos\/por-que-nosotros","title":{"rendered":"\u00bfPor qu\u00e9 somos \u00fanicos?"},"content":{"rendered":"<section class=\"wpb-content-wrapper\"><p>[vc_row el_class=&#8221;cabecera&#8221;][vc_column el_id=&#8221;filaTituloRosadoHeader&#8221;][vc_column_text]<\/p>\n<h1 class=\"titulo__rosado__grande\">\u00bfPor qu\u00e9 Cl\u00ednica L\u00e1ser de Piel es \u00fanica?<\/h1>\n<p>[\/vc_column_text][\/vc_column][\/vc_row][vc_row el_id=&#8221;rowContainer&#8221;][vc_column width=&#8221;2\/3&#8243;][vc_empty_space][vc_row_inner][vc_column_inner width=&#8221;1\/3&#8243;][vc_single_image image=&#8221;16551&#8243; img_size=&#8221;full&#8221; alignment=&#8221;center&#8221;][\/vc_column_inner][vc_column_inner width=&#8221;2\/3&#8243;]<div class=\"mkd-section-title-holder\">\n\t<h2 class=\"mkd-section-title mkd-section-title-medium\" >\n\tAvanzada tecnolog\u00eda l\u00e1ser y talento humano excepcional a tu servicio<\/h2>\n<\/div>[vc_column_text]Nuestros pacientes nos prefieren por las siguientes razones, las cuales hacen de Cl\u00ednica L\u00e1ser de Piel \u00fanica:<\/p>\n<ul>\n<li>L\u00edderes en l\u00e1seres de piel con la mejor tecnolog\u00eda<\/li>\n<li>Certificaci\u00f3n de Calidad ISO 9001<\/li>\n<li>Resultados Excelentes<\/li>\n<li>Pioneros en Depilaci\u00f3n L\u00e1ser y Remoci\u00f3n de Tatuajes<\/li>\n<li>Cubrimiento Nacional e Internacional<\/li>\n<li>Excelentes Instalaciones e Infraestructura<\/li>\n<li>Amplio portafolio de tratamientos l\u00e1ser<\/li>\n<li>Protocolos \u00fanicos para pieles latinas<\/li>\n<li>Los famosos nos prefieren<\/li>\n<li>Programa VIP para consentirte \u00a1porque sabemos con qu\u00e9 sue\u00f1as!<\/li>\n<\/ul>\n<p>[\/vc_column_text][\/vc_column_inner][\/vc_row_inner][vc_row_inner][vc_column_inner]<div class=\"mkd-section-title-holder\">\n\t<h3 class=\"mkd-section-title mkd-section-title-small\" >\n\tL\u00edderes en l\u00e1seres de piel : La mejor tecnolog\u00eda<\/h3>\n<\/div>[vc_column_text]Como l\u00edderes del sector, brindamos a nuestros pacientes tratamientos con la m\u00e1s avanzada\u00a0tecnolog\u00eda l\u00e1ser\u00a0y est\u00e9tica probada y no invasiva para curar o mejorar diferentes patolog\u00edas o problemas de la piel.<\/p>\n<p>Estamos comprometidos a mejorar el bienestar, la confianza y autoestima de nuestros pacientes de una\u00a0manera segura, profesional y \u00e9tica.<\/p>\n<p>En la Cl\u00ednica L\u00e1ser de Piel, la renovaci\u00f3n tecnol\u00f3gica es permanente y hemos sido los primeros en adquirir tecnolog\u00eda de punta novedosa y con toda seguridad tambi\u00e9n seremos los primeros en sustituirla cuando aparezcan otras superiores.<\/p>\n<p>Actualmente nuestra cl\u00ednica cuenta con m\u00e1s de\u00a018 tipos de l\u00e1ser\u00a0diferentes de \u00faltima generaci\u00f3n y renovaci\u00f3n tecnol\u00f3gica permanente.<\/p>\n<p>Nuestros equipos est\u00e1n aprobados por la FDA (Federal Drug Administration de USA) y la CE (Comunidad Europea), lo que garantiza su eficacia y seguridad.[\/vc_column_text][\/vc_column_inner][\/vc_row_inner][vc_row_inner][vc_column_inner]<div class=\"mkd-section-title-holder\">\n\t<h3 class=\"mkd-section-title mkd-section-title-small\" >\n\tCertificaci\u00f3n de Calidad ISO 9001<\/h3>\n<\/div>[vc_column_text]En Cl\u00ednica L\u00e1ser de Piel estamos comprometidos con la calidad y en el a\u00f1o 2010\u00a0 fuimos pioneros en recibir una Certificaci\u00f3n de Calidad ISO 9001 en la Prestaci\u00f3n de Servicios M\u00e9dicos Est\u00e9ticos con Tecnolog\u00eda L\u00e1ser\u00a0 por la SGS, la cual hemos mantenido en Colombia a trav\u00e9s de los a\u00f1os.\u00a0 Continuaremos alcanzando excelentes resultados de forma consistente y repetible.[\/vc_column_text][\/vc_column_inner][\/vc_row_inner][vc_row_inner][vc_column_inner]<div class=\"mkd-section-title-holder\">\n\t<h3 class=\"mkd-section-title mkd-section-title-small\" >\n\tResultados Excelentes<\/h3>\n<\/div>[vc_column_text]Gracias a la tecnolog\u00eda y al gran\u00a0talento humano\u00a0altamente profesional, los resultados son excelentes y cada d\u00eda son m\u00e1s los pacientes que forman parte de la familia Cl\u00ednica L\u00e1ser de Piel.[\/vc_column_text][\/vc_column_inner][\/vc_row_inner][vc_row_inner][vc_column_inner]<div class=\"mkd-section-title-holder\">\n\t<h3 class=\"mkd-section-title mkd-section-title-small\" >\n\tEquipo m\u00e9dico cient\u00edfico, especialistas y expertos en L\u00e1ser<\/h3>\n<\/div>[vc_column_text]Nuestro objetivo es la satisfacci\u00f3n de\u00a0nuestros pacientes,\u00a0brind\u00e1ndoles los recursos humanos y t\u00e9cnicos, con una atenci\u00f3n c\u00e1lida y eficaz.<\/p>\n<p>Lo anterior, lo conseguimos con un completo equipo de especialistas y m\u00e9dicos expertos en l\u00e1ser, con amplia experiencia nacional e internacional que garantiza la atenci\u00f3n id\u00f3nea a trav\u00e9s de un\u00a0servicio personalizado\u00a0de cada tratamiento, y de un control de calidad estricto que genera resultados superiores en nuestros pacientes.<\/p>\n<p>Nuestros profesionales cuentan con actualizaci\u00f3n permanente a nivel nacional e internacional en los \u00faltimos avances m\u00e9dicos y tecnol\u00f3gicos.[\/vc_column_text][\/vc_column_inner][\/vc_row_inner][vc_row_inner][vc_column_inner]<div class=\"mkd-section-title-holder\">\n\t<h3 class=\"mkd-section-title mkd-section-title-small\" >\n\tPioneros en Depilaci\u00f3n L\u00e1ser y Remoci\u00f3n de Tatuajes<\/h3>\n<\/div>[vc_column_text]Cl\u00ednica L\u00e1ser de Piel ha sido pionera en depilaci\u00f3n l\u00e1ser con equipos de\u00a0alta tecnolog\u00eda\u00a0y cuenta con los \u00faltimos y m\u00e1s avanzados l\u00e1seres para cada tipo de piel con el fin de brindar una depilaci\u00f3n con l\u00e1ser para hombres y mujeres en el menor n\u00famero de sesiones.<\/p>\n<p>Igualmente, Cl\u00ednica L\u00e1ser de Piel ha sido pionera en la remoci\u00f3n de tatuajes y maquillaje permanente con l\u00e1ser inicialmente con la introducci\u00f3n de los l\u00e1seres de pulso corto tipo Q-Switch con varias longitudes de onda para remover no solo tatuajes de tintas oscuras sino tambi\u00e9n los multicoloreados.\u00a0 Y actualmente, est\u00e1 introduciendo la novedosa tecnolog\u00eda de picosegundos a Colombia con el fin de mejorar la efectividad de este tratamiento y la satisfacci\u00f3n de nuestros pacientes.[\/vc_column_text][\/vc_column_inner][\/vc_row_inner][vc_row_inner][vc_column_inner]<div class=\"mkd-section-title-holder\">\n\t<h3 class=\"mkd-section-title mkd-section-title-small\" >\n\tCubrimiento Nacional e Internacional<\/h3>\n<\/div>[vc_column_text]La Cl\u00ednica L\u00e1ser de Piel es la organizaci\u00f3n l\u00edder en Colombia, Panam\u00e1 y Ecuador, contando con 9 sedes en estos pa\u00edses. En Colombia cuenta con 7 sedes en las principales ciudades del pa\u00eds: Bogot\u00e1, Medell\u00edn, Cali y Barranquilla.[\/vc_column_text][\/vc_column_inner][\/vc_row_inner][vc_row_inner][vc_column_inner]<div class=\"mkd-section-title-holder\">\n\t<h3 class=\"mkd-section-title mkd-section-title-small\" >\n\tExcelentes Instalaciones e Infraestructura<\/h3>\n<\/div>[vc_column_text]Nuestras instalaciones se encuentran ubicadas en Centros Comerciales, Torres M\u00e9dicas, Centros Empresariales y en sectores exclusivos de cada ciudad, estando entre las de m\u00e1s alto nivel del pa\u00eds.<\/p>\n<p>Nuestras sedes, adem\u00e1s de consultorios y \u00e1reas de procedimientos, cuentan con instalaciones amplias, modernas y c\u00f3modas, algunas de ellas, con \u00e1rea de parqueadero privado, salas VIP dotadas con bebidas fr\u00edas y calientes, snacks, capuchinera y televisor.\u00a0 Tambi\u00e9n cuenta con salas de espera y \u00e1reas comunes confortables.[\/vc_column_text][\/vc_column_inner][\/vc_row_inner][vc_row_inner][vc_column_inner]<div class=\"mkd-section-title-holder\">\n\t<h2 class=\"mkd-section-title mkd-section-title-medium\" >\n\tAmplio portafolio de tratamientos l\u00e1ser<\/h2>\n<\/div>[vc_column_text]Los\u00a0numerosos equipos\u00a0l\u00e1ser que tenemos nos permiten brindar a nuestros pacientes el m\u00e1s amplio portafolio de servicios para patolog\u00edas y problemas faciales y corporales.<\/p>\n<ul>\n<li>Depilaci\u00f3n L\u00e1ser<\/li>\n<li>Remoci\u00f3n de tatuajes y maquillaje permanente<\/li>\n<li>Rejuvenecimiento Facial con l\u00e1ser (arrugas, pigmentaci\u00f3n, venitas, poros, textura, flacidez)<\/li>\n<li>Remoci\u00f3n de lesiones pigmetadas superficiales y profundas (pecas, manchas, l\u00e9ntigos, melasma, nevus, ocronosis etc)<\/li>\n<li>Cicatrices (deprimidas, queloides, hipertr\u00f3ficas)<\/li>\n<li>Remoci\u00f3n de venitas en cara y piernas<\/li>\n<li>Flacidez cut\u00e1nea en cara y cuerpo<\/li>\n<li>Acn\u00e9 activo y cicatrices de acn\u00e9<\/li>\n<li>Hongos en las u\u00f1as (Onicomicosis)<\/li>\n<li>Remoci\u00f3n de estr\u00edas rojas y blancas<\/li>\n<li>Ca\u00edda de Cabello o alopecia<\/li>\n<li>Celulitis<\/li>\n<li>Moldeamiento corporal: Reducci\u00f3n de medidas y grasa localizada<\/li>\n<li>Rellenos faciales<\/li>\n<li>Psoriasis<\/li>\n<li>Ros\u00e1cea<\/li>\n<li>Hemangiomas y manchas en vinotinto<\/li>\n<\/ul>\n<p>[\/vc_column_text][vc_empty_space height=&#8221;20px&#8221;][\/vc_column_inner][\/vc_row_inner][vc_row_inner][vc_column_inner]<div class=\"mkd-section-title-holder\">\n\t<h2 class=\"mkd-section-title mkd-section-title-medium\" >\n\tProtocolos \u00fanicos para pieles latinas<\/h2>\n<\/div>[vc_column_text]Nuestra cl\u00ednica cuenta con un\u00a0Know How\u00a0o experiencia comprobada en la creaci\u00f3n de\u00a0protocolos especiales para pieles latinoamericanas y a diferencia de otras, cuenta con l\u00e1seres para todo tipo de piel: blanca, morena y oscura.[\/vc_column_text][\/vc_column_inner][\/vc_row_inner][vc_row_inner][vc_column_inner]<div class=\"mkd-section-title-holder\">\n\t<h2 class=\"mkd-section-title mkd-section-title-medium\" >\n\tLos famosos nos prefieren<\/h2>\n<\/div>[vc_column_text]En la Cl\u00ednica L\u00e1ser de Piel nos sentimos orgullosos de contar dentro de\u00a0nuestros pacientes\u00a0a reinas de belleza, modelos, artistas de cine y televisi\u00f3n, as\u00ed como l\u00edderes empresariales e industriales, los cuales dan fe de la excelencia en los resultados y el servicio.<\/p>\n<p>Sandra Borda Caldas, Ex miss Colombia<\/p>\n<p>Andea Nocetti,\u00a0 Ex miss Colombia y actriz<\/p>\n<p>Ericka Taubert, Modelo y actriz<\/p>\n<p>Ximena Zamora, Ex miss Ecuador[\/vc_column_text][\/vc_column_inner][\/vc_row_inner][vc_row_inner el_id=&#8221;imagenesFamosos&#8221;][vc_column_inner width=&#8221;1\/4&#8243;][vc_single_image image=&#8221;14893&#8243; img_size=&#8221;full&#8221; el_class=&#8221;center__img__mobile__famosos&#8221;][\/vc_column_inner][vc_column_inner width=&#8221;1\/4&#8243;][vc_single_image image=&#8221;14180&#8243; img_size=&#8221;full&#8221; el_class=&#8221;center__img__mobile__famosos&#8221;][\/vc_column_inner][vc_column_inner width=&#8221;1\/4&#8243;][vc_single_image image=&#8221;14179&#8243; img_size=&#8221;full&#8221; el_class=&#8221;center__img__mobile__famosos&#8221;][\/vc_column_inner][vc_column_inner width=&#8221;1\/4&#8243;][vc_single_image image=&#8221;14178&#8243; img_size=&#8221;full&#8221; add_caption=&#8221;yes&#8221; el_class=&#8221;center__img__mobile__famosos&#8221;][\/vc_column_inner][\/vc_row_inner][vc_empty_space][vc_empty_space][\/vc_column][vc_column width=&#8221;1\/3&#8243;][vc_empty_space][vc_empty_space][vc_column_text]\n<div class=\"wpcf7 no-js\" id=\"wpcf7-f14168-o1\" lang=\"es-CO\" dir=\"ltr\">\n<div class=\"screen-reader-response\"><p role=\"status\" aria-live=\"polite\" aria-atomic=\"true\"><\/p> <ul><\/ul><\/div>\n<form action=\"\/esp\/wp-json\/wp\/v2\/pages\/13409#wpcf7-f14168-o1\" method=\"post\" class=\"wpcf7-form init\" aria-label=\"Formulario de contacto\" novalidate=\"novalidate\" data-status=\"init\">\n<div style=\"display: none;\">\n<input type=\"hidden\" name=\"_wpcf7\" value=\"14168\" \/>\n<input type=\"hidden\" name=\"_wpcf7_version\" value=\"5.9.8\" \/>\n<input type=\"hidden\" name=\"_wpcf7_locale\" value=\"es_CO\" \/>\n<input type=\"hidden\" name=\"_wpcf7_unit_tag\" value=\"wpcf7-f14168-o1\" \/>\n<input type=\"hidden\" name=\"_wpcf7_container_post\" value=\"0\" \/>\n<input type=\"hidden\" name=\"_wpcf7_posted_data_hash\" value=\"\" \/>\n<input type=\"hidden\" name=\"_wpcf7_recaptcha_response\" value=\"\" \/>\n<\/div>\n<h2 class=\"titulos\" style=\"line-height:4vh; text-align:center; color:rgb(59 72 147)!important;\">\u00bfTiene preguntas? Cont\u00e1ctenos\n<\/h2>\n<div class=\"form__container\">\n\t<div class=\"form__home__group\">\n\t\t<p><label> \u00bfEres paciente de Cl\u00ednica L\u00e1ser de Piel Colombia?<\/label><br \/>\n<span class=\"wpcf7-form-control-wrap\" data-name=\"radio-230\"><span class=\"wpcf7-form-control wpcf7-radio\"><span class=\"wpcf7-list-item first\"><input type=\"radio\" name=\"radio-230\" value=\"Si\" checked=\"checked\" \/><span class=\"wpcf7-list-item-label\">Si<\/span><\/span><span class=\"wpcf7-list-item last\"><input type=\"radio\" name=\"radio-230\" value=\"No\" \/><span class=\"wpcf7-list-item-label\">No<\/span><\/span><\/span><\/span>\n\t\t<\/p>\n\t<\/div>\n\t<div class=\"form__home__group\">\n\t\t<p><span class=\"wpcf7-form-control-wrap\" data-name=\"your-name\"><input size=\"40\" maxlength=\"400\" class=\"wpcf7-form-control wpcf7-text wpcf7-validates-as-required\" aria-required=\"true\" aria-invalid=\"false\" placeholder=\"Nombres\" value=\"\" type=\"text\" name=\"your-name\" \/><\/span>\n\t\t<\/p>\n\t\t<p><span class=\"wpcf7-form-control-wrap\" data-name=\"tel-834\"><input size=\"40\" maxlength=\"400\" class=\"wpcf7-form-control wpcf7-tel wpcf7-validates-as-required wpcf7-text wpcf7-validates-as-tel\" aria-required=\"true\" aria-invalid=\"false\" placeholder=\"Tel\u00e9fono\" value=\"\" type=\"tel\" name=\"tel-834\" \/><\/span>\n\t\t<\/p>\n\t<\/div>\n\t<div class=\"form__home__group\">\n\t\t<p><span class=\"wpcf7-form-control-wrap\" data-name=\"your-email\"><input size=\"40\" maxlength=\"400\" class=\"wpcf7-form-control wpcf7-email wpcf7-validates-as-required wpcf7-text wpcf7-validates-as-email\" aria-required=\"true\" aria-invalid=\"false\" placeholder=\"Correo\" value=\"\" type=\"email\" name=\"your-email\" \/><\/span>\n\t\t<\/p>\n\t<\/div>\n\t<div class=\"form__home__group\">\n\t\t<p><span class=\"wpcf7-form-control-wrap\" data-name=\"ciudad\"><select class=\"wpcf7-form-control wpcf7-select wpcf7-validates-as-required placeholder-style\" aria-required=\"true\" aria-invalid=\"false\" name=\"ciudad\"><option value=\"\">\u00bfEn qu\u00e9 ciudad desea recibir atenci\u00f3n presencial?<\/option><option value=\"Bogot\u00e1\">Bogot\u00e1<\/option><option value=\"Medell\u00edn\">Medell\u00edn<\/option><option value=\"Cali\">Cali<\/option><option value=\"Barranquilla\">Barranquilla<\/option><\/select><\/span>\n\t\t<\/p>\n\t<\/div>\n\t<div class=\"form__home__group\">\n\t\t<p><span class=\"wpcf7-form-control-wrap\" data-name=\"tratamiento\"><select class=\"wpcf7-form-control wpcf7-select wpcf7-validates-as-required\" aria-required=\"true\" aria-invalid=\"false\" name=\"tratamiento\"><option value=\"\">Tratamiento de inter\u00e9s<\/option><option value=\"Acn\u00e9 activo\">Acn\u00e9 activo<\/option><option value=\"Bolsas en ojos\">Bolsas en ojos<\/option><option value=\"Cicatrices\">Cicatrices<\/option><option value=\"Depilaci\u00f3n l\u00e1ser\">Depilaci\u00f3n l\u00e1ser<\/option><option value=\"Estr\u00edas\">Estr\u00edas<\/option><option value=\"Hiperpigmentaci\u00f3n labial\">Hiperpigmentaci\u00f3n labial<\/option><option value=\"Lifting facial\">Lifting facial<\/option><option value=\"Pecas, manchas y melasma\">Pecas, manchas y melasma<\/option><option value=\"Moldeamiento corporal, reducci\u00f3n de medidas, celulitis\">Moldeamiento corporal, reducci\u00f3n de medidas, celulitis<\/option><option value=\"Rejuvenecimiento facial\">Rejuvenecimiento facial<\/option><option value=\"Remoci\u00f3n de tatuajes\">Remoci\u00f3n de tatuajes<\/option><option value=\"Venas en piernas\">Venas en piernas<\/option><option value=\"Otro\">Otro<\/option><\/select><\/span>\n\t\t<\/p>\n\t<\/div>\n<\/div>\n<div class=\"form__home__group__no__flex\">\n\t<p><span class=\"wpcf7-form-control-wrap\" data-name=\"your-message\"><textarea cols=\"40\" rows=\"10\" maxlength=\"2000\" class=\"wpcf7-form-control wpcf7-textarea\" aria-invalid=\"false\" placeholder=\"Mensaje\" name=\"your-message\"><\/textarea><\/span>\n\t<\/p>\n<\/div>\n<div class=\"form__home__group__no__flex\">\n\t<p class=\"parrafos\" style=\"font-size:12px;line-height:16px;text-align: justify;\">De manera voluntaria, expl\u00edcita, informada e inequ\u00edvoca, autorizo a Cl\u00ednica L\u00e1ser de Piel para tratar mis datos personales, de acuerdo con lo dispuesto en los art\u00edculos 5, 7 y concordantes del Decreto 1377 de 2013 y las dem\u00e1s disposiciones legales referentes al tema. Para mayor informaci\u00f3n acerca del manejo de tus datos personales, puedes revisar nuestra <label><a href=\"https:\/\/clinicalaserdepiel.com.co\/esp\/publicaciones\/politica-de-manejo-de-datos\" target=\"_blank\" style=\"border-bottom:1px solid #171775;\"> pol\u00edtica de tratamiento de datos.<\/a><\/label>\n\t<\/p>\n<\/div>\n<div style=\"display: flex; justify-content: center;\">\n\t<p><input class=\"wpcf7-form-control wpcf7-submit has-spinner\" type=\"submit\" value=\"Enviar\" \/>\n\t<\/p>\n<\/div>\n\n<p style=\"display: none !important;\" class=\"akismet-fields-container\" data-prefix=\"_wpcf7_ak_\"><label>&#916;<textarea name=\"_wpcf7_ak_hp_textarea\" cols=\"45\" rows=\"8\" maxlength=\"100\"><\/textarea><\/label><input type=\"hidden\" id=\"ak_js_1\" name=\"_wpcf7_ak_js\" value=\"211\"\/><script>document.getElementById( \"ak_js_1\" ).setAttribute( \"value\", ( new Date() ).getTime() );<\/script><\/p><div class=\"wpcf7-response-output\" aria-hidden=\"true\"><\/div>\n<\/form>\n<\/div>\n[\/vc_column_text][\/vc_column][\/vc_row]<\/p>\n<\/section>","protected":false},"excerpt":{"rendered":"<p>[vc_row el_class=&#8221;cabecera&#8221;][vc_column el_id=&#8221;filaTituloRosadoHeader&#8221;][vc_column_text] \u00bfPor qu\u00e9 Cl\u00ednica L\u00e1ser de Piel es \u00fanica? [\/vc_column_text][\/vc_column][\/vc_row][vc_row el_id=&#8221;rowContainer&#8221;][vc_column width=&#8221;2\/3&#8243;][vc_empty_space][vc_row_inner][vc_column_inner width=&#8221;1\/3&#8243;][vc_single_image image=&#8221;16551&#8243; img_size=&#8221;full&#8221; alignment=&#8221;center&#8221;][\/vc_column_inner][vc_column_inner width=&#8221;2\/3&#8243;][vc_column_text]Nuestros pacientes nos prefieren por las siguientes razones, las cuales hacen de Cl\u00ednica L\u00e1ser de Piel \u00fanica: L\u00edderes en l\u00e1seres de piel con la mejor tecnolog\u00eda Certificaci\u00f3n&#8230;<\/p>\n","protected":false},"author":2,"featured_media":0,"parent":13305,"menu_order":0,"comment_status":"closed","ping_status":"closed","template":"","meta":{"footnotes":""},"class_list":["post-13409","page","type-page","status-publish","hentry"],"_links":{"self":[{"href":"https:\/\/clinicalaserdepiel.com.co\/esp\/wp-json\/wp\/v2\/pages\/13409"}],"collection":[{"href":"https:\/\/clinicalaserdepiel.com.co\/esp\/wp-json\/wp\/v2\/pages"}],"about":[{"href":"https:\/\/clinicalaserdepiel.com.co\/esp\/wp-json\/wp\/v2\/types\/page"}],"author":[{"embeddable":true,"href":"https:\/\/clinicalaserdepiel.com.co\/esp\/wp-json\/wp\/v2\/users\/2"}],"replies":[{"embeddable":true,"href":"https:\/\/clinicalaserdepiel.com.co\/esp\/wp-json\/wp\/v2\/comments?post=13409"}],"version-history":[{"count":0,"href":"https:\/\/clinicalaserdepiel.com.co\/esp\/wp-json\/wp\/v2\/pages\/13409\/revisions"}],"up":[{"embeddable":true,"href":"https:\/\/clinicalaserdepiel.com.co\/esp\/wp-json\/wp\/v2\/pages\/13305"}],"wp:attachment":[{"href":"https:\/\/clinicalaserdepiel.com.co\/esp\/wp-json\/wp\/v2\/media?parent=13409"}],"curies":[{"name":"wp","href":"https:\/\/api.w.org\/{rel}","templated":true}]}}