{"id":13400,"date":"2019-06-11T21:30:50","date_gmt":"2019-06-11T21:30:50","guid":{"rendered":"https:\/\/www.imaginatio.com.co\/MX3\/CLP\/?page_id=13400"},"modified":"2022-10-26T16:37:06","modified_gmt":"2022-10-26T16:37:06","slug":"lideres-en-tecnologia-laser","status":"publish","type":"page","link":"https:\/\/clinicalaserdepiel.com.co\/esp\/quienes-somos\/lideres-en-tecnologia-laser","title":{"rendered":"L\u00edderes en Tecnolog\u00eda L\u00e1ser"},"content":{"rendered":"<section class=\"wpb-content-wrapper\"><p>[vc_row content_aligment=&#8221;center&#8221; css=&#8221;.vc_custom_1583528474840{background-position: 0 0 !important;background-repeat: repeat !important;}&#8221; el_class=&#8221;cabecera&#8221;][vc_column][vc_column_text]<\/p>\n<h1 class=\"titulo__rosado__grande\">L\u00edderes en Tecnolog\u00eda L\u00e1ser<\/h1>\n<p>[\/vc_column_text][\/vc_column][\/vc_row][vc_row el_id=&#8221;rowContainer&#8221;][vc_column width=&#8221;2\/3&#8243;][vc_empty_space][vc_row_inner][vc_column_inner width=&#8221;1\/3&#8243;][vc_single_image image=&#8221;15756&#8243; img_size=&#8221;full&#8221;][\/vc_column_inner][vc_column_inner width=&#8221;2\/3&#8243;][vc_column_text]Bienvenidos a la m\u00e1s avanzada Cl\u00ednica L\u00e1ser de Piel y Vascular de Latinoam\u00e9rica, con la mejor y m\u00e1s variada tecnolog\u00eda l\u00e1ser y los m\u00e1s selectos equipos est\u00e9ticos para tratamientos faciales y corporales.<\/p>\n<p>La cl\u00ednica cuenta con m\u00e1s de 18 l\u00e1seres para tu piel lo cual nos permite ofrecer la m\u00e1s variada gama de tratamientos l\u00e1ser para diferentes patolog\u00edas de la piel.<\/p>\n<p>Somos la red de cl\u00ednicas l\u00e1ser de piel m\u00e1s grande de\u00a0Colombia con sedes en las principales ciudades como Bogot\u00e1, Medell\u00edn, Cali y Barraquilla y con presencia internacional en, Ecuador y Panam\u00e1<\/p>\n<p>Nuestro objetivo es la satisfacci\u00f3n de nuestros pacientes, brindando atenci\u00f3n, calidad y eficacia a trav\u00e9s de un completo equipo de m\u00e9dicos expertos en l\u00e1ser y dermat\u00f3logos con amplia experiencia.[\/vc_column_text][\/vc_column_inner][\/vc_row_inner][vc_row_inner][vc_column_inner][vc_empty_space]<div class=\"mkd-section-title-holder\">\n\t<h2 class=\"mkd-section-title mkd-section-title-medium\" >\n\tM\u00e1s de 20 a\u00f1os de experiencia mejorando o curando diferentes patolog\u00edas de piel <\/h2>\n<\/div>[vc_column_text]El liderazgo de Cl\u00ednica L\u00e1ser de Piel se sustenta en la mejor y variada tecnolog\u00eda, profesionales m\u00e9dicos expertos en l\u00e1ser, tratamientos con excelentes resultados, Certificaci\u00f3n de Calidad ISO 9001, innovaci\u00f3n permanente, excelentes instalaciones e infraestructura, cubrimiento nacional e internacional y servicio excepcional.[\/vc_column_text][\/vc_column_inner][\/vc_row_inner][vc_row_inner][vc_column_inner]<div class=\"mkd-section-title-holder\">\n\t<h3 class=\"mkd-section-title mkd-section-title-small\" >\n\tLa mejor y m\u00e1s variada tecnolog\u00eda <\/h3>\n<\/div>[vc_column_text]Cl\u00ednica L\u00e1ser de Piel cuenta con la m\u00e1s variada tecnolog\u00eda l\u00e1ser de excelente calidad que le permite tener equipos especializados para cada tipo de tratamiento, para lo cual cuenta con m\u00e1s de 18 l\u00e1seres y tecnolog\u00edas complementarias que le permiten ofrecer variedad de tratamientos l\u00e1ser para tu piel.[\/vc_column_text][\/vc_column_inner][\/vc_row_inner][vc_row_inner][vc_column_inner]<div class=\"mkd-section-title-holder\">\n\t<h3 class=\"mkd-section-title mkd-section-title-small\" >\n\tProfesionales m\u00e9dicos expertos<\/h3>\n<\/div>[vc_column_text]Contamos con un excelente equipo m\u00e9dico profesional en constante actualizaci\u00f3n a nivel nacional e internacional.[\/vc_column_text][\/vc_column_inner][\/vc_row_inner][vc_row_inner][vc_column_inner]<div class=\"mkd-section-title-holder\">\n\t<h3 class=\"mkd-section-title mkd-section-title-small\" >\n\tLos mejores resultados<\/h3>\n<\/div>[vc_column_text]En la Cl\u00ednica L\u00e1ser de Piel la calidad en los procesos y resultados es una prioridad, esto nos ha permitido ganar la confianza de nuestros pacientes y un crecimiento permanente.[\/vc_column_text][\/vc_column_inner][\/vc_row_inner][vc_row_inner][vc_column_inner]<div class=\"mkd-section-title-holder\">\n\t<h3 class=\"mkd-section-title mkd-section-title-small\" >\n\tCertificaci\u00f3n de Calidad ISO 9001<\/h3>\n<\/div>[vc_column_text]En Cl\u00ednica L\u00e1ser de Piel la calidad es muy importante, por eso fue pionera al lograr por primera vez una Certificaci\u00f3n ISO 9001 en la Prestaci\u00f3n de Servicios M\u00e9dicos Est\u00e9ticos con Tecnolog\u00eda L\u00e1ser en el a\u00f1o 2010 en Colombia, la cual se ha mantenido \u00a0a trav\u00e9s de los a\u00f1os, demostrando nuestro compromiso con la satisfacci\u00f3n de los pacientes.[\/vc_column_text][\/vc_column_inner][\/vc_row_inner][vc_row_inner][vc_column_inner]<div class=\"mkd-section-title-holder\">\n\t<h3 class=\"mkd-section-title mkd-section-title-small\" >\n\tInnovaci\u00f3n Permanente<\/h3>\n<\/div>[vc_column_text]Contamos con la \u00faltima\u00a0tecnolog\u00eda\u00a0l\u00e1ser y est\u00e9tica\u00a0la cual es combinada con tratamientos y protocolos \u00fanicos con alto grado de innovaci\u00f3n pensando en las necesidades de cada paciente a trav\u00e9s de paquetes personalizados con excelentes resultados.[\/vc_column_text][\/vc_column_inner][\/vc_row_inner][vc_row_inner][vc_column_inner]<div class=\"mkd-section-title-holder\">\n\t<h3 class=\"mkd-section-title mkd-section-title-small\" >\n\tExcelentes Instalaciones e Infraestructura <\/h3>\n<\/div>[vc_column_text]<\/p>\n<p class=\"parrafos\">Nuestras instalaciones brindan a los pacientes ambientes c\u00f3modos y confortables desde el momento del ingreso a las salas de espera. Algunas de nuestras sedes brindan acceso a parqueaderos y salas VIP adicional a salas de procedimientos y consultorios.<\/p>\n<p>[\/vc_column_text][\/vc_column_inner][\/vc_row_inner][vc_row_inner][vc_column_inner]<div class=\"mkd-section-title-holder\">\n\t<h3 class=\"mkd-section-title mkd-section-title-small\" >\n\tMayor Cubrimiento<\/h3>\n<\/div>[vc_column_text]Somos la m\u00e1s completa red de cl\u00ednicas l\u00e1ser de Latinoam\u00e9rica presentes en Colombia en\u00a0<span class=\"x_ContentPasted3\">las principales ciudades como Bogot\u00e1, Medell\u00edn, Cali y Barraquilla y con presencia internacional en Panam\u00e1 y Ecuador.<\/span>[\/vc_column_text][\/vc_column_inner][\/vc_row_inner][vc_row_inner][vc_column_inner]<div class=\"mkd-section-title-holder\">\n\t<h3 class=\"mkd-section-title mkd-section-title-small\" >\n\tServicio Excepcional<\/h3>\n<\/div>[vc_column_text]Nuestros profesionales m\u00e9dicos y personal administrativo est\u00e1n comprometidos en brindar un servicio c\u00e1lido y profesional a los pacientes.\u00a0 Buscamos ir m\u00e1s all\u00e1 de las expectativas del paciente, por eso, tambi\u00e9n atendemos a personajes p\u00fablicos de reconocimiento nacional e internacional.[\/vc_column_text][\/vc_column_inner][\/vc_row_inner][vc_row_inner css=&#8221;.vc_custom_1607619429734{background-color: #e4dbec !important;}&#8221;][vc_column_inner][vc_column_text]<\/p>\n<h2 class=\"sub__titulos\">Descubre la salud de tu piel con l\u00e1ser<\/h2>\n<p>[\/vc_column_text][vc_column_text]<\/p>\n<p class=\"parrafos\">Vis\u00edtanos y conoce nuestros paquetes y descuentos. Pregunta por nuestros bonos de referidos y gana descuentos.<\/p>\n<p>[\/vc_column_text][\/vc_column_inner][\/vc_row_inner][\/vc_column][vc_column width=&#8221;1\/3&#8243;][vc_empty_space][vc_column_text]\n<div class=\"wpcf7 no-js\" id=\"wpcf7-f14168-o1\" lang=\"es-CO\" dir=\"ltr\">\n<div class=\"screen-reader-response\"><p role=\"status\" aria-live=\"polite\" aria-atomic=\"true\"><\/p> <ul><\/ul><\/div>\n<form action=\"\/esp\/wp-json\/wp\/v2\/pages\/13400#wpcf7-f14168-o1\" method=\"post\" class=\"wpcf7-form init\" aria-label=\"Formulario de contacto\" novalidate=\"novalidate\" data-status=\"init\">\n<div style=\"display: none;\">\n<input type=\"hidden\" name=\"_wpcf7\" value=\"14168\" \/>\n<input type=\"hidden\" name=\"_wpcf7_version\" value=\"5.9.8\" \/>\n<input type=\"hidden\" name=\"_wpcf7_locale\" value=\"es_CO\" \/>\n<input type=\"hidden\" name=\"_wpcf7_unit_tag\" value=\"wpcf7-f14168-o1\" \/>\n<input type=\"hidden\" name=\"_wpcf7_container_post\" value=\"0\" \/>\n<input type=\"hidden\" name=\"_wpcf7_posted_data_hash\" value=\"\" \/>\n<input type=\"hidden\" name=\"_wpcf7_recaptcha_response\" value=\"\" \/>\n<\/div>\n<h2 class=\"titulos\" style=\"line-height:4vh; text-align:center; color:rgb(59 72 147)!important;\">\u00bfTiene preguntas? Cont\u00e1ctenos\n<\/h2>\n<div class=\"form__container\">\n\t<div class=\"form__home__group\">\n\t\t<p><label> \u00bfEres paciente de Cl\u00ednica L\u00e1ser de Piel Colombia?<\/label><br \/>\n<span class=\"wpcf7-form-control-wrap\" data-name=\"radio-230\"><span class=\"wpcf7-form-control wpcf7-radio\"><span class=\"wpcf7-list-item first\"><input type=\"radio\" name=\"radio-230\" value=\"Si\" checked=\"checked\" \/><span class=\"wpcf7-list-item-label\">Si<\/span><\/span><span class=\"wpcf7-list-item last\"><input type=\"radio\" name=\"radio-230\" value=\"No\" \/><span class=\"wpcf7-list-item-label\">No<\/span><\/span><\/span><\/span>\n\t\t<\/p>\n\t<\/div>\n\t<div class=\"form__home__group\">\n\t\t<p><span class=\"wpcf7-form-control-wrap\" data-name=\"your-name\"><input size=\"40\" maxlength=\"400\" class=\"wpcf7-form-control wpcf7-text wpcf7-validates-as-required\" aria-required=\"true\" aria-invalid=\"false\" placeholder=\"Nombres\" value=\"\" type=\"text\" name=\"your-name\" \/><\/span>\n\t\t<\/p>\n\t\t<p><span class=\"wpcf7-form-control-wrap\" data-name=\"tel-834\"><input size=\"40\" maxlength=\"400\" class=\"wpcf7-form-control wpcf7-tel wpcf7-validates-as-required wpcf7-text wpcf7-validates-as-tel\" aria-required=\"true\" aria-invalid=\"false\" placeholder=\"Tel\u00e9fono\" value=\"\" type=\"tel\" name=\"tel-834\" \/><\/span>\n\t\t<\/p>\n\t<\/div>\n\t<div class=\"form__home__group\">\n\t\t<p><span class=\"wpcf7-form-control-wrap\" data-name=\"your-email\"><input size=\"40\" maxlength=\"400\" class=\"wpcf7-form-control wpcf7-email wpcf7-validates-as-required wpcf7-text wpcf7-validates-as-email\" aria-required=\"true\" aria-invalid=\"false\" placeholder=\"Correo\" value=\"\" type=\"email\" name=\"your-email\" \/><\/span>\n\t\t<\/p>\n\t<\/div>\n\t<div class=\"form__home__group\">\n\t\t<p><span class=\"wpcf7-form-control-wrap\" data-name=\"ciudad\"><select class=\"wpcf7-form-control wpcf7-select wpcf7-validates-as-required placeholder-style\" aria-required=\"true\" aria-invalid=\"false\" name=\"ciudad\"><option value=\"\">\u00bfEn qu\u00e9 ciudad desea recibir atenci\u00f3n presencial?<\/option><option value=\"Bogot\u00e1\">Bogot\u00e1<\/option><option value=\"Medell\u00edn\">Medell\u00edn<\/option><option value=\"Cali\">Cali<\/option><option value=\"Barranquilla\">Barranquilla<\/option><\/select><\/span>\n\t\t<\/p>\n\t<\/div>\n\t<div class=\"form__home__group\">\n\t\t<p><span class=\"wpcf7-form-control-wrap\" data-name=\"tratamiento\"><select class=\"wpcf7-form-control wpcf7-select wpcf7-validates-as-required\" aria-required=\"true\" aria-invalid=\"false\" name=\"tratamiento\"><option value=\"\">Tratamiento de inter\u00e9s<\/option><option value=\"Acn\u00e9 activo\">Acn\u00e9 activo<\/option><option value=\"Bolsas en ojos\">Bolsas en ojos<\/option><option value=\"Cicatrices\">Cicatrices<\/option><option value=\"Depilaci\u00f3n l\u00e1ser\">Depilaci\u00f3n l\u00e1ser<\/option><option value=\"Estr\u00edas\">Estr\u00edas<\/option><option value=\"Hiperpigmentaci\u00f3n labial\">Hiperpigmentaci\u00f3n labial<\/option><option value=\"Lifting facial\">Lifting facial<\/option><option value=\"Pecas, manchas y melasma\">Pecas, manchas y melasma<\/option><option value=\"Moldeamiento corporal, reducci\u00f3n de medidas, celulitis\">Moldeamiento corporal, reducci\u00f3n de medidas, celulitis<\/option><option value=\"Rejuvenecimiento facial\">Rejuvenecimiento facial<\/option><option value=\"Remoci\u00f3n de tatuajes\">Remoci\u00f3n de tatuajes<\/option><option value=\"Venas en piernas\">Venas en piernas<\/option><option value=\"Otro\">Otro<\/option><\/select><\/span>\n\t\t<\/p>\n\t<\/div>\n<\/div>\n<div class=\"form__home__group__no__flex\">\n\t<p><span class=\"wpcf7-form-control-wrap\" data-name=\"your-message\"><textarea cols=\"40\" rows=\"10\" maxlength=\"2000\" class=\"wpcf7-form-control wpcf7-textarea\" aria-invalid=\"false\" placeholder=\"Mensaje\" name=\"your-message\"><\/textarea><\/span>\n\t<\/p>\n<\/div>\n<div class=\"form__home__group__no__flex\">\n\t<p class=\"parrafos\" style=\"font-size:12px;line-height:16px;text-align: justify;\">De manera voluntaria, expl\u00edcita, informada e inequ\u00edvoca, autorizo a Cl\u00ednica L\u00e1ser de Piel para tratar mis datos personales, de acuerdo con lo dispuesto en los art\u00edculos 5, 7 y concordantes del Decreto 1377 de 2013 y las dem\u00e1s disposiciones legales referentes al tema. Para mayor informaci\u00f3n acerca del manejo de tus datos personales, puedes revisar nuestra <label><a href=\"https:\/\/clinicalaserdepiel.com.co\/esp\/publicaciones\/politica-de-manejo-de-datos\" target=\"_blank\" style=\"border-bottom:1px solid #171775;\"> pol\u00edtica de tratamiento de datos.<\/a><\/label>\n\t<\/p>\n<\/div>\n<div style=\"display: flex; justify-content: center;\">\n\t<p><input class=\"wpcf7-form-control wpcf7-submit has-spinner\" type=\"submit\" value=\"Enviar\" \/>\n\t<\/p>\n<\/div>\n\n<p style=\"display: none !important;\" class=\"akismet-fields-container\" data-prefix=\"_wpcf7_ak_\"><label>&#916;<textarea name=\"_wpcf7_ak_hp_textarea\" cols=\"45\" rows=\"8\" maxlength=\"100\"><\/textarea><\/label><input type=\"hidden\" id=\"ak_js_1\" name=\"_wpcf7_ak_js\" value=\"197\"\/><script>document.getElementById( \"ak_js_1\" ).setAttribute( \"value\", ( new Date() ).getTime() );<\/script><\/p><div class=\"wpcf7-response-output\" aria-hidden=\"true\"><\/div>\n<\/form>\n<\/div>\n[\/vc_column_text][\/vc_column][\/vc_row]<\/p>\n<\/section>","protected":false},"excerpt":{"rendered":"<p>[vc_row content_aligment=&#8221;center&#8221; css=&#8221;.vc_custom_1583528474840{background-position: 0 0 !important;background-repeat: repeat !important;}&#8221; el_class=&#8221;cabecera&#8221;][vc_column][vc_column_text] L\u00edderes en Tecnolog\u00eda L\u00e1ser [\/vc_column_text][\/vc_column][\/vc_row][vc_row el_id=&#8221;rowContainer&#8221;][vc_column width=&#8221;2\/3&#8243;][vc_empty_space][vc_row_inner][vc_column_inner width=&#8221;1\/3&#8243;][vc_single_image image=&#8221;15756&#8243; img_size=&#8221;full&#8221;][\/vc_column_inner][vc_column_inner width=&#8221;2\/3&#8243;][vc_column_text]Bienvenidos a la m\u00e1s avanzada Cl\u00ednica L\u00e1ser de Piel y Vascular de Latinoam\u00e9rica, con la mejor y m\u00e1s variada tecnolog\u00eda l\u00e1ser y los m\u00e1s selectos equipos&#8230;<\/p>\n","protected":false},"author":2,"featured_media":0,"parent":13305,"menu_order":0,"comment_status":"closed","ping_status":"closed","template":"","meta":{"footnotes":""},"class_list":["post-13400","page","type-page","status-publish","hentry"],"_links":{"self":[{"href":"https:\/\/clinicalaserdepiel.com.co\/esp\/wp-json\/wp\/v2\/pages\/13400"}],"collection":[{"href":"https:\/\/clinicalaserdepiel.com.co\/esp\/wp-json\/wp\/v2\/pages"}],"about":[{"href":"https:\/\/clinicalaserdepiel.com.co\/esp\/wp-json\/wp\/v2\/types\/page"}],"author":[{"embeddable":true,"href":"https:\/\/clinicalaserdepiel.com.co\/esp\/wp-json\/wp\/v2\/users\/2"}],"replies":[{"embeddable":true,"href":"https:\/\/clinicalaserdepiel.com.co\/esp\/wp-json\/wp\/v2\/comments?post=13400"}],"version-history":[{"count":2,"href":"https:\/\/clinicalaserdepiel.com.co\/esp\/wp-json\/wp\/v2\/pages\/13400\/revisions"}],"predecessor-version":[{"id":17475,"href":"https:\/\/clinicalaserdepiel.com.co\/esp\/wp-json\/wp\/v2\/pages\/13400\/revisions\/17475"}],"up":[{"embeddable":true,"href":"https:\/\/clinicalaserdepiel.com.co\/esp\/wp-json\/wp\/v2\/pages\/13305"}],"wp:attachment":[{"href":"https:\/\/clinicalaserdepiel.com.co\/esp\/wp-json\/wp\/v2\/media?parent=13400"}],"curies":[{"name":"wp","href":"https:\/\/api.w.org\/{rel}","templated":true}]}}