{"id":13305,"date":"2018-10-19T16:14:05","date_gmt":"2018-10-19T16:14:05","guid":{"rendered":"https:\/\/www.imaginatio.com.co\/MX3\/CLP\/?page_id=13305"},"modified":"2022-08-05T00:26:22","modified_gmt":"2022-08-05T00:26:22","slug":"quienes-somos","status":"publish","type":"page","link":"https:\/\/clinicalaserdepiel.com.co\/esp\/quienes-somos","title":{"rendered":"\u00bfQui\u00e9nes somos?"},"content":{"rendered":"<section class=\"wpb-content-wrapper\"><p>[vc_row el_class=&#8221;cabecera&#8221; el_id=&#8221;espacioHeader&#8221;][vc_column][vc_column_text]<\/p>\n<h1 class=\"titulo__rosado__grande\">\u00bfQUIENES SOMOS?<\/h1>\n<p>[\/vc_column_text][\/vc_column][\/vc_row][vc_row el_id=&#8221;rowContainer&#8221;][vc_column width=&#8221;2\/3&#8243;][vc_column_text]<\/p>\n<h2>Cl\u00ednica con mayor experiencia y tecnolog\u00eda de punta en tratamientos l\u00e1ser de piel<\/h2>\n<p>Desde su fundaci\u00f3n hace mas de 20 a\u00f1os, la Cl\u00ednica L\u00e1ser de Piel se ha convertido en la Instituci\u00f3n M\u00e9dica con la m\u00e1s sofisticada y avanzada tecnolog\u00eda l\u00e1ser de piel en Latinoam\u00e9rica al contar con el mayor n\u00famero de l\u00e1seres, lo que nos permite ofrecer la gama mas variada de \u00a0tratamientos novedosos enfocados en patolog\u00edas y problemas esteticos de la piel.[\/vc_column_text][vc_column_text]<\/p>\n<h2>Misi\u00f3n<\/h2>\n<p>La misi\u00f3n de la Cl\u00ednica Laser de Piel es brindar tratamientos novedosos a los pacientes con lo \u00faltimo en tecnolog\u00eda l\u00e1ser y est\u00e9tica probada efectiva y no invasiva para prevenir, tratar y mejorar diferentes patolog\u00edas o problemas est\u00e9ticos de la piel, todo lo anterior con el fin de contribuir con el bienestar y autoestima de nuestros pacientes.<\/p>\n<p>Llevamos a cabo nuestra misi\u00f3n realizando un trabajo digno y \u00e9tico disponiendo para ello de un excelente recurso humano y tecnol\u00f3gico, haciendo acopio de la experiencia y trayectoria que caracterizan nuestra empresa la cual se ha especializado en atender pacientes que requieren de una atenci\u00f3n personalizada y exigente.<\/p>\n<p>Estamos comprometidos a mejorar el bienestar, la confianza y autoestima de nuestros pacientes de una manera segura, profesional y \u00e9tica.[\/vc_column_text][vc_column_text]<\/p>\n<h2>Visi\u00f3n<\/h2>\n<p>Ser la primera y m\u00e1s reconocida cl\u00ednica con tecnolog\u00eda l\u00e1ser de piel de Colombia, y Latinoam\u00e9rica, enfocada en la prestaci\u00f3n de servicios para pacientes con patolog\u00edas dermatol\u00f3gicas o problemas est\u00e9ticos. Brind\u00e1ndoles tratamientos m\u00e9dicos novedosos con la m\u00e1s avanzada tecnolog\u00eda de punta; con proyecci\u00f3n internacional y altos est\u00e1ndares de calidad y servicio.[\/vc_column_text][vc_column_text]<\/p>\n<h2>Pol\u00edtica de Seguridad al Paciente<\/h2>\n<p>Cl\u00ednica Laser de Piel se compromete a identificar, prevenir y reducir los riesgos que se generen durante la atenci\u00f3n del usuario, brindando un entorno seguro, creando barreras de seguridad efectivas, aprendiendo de los errores mediante la investigaci\u00f3n de los eventos adversos, incidentes, complicaciones e infecciones que eventualmente se presenten y desarrollando la cultura de seguridad en la atenci\u00f3n de los pacientes en todas las personas de la instituci\u00f3n.[\/vc_column_text][vc_column_text]<\/p>\n<h2>Pol\u00edtica de Calidad<\/h2>\n<p>Cl\u00ednica L\u00e1ser de Piel est\u00e1\u00a0 comprometida a\u00a0 alcanzar la\u00a0 satisfacci\u00f3n del paciente, el mejoramiento continuo de sus procesos y de su tecnolog\u00eda l\u00e1ser para curar o mejorar diferentes patolog\u00edas o problemas est\u00e9ticos de la piel; siempre fundamentados en las competencias\u00a0 e idoneidad de nuestros empleados y colaboradores, con altos est\u00e1ndares profesionales, cumpliendo los requisitos aplicables, llegando a ser la compa\u00f1\u00eda l\u00edder en el sector nacional e internacional.[\/vc_column_text][vc_row_inner][vc_column_inner][vc_column_text]<\/p>\n<h2 class=\"titulos\">M\u00e1s de \u00bfQui\u00e9nes Somos?<\/h2>\n<p>[\/vc_column_text][\/vc_column_inner][\/vc_row_inner][vc_empty_space][vc_row_inner][vc_column_inner width=&#8221;1\/4&#8243;][vc_single_image image=&#8221;15607&#8243; img_size=&#8221;full&#8221;][\/vc_column_inner][vc_column_inner width=&#8221;2\/3&#8243;][vc_column_text]<\/p>\n<h5>\u00bfPor qu\u00e9 somos \u00fanicos?<\/h5>\n<p>Nuestros pacientes nos prefieren por las siguientes razones, las cuales hacen de Cl\u00ednica L\u00e1ser de Piel \u00fanica:<\/p>\n<ul>\n<li>L\u00edderes en l\u00e1seres de piel con la mejor tecnolog\u00eda<\/li>\n<li>Certificaci\u00f3n de Calidad ISO 9001<\/li>\n<li>Resultados Excelentes<\/li>\n<\/ul>\n<p><a href=\"https:\/\/clinicalaserdepiel.com.co\/esp\/quienes-somos\/por-que-nosotros\"><strong>&gt;&gt; lea m\u00e1s<\/strong><\/a>[\/vc_column_text][\/vc_column_inner][\/vc_row_inner][vc_empty_space height=&#8221;40px&#8221;][vc_row_inner][vc_column_inner width=&#8221;1\/4&#8243;][vc_single_image image=&#8221;16006&#8243; img_size=&#8221;full&#8221;][\/vc_column_inner][vc_column_inner width=&#8221;2\/3&#8243;][vc_column_text]<\/p>\n<h5>Testimonios<\/h5>\n<p>Queremos agradecerles a todos nuestros pacientes porque han depositado su confianza en la Cl\u00ednica L\u00e1ser de Piel y estamos seguros que continuaremos mejorando por tener la mejor tecnolog\u00eda l\u00e1ser y los mejores resultados en nuestros tratamientos.<\/p>\n<p><a href=\"https:\/\/clinicalaserdepiel.com.co\/esp\/quienes-somos\/testimonios\"><strong>&gt;&gt; lea m\u00e1s<\/strong><\/a>[\/vc_column_text][\/vc_column_inner][\/vc_row_inner][vc_empty_space height=&#8221;40px&#8221;][vc_row_inner][vc_column_inner width=&#8221;1\/4&#8243;][vc_single_image image=&#8221;15471&#8243; img_size=&#8221;full&#8221;][\/vc_column_inner][vc_column_inner width=&#8221;2\/3&#8243;][vc_column_text]<\/p>\n<h5>Novedades<\/h5>\n<p>Conoce avances tecnol\u00f3gicos y nuevos tratamientos en l\u00e1ser de piel.\u00a0 Nos interesamos cada d\u00eda por mejorar, por eso Cl\u00ednica L\u00e1ser de Piel ha ideado un espacio donde nuestros pacientes pueden enterarse de las \u00faltimas noticias. Lo invitamos a leer los art\u00edculos que ser\u00e1n de gran inter\u00e9s.<\/p>\n<p><a href=\"https:\/\/clinicalaserdepiel.com.co\/esp\/quienes-somos\/novedades\"><strong>&gt;&gt; lea m\u00e1s<\/strong><\/a>[\/vc_column_text][\/vc_column_inner][\/vc_row_inner][vc_empty_space height=&#8221;40px&#8221;][vc_row_inner][vc_column_inner width=&#8221;1\/4&#8243;][vc_single_image image=&#8221;15756&#8243; img_size=&#8221;full&#8221;][\/vc_column_inner][vc_column_inner width=&#8221;2\/3&#8243;][vc_column_text]<\/p>\n<h5>L\u00edderes en tecnolog\u00eda l\u00e1ser<\/h5>\n<p>Bienvenidos a la m\u00e1s avanzada Cl\u00ednica L\u00e1ser de Piel y Vascular de Latinoam\u00e9rica, con la mejor y m\u00e1s variada tecnolog\u00eda l\u00e1ser y los m\u00e1s selectos equipos est\u00e9ticos para tratamientos faciales y corporales. La cl\u00ednica cuenta con m\u00e1s de 18 l\u00e1seres para tu piel lo cual nos permite ofrecer la m\u00e1s variada gama de tratamientos l\u00e1ser para diferentes patolog\u00edas de la piel.<\/p>\n<p><a href=\"https:\/\/clinicalaserdepiel.com.co\/esp\/quienes-somos\/lideres-en-tecnologia-laser\"><strong>&gt;&gt; lea m\u00e1s<\/strong><\/a>[\/vc_column_text][\/vc_column_inner][\/vc_row_inner][vc_empty_space height=&#8221;40px&#8221;][vc_row_inner][vc_column_inner width=&#8221;1\/4&#8243;][vc_single_image image=&#8221;15865&#8243; img_size=&#8221;full&#8221;][\/vc_column_inner][vc_column_inner width=&#8221;2\/3&#8243;][vc_column_text]<\/p>\n<h5>Beneficios especiales<\/h5>\n<p>Los pacientes de Cl\u00ednica L\u00e1ser de Piel podr\u00e1n disfrutar de beneficios especiales en cualquiera de nuestros programas y convenios.<\/p>\n<ul>\n<li>Cu\u00e9ntale a un amigo y gana bonos de descuento<\/li>\n<li>Disfruta beneficios por tu fidelidad<\/li>\n<li>Accede a descuentos especiales<\/li>\n<\/ul>\n<p><a href=\"https:\/\/clinicalaserdepiel.com.co\/esp\/quienes-somos\/beneficios-especiales\"><strong>&gt;&gt; lea m\u00e1s<\/strong><\/a>[\/vc_column_text][\/vc_column_inner][\/vc_row_inner][\/vc_column][vc_column width=&#8221;1\/3&#8243;][vc_empty_space][vc_single_image image=&#8221;15441&#8243; img_size=&#8221;full&#8221; alignment=&#8221;center&#8221; el_class=&#8221;imagenes-cpl&#8221;]\n<div class=\"wpcf7 no-js\" id=\"wpcf7-f14168-o1\" lang=\"es-CO\" dir=\"ltr\">\n<div class=\"screen-reader-response\"><p role=\"status\" aria-live=\"polite\" aria-atomic=\"true\"><\/p> <ul><\/ul><\/div>\n<form action=\"\/esp\/wp-json\/wp\/v2\/pages\/13305#wpcf7-f14168-o1\" method=\"post\" class=\"wpcf7-form init\" aria-label=\"Formulario de contacto\" novalidate=\"novalidate\" data-status=\"init\">\n<div style=\"display: none;\">\n<input type=\"hidden\" name=\"_wpcf7\" value=\"14168\" \/>\n<input type=\"hidden\" name=\"_wpcf7_version\" value=\"5.9.8\" \/>\n<input type=\"hidden\" name=\"_wpcf7_locale\" value=\"es_CO\" \/>\n<input type=\"hidden\" name=\"_wpcf7_unit_tag\" value=\"wpcf7-f14168-o1\" \/>\n<input type=\"hidden\" name=\"_wpcf7_container_post\" value=\"0\" \/>\n<input type=\"hidden\" name=\"_wpcf7_posted_data_hash\" value=\"\" \/>\n<input type=\"hidden\" name=\"_wpcf7_recaptcha_response\" value=\"\" \/>\n<\/div>\n<h2 class=\"titulos\" style=\"line-height:4vh; text-align:center; color:rgb(59 72 147)!important;\">\u00bfTiene preguntas? Cont\u00e1ctenos\n<\/h2>\n<div class=\"form__container\">\n\t<div class=\"form__home__group\">\n\t\t<p><label> \u00bfEres paciente de Cl\u00ednica L\u00e1ser de Piel Colombia?<\/label><br \/>\n<span class=\"wpcf7-form-control-wrap\" data-name=\"radio-230\"><span class=\"wpcf7-form-control wpcf7-radio\"><span class=\"wpcf7-list-item first\"><input type=\"radio\" name=\"radio-230\" value=\"Si\" checked=\"checked\" \/><span class=\"wpcf7-list-item-label\">Si<\/span><\/span><span class=\"wpcf7-list-item last\"><input type=\"radio\" name=\"radio-230\" value=\"No\" \/><span class=\"wpcf7-list-item-label\">No<\/span><\/span><\/span><\/span>\n\t\t<\/p>\n\t<\/div>\n\t<div class=\"form__home__group\">\n\t\t<p><span class=\"wpcf7-form-control-wrap\" data-name=\"your-name\"><input size=\"40\" maxlength=\"400\" class=\"wpcf7-form-control wpcf7-text wpcf7-validates-as-required\" aria-required=\"true\" aria-invalid=\"false\" placeholder=\"Nombres\" value=\"\" type=\"text\" name=\"your-name\" \/><\/span>\n\t\t<\/p>\n\t\t<p><span class=\"wpcf7-form-control-wrap\" data-name=\"tel-834\"><input size=\"40\" maxlength=\"400\" class=\"wpcf7-form-control wpcf7-tel wpcf7-validates-as-required wpcf7-text wpcf7-validates-as-tel\" aria-required=\"true\" aria-invalid=\"false\" placeholder=\"Tel\u00e9fono\" value=\"\" type=\"tel\" name=\"tel-834\" \/><\/span>\n\t\t<\/p>\n\t<\/div>\n\t<div class=\"form__home__group\">\n\t\t<p><span class=\"wpcf7-form-control-wrap\" data-name=\"your-email\"><input size=\"40\" maxlength=\"400\" class=\"wpcf7-form-control wpcf7-email wpcf7-validates-as-required wpcf7-text wpcf7-validates-as-email\" aria-required=\"true\" aria-invalid=\"false\" placeholder=\"Correo\" value=\"\" type=\"email\" name=\"your-email\" \/><\/span>\n\t\t<\/p>\n\t<\/div>\n\t<div class=\"form__home__group\">\n\t\t<p><span class=\"wpcf7-form-control-wrap\" data-name=\"ciudad\"><select class=\"wpcf7-form-control wpcf7-select wpcf7-validates-as-required placeholder-style\" aria-required=\"true\" aria-invalid=\"false\" name=\"ciudad\"><option value=\"\">\u00bfEn qu\u00e9 ciudad desea recibir atenci\u00f3n presencial?<\/option><option value=\"Bogot\u00e1\">Bogot\u00e1<\/option><option value=\"Medell\u00edn\">Medell\u00edn<\/option><option value=\"Cali\">Cali<\/option><option value=\"Barranquilla\">Barranquilla<\/option><\/select><\/span>\n\t\t<\/p>\n\t<\/div>\n\t<div class=\"form__home__group\">\n\t\t<p><span class=\"wpcf7-form-control-wrap\" data-name=\"tratamiento\"><select class=\"wpcf7-form-control wpcf7-select wpcf7-validates-as-required\" aria-required=\"true\" aria-invalid=\"false\" name=\"tratamiento\"><option value=\"\">Tratamiento de inter\u00e9s<\/option><option value=\"Acn\u00e9 activo\">Acn\u00e9 activo<\/option><option value=\"Bolsas en ojos\">Bolsas en ojos<\/option><option value=\"Cicatrices\">Cicatrices<\/option><option value=\"Depilaci\u00f3n l\u00e1ser\">Depilaci\u00f3n l\u00e1ser<\/option><option value=\"Estr\u00edas\">Estr\u00edas<\/option><option value=\"Hiperpigmentaci\u00f3n labial\">Hiperpigmentaci\u00f3n labial<\/option><option value=\"Lifting facial\">Lifting facial<\/option><option value=\"Pecas, manchas y melasma\">Pecas, manchas y melasma<\/option><option value=\"Moldeamiento corporal, reducci\u00f3n de medidas, celulitis\">Moldeamiento corporal, reducci\u00f3n de medidas, celulitis<\/option><option value=\"Rejuvenecimiento facial\">Rejuvenecimiento facial<\/option><option value=\"Remoci\u00f3n de tatuajes\">Remoci\u00f3n de tatuajes<\/option><option value=\"Venas en piernas\">Venas en piernas<\/option><option value=\"Otro\">Otro<\/option><\/select><\/span>\n\t\t<\/p>\n\t<\/div>\n<\/div>\n<div class=\"form__home__group__no__flex\">\n\t<p><span class=\"wpcf7-form-control-wrap\" data-name=\"your-message\"><textarea cols=\"40\" rows=\"10\" maxlength=\"2000\" class=\"wpcf7-form-control wpcf7-textarea\" aria-invalid=\"false\" placeholder=\"Mensaje\" name=\"your-message\"><\/textarea><\/span>\n\t<\/p>\n<\/div>\n<div class=\"form__home__group__no__flex\">\n\t<p class=\"parrafos\" style=\"font-size:12px;line-height:16px;text-align: justify;\">De manera voluntaria, expl\u00edcita, informada e inequ\u00edvoca, autorizo a Cl\u00ednica L\u00e1ser de Piel para tratar mis datos personales, de acuerdo con lo dispuesto en los art\u00edculos 5, 7 y concordantes del Decreto 1377 de 2013 y las dem\u00e1s disposiciones legales referentes al tema. Para mayor informaci\u00f3n acerca del manejo de tus datos personales, puedes revisar nuestra <label><a href=\"https:\/\/clinicalaserdepiel.com.co\/esp\/publicaciones\/politica-de-manejo-de-datos\" target=\"_blank\" style=\"border-bottom:1px solid #171775;\"> pol\u00edtica de tratamiento de datos.<\/a><\/label>\n\t<\/p>\n<\/div>\n<div style=\"display: flex; justify-content: center;\">\n\t<p><input class=\"wpcf7-form-control wpcf7-submit has-spinner\" type=\"submit\" value=\"Enviar\" \/>\n\t<\/p>\n<\/div>\n\n<p style=\"display: none !important;\" class=\"akismet-fields-container\" data-prefix=\"_wpcf7_ak_\"><label>&#916;<textarea name=\"_wpcf7_ak_hp_textarea\" cols=\"45\" rows=\"8\" maxlength=\"100\"><\/textarea><\/label><input type=\"hidden\" id=\"ak_js_1\" name=\"_wpcf7_ak_js\" value=\"50\"\/><script>document.getElementById( \"ak_js_1\" ).setAttribute( \"value\", ( new Date() ).getTime() );<\/script><\/p><div class=\"wpcf7-response-output\" aria-hidden=\"true\"><\/div>\n<\/form>\n<\/div>\n[vc_empty_space][\/vc_column][\/vc_row]<\/p>\n<\/section>","protected":false},"excerpt":{"rendered":"<p>[vc_row el_class=&#8221;cabecera&#8221; el_id=&#8221;espacioHeader&#8221;][vc_column][vc_column_text] \u00bfQUIENES SOMOS? [\/vc_column_text][\/vc_column][\/vc_row][vc_row el_id=&#8221;rowContainer&#8221;][vc_column width=&#8221;2\/3&#8243;][vc_column_text] Cl\u00ednica con mayor experiencia y tecnolog\u00eda de punta en tratamientos l\u00e1ser de piel Desde su fundaci\u00f3n hace mas de 20 a\u00f1os, la Cl\u00ednica L\u00e1ser de Piel se ha convertido en la Instituci\u00f3n M\u00e9dica con la m\u00e1s sofisticada&#8230;<\/p>\n","protected":false},"author":1,"featured_media":0,"parent":0,"menu_order":0,"comment_status":"closed","ping_status":"closed","template":"","meta":{"footnotes":""},"class_list":["post-13305","page","type-page","status-publish","hentry"],"_links":{"self":[{"href":"https:\/\/clinicalaserdepiel.com.co\/esp\/wp-json\/wp\/v2\/pages\/13305"}],"collection":[{"href":"https:\/\/clinicalaserdepiel.com.co\/esp\/wp-json\/wp\/v2\/pages"}],"about":[{"href":"https:\/\/clinicalaserdepiel.com.co\/esp\/wp-json\/wp\/v2\/types\/page"}],"author":[{"embeddable":true,"href":"https:\/\/clinicalaserdepiel.com.co\/esp\/wp-json\/wp\/v2\/users\/1"}],"replies":[{"embeddable":true,"href":"https:\/\/clinicalaserdepiel.com.co\/esp\/wp-json\/wp\/v2\/comments?post=13305"}],"version-history":[{"count":1,"href":"https:\/\/clinicalaserdepiel.com.co\/esp\/wp-json\/wp\/v2\/pages\/13305\/revisions"}],"predecessor-version":[{"id":17398,"href":"https:\/\/clinicalaserdepiel.com.co\/esp\/wp-json\/wp\/v2\/pages\/13305\/revisions\/17398"}],"wp:attachment":[{"href":"https:\/\/clinicalaserdepiel.com.co\/esp\/wp-json\/wp\/v2\/media?parent=13305"}],"curies":[{"name":"wp","href":"https:\/\/api.w.org\/{rel}","templated":true}]}}